{"id":5861,"date":"2025-01-27T04:35:25","date_gmt":"2025-01-26T21:35:25","guid":{"rendered":"https:\/\/dragonstudy.org\/chinh-sach-cookie\/"},"modified":"2025-03-02T09:49:06","modified_gmt":"2025-03-02T09:49:06","slug":"chinh-sach-cookie","status":"publish","type":"page","link":"https:\/\/dragonstudy.org\/vi\/chinh-sach-cookie\/","title":{"rendered":"Ch\u00ednh s\u00e1ch Cookie"},"content":{"rendered":"\t\t<div data-elementor-type=\"wp-page\" data-elementor-id=\"5861\" class=\"elementor elementor-5861 elementor-796\" data-elementor-post-type=\"page\">\n\t\t\t\t<div class=\"elementor-element elementor-element-04abb3b e-flex e-con-boxed e-con e-parent\" data-id=\"04abb3b\" data-element_type=\"container\" data-e-type=\"container\" data-settings=\"{&quot;background_background&quot;:&quot;classic&quot;}\">\n\t\t\t\t\t<div class=\"e-con-inner\">\n\t\t<div class=\"elementor-element elementor-element-2b9dc55 e-con-full e-flex e-con e-child\" data-id=\"2b9dc55\" data-element_type=\"container\" data-e-type=\"container\">\n\t\t\t\t<div class=\"elementor-element elementor-element-6f61d3a elementor-widget elementor-widget-heading\" data-id=\"6f61d3a\" data-element_type=\"widget\" data-e-type=\"widget\" data-widget_type=\"heading.default\">\n\t\t\t\t<div class=\"elementor-widget-container\">\n\t\t\t\t\t<p class=\"elementor-heading-title elementor-size-default\">Hi\u1ec3u v\u1ec1 vi\u1ec7c ch\u00fang t\u00f4i s\u1eed d\u1ee5ng Cookie<\/p>\t\t\t\t<\/div>\n\t\t\t\t<\/div>\n\t\t\t\t<\/div>\n\t\t\t\t\t<\/div>\n\t\t\t\t<\/div>\n\t\t<div class=\"elementor-element elementor-element-cb0df70 e-flex e-con-boxed e-con e-parent\" data-id=\"cb0df70\" data-element_type=\"container\" data-e-type=\"container\">\n\t\t\t\t\t<div class=\"e-con-inner\">\n\t\t<div class=\"elementor-element elementor-element-f0f648c e-con-full e-flex e-con e-child\" data-id=\"f0f648c\" data-element_type=\"container\" data-e-type=\"container\">\n\t\t\t\t<div class=\"elementor-element elementor-element-94ab1b5 elementor-widget elementor-widget-text-editor\" data-id=\"94ab1b5\" data-element_type=\"widget\" data-e-type=\"widget\" data-widget_type=\"text-editor.default\">\n\t\t\t\t<div class=\"elementor-widget-container\">\n\t\t\t\t\t\t\t\t\t<h2><b>Ch\u00ednh s\u00e1ch Cookie c\u1ee7a Dragon Study Tours<\/b><\/h2><p><b>Ng\u00e0y c\u00f3 hi\u1ec7u l\u1ef1c:<\/b> <span style=\"font-weight: 400;\">01 th\u00e1ng 01 n\u0103m 2025<\/span><\/p><ol><li><b>  Gi\u1edbi thi\u1ec7u<\/b><\/li><\/ol><p><span style=\"font-weight: 400;\">Dragon Study Tours (&#8220;DST&#8221;, &#8220;ch\u00fang t\u00f4i&#8221;, &#8220;c\u1ee7a ch\u00fang t\u00f4i&#8221;) v\u1eadn h\u00e0nh trang web n\u00e0y \u0111\u1ec3 cung c\u1ea5p th\u00f4ng tin v\u1ec1 c\u00e1c ch\u01b0\u01a1ng tr\u00ecnh v\u00e0 d\u1ecbch v\u1ee5 ng\u00f4n ng\u1eef c\u1ee7a ch\u00fang t\u00f4i. Ch\u00ednh s\u00e1ch Cookie n\u00e0y gi\u1ea3i th\u00edch c\u00e1ch ch\u00fang t\u00f4i s\u1eed d\u1ee5ng cookie v\u00e0 c\u00e1c c\u00f4ng ngh\u1ec7 theo d\u00f5i t\u01b0\u01a1ng t\u1ef1 tr\u00ean trang web c\u1ee7a m\u00ecnh. <\/span><\/p><p><span style=\"font-weight: 400;\">B\u1eb1ng c\u00e1ch s\u1eed d\u1ee5ng trang web c\u1ee7a ch\u00fang t\u00f4i, b\u1ea1n \u0111\u1ed3ng \u00fd v\u1edbi vi\u1ec7c s\u1eed d\u1ee5ng cookie nh\u01b0 \u0111\u01b0\u1ee3c m\u00f4 t\u1ea3 trong ch\u00ednh s\u00e1ch n\u00e0y. N\u1ebfu b\u1ea1n kh\u00f4ng \u0111\u1ed3ng \u00fd, b\u1ea1n c\u00f3 th\u1ec3 t\u1eaft cookie th\u00f4ng qua c\u00e0i \u0111\u1eb7t tr\u00ecnh duy\u1ec7t c\u1ee7a m\u00ecnh. <\/span><\/p><ol start=\"2\"><li><b>  Cookie l\u00e0 g\u00ec?<\/b><\/li><\/ol><p><span style=\"font-weight: 400;\">Cookie l\u00e0 c\u00e1c t\u1ec7p v\u0103n b\u1ea3n nh\u1ecf \u0111\u01b0\u1ee3c l\u01b0u tr\u1eef tr\u00ean thi\u1ebft b\u1ecb c\u1ee7a b\u1ea1n (m\u00e1y t\u00ednh, m\u00e1y t\u00ednh b\u1ea3ng ho\u1eb7c \u0111i\u1ec7n tho\u1ea1i di \u0111\u1ed9ng) khi b\u1ea1n truy c\u1eadp trang web. Ch\u00fang gi\u00fap c\u1ea3i thi\u1ec7n tr\u1ea3i nghi\u1ec7m ng\u01b0\u1eddi d\u00f9ng, ph\u00e2n t\u00edch hi\u1ec7u su\u1ea5t trang web v\u00e0 ghi nh\u1edb t\u00f9y ch\u1ecdn. <\/span><\/p><ol start=\"3\"><li><b>  Ch\u00fang t\u00f4i s\u1eed d\u1ee5ng Cookie nh\u01b0 th\u1ebf n\u00e0o<\/b><\/li><\/ol><p><span style=\"font-weight: 400;\">Ch\u00fang t\u00f4i s\u1eed d\u1ee5ng cookie cho c\u00e1c m\u1ee5c \u0111\u00edch sau:<\/span><\/p><ul><li style=\"font-weight: 400;\" aria-level=\"1\"><b>Cookie thi\u1ebft y\u1ebfu:<\/b><span style=\"font-weight: 400;\">  C\u1ea7n thi\u1ebft \u0111\u1ec3 trang web ho\u1ea1t \u0111\u1ed9ng b\u00ecnh th\u01b0\u1eddng. Kh\u00f4ng th\u1ec3 v\u00f4 hi\u1ec7u h\u00f3a nh\u1eefng m\u1ee5c n\u00e0y. <\/span><\/li><li style=\"font-weight: 400;\" aria-level=\"1\"><b>Cookie hi\u1ec7u su\u1ea5t v\u00e0 ph\u00e2n t\u00edch:<\/b> <span style=\"font-weight: 400;\">Gi\u00fap ch\u00fang t\u00f4i hi\u1ec3u c\u00e1ch kh\u00e1ch truy c\u1eadp t\u01b0\u01a1ng t\u00e1c v\u1edbi trang web c\u1ee7a ch\u00fang t\u00f4i \u0111\u1ec3 c\u1ea3i thi\u1ec7n ch\u1ee9c n\u0103ng c\u1ee7a trang web (v\u00ed d\u1ee5: Google Analytics).<\/span><\/li><li style=\"font-weight: 400;\" aria-level=\"1\"><b>Cookie ch\u1ee9c n\u0103ng:<\/b> <span style=\"font-weight: 400;\">Ghi nh\u1edb t\u00f9y ch\u1ecdn c\u1ee7a ng\u01b0\u1eddi d\u00f9ng, ch\u1eb3ng h\u1ea1n nh\u01b0 l\u1ef1a ch\u1ecdn ng\u00f4n ng\u1eef.<\/span><\/li><li style=\"font-weight: 400;\" aria-level=\"1\"><b>Cookie qu\u1ea3ng c\u00e1o:<\/b> <span style=\"font-weight: 400;\">\u0110\u01b0\u1ee3c s\u1eed d\u1ee5ng \u0111\u1ec3 ph\u00e2n ph\u1ed1i c\u00e1c qu\u1ea3ng c\u00e1o c\u00f3 li\u00ean quan, n\u1ebfu c\u00f3.<\/span><\/li><\/ul><ol start=\"4\"><li><b>  Cookie c\u1ee7a b\u00ean th\u1ee9 ba<\/b><\/li><\/ol><p><span style=\"font-weight: 400;\">Ch\u00fang t\u00f4i c\u00f3 th\u1ec3 s\u1eed d\u1ee5ng c\u00e1c d\u1ecbch v\u1ee5 c\u1ee7a b\u00ean th\u1ee9 ba (nh\u01b0 Google Analytics ho\u1eb7c plugin ph\u01b0\u01a1ng ti\u1ec7n truy\u1ec1n th\u00f4ng x\u00e3 h\u1ed9i) \u0111\u1ec3 \u0111\u1eb7t cookie tr\u00ean trang web c\u1ee7a ch\u00fang t\u00f4i. C\u00e1c b\u00ean th\u1ee9 ba n\u00e0y c\u00f3 ch\u00ednh s\u00e1ch cookie ri\u00eang c\u1ee7a h\u1ecd v\u00e0 ch\u00fang t\u00f4i khuy\u00ean b\u1ea1n n\u00ean xem l\u1ea1i ch\u00ednh s\u00e1ch c\u1ee7a h\u1ecd \u0111\u1ec3 bi\u1ebft th\u00eam th\u00f4ng tin. <\/span><\/p><ol start=\"5\"><li><b>  Qu\u1ea3n l\u00fd Cookie<\/b><\/li><\/ol><p><span style=\"font-weight: 400;\">B\u1ea1n c\u00f3 th\u1ec3 qu\u1ea3n l\u00fd ho\u1eb7c v\u00f4 hi\u1ec7u h\u00f3a cookie th\u00f4ng qua c\u00e0i \u0111\u1eb7t tr\u00ecnh duy\u1ec7t c\u1ee7a m\u00ecnh. Xin l\u01b0u \u00fd r\u1eb1ng vi\u1ec7c v\u00f4 hi\u1ec7u h\u00f3a m\u1ed9t s\u1ed1 cookie c\u00f3 th\u1ec3 \u1ea3nh h\u01b0\u1edfng \u0111\u1ebfn ch\u1ee9c n\u0103ng c\u1ee7a trang web. <\/span><\/p><p><span style=\"font-weight: 400;\">\u0110\u1ec3 \u0111i\u1ec1u ch\u1ec9nh c\u00e0i \u0111\u1eb7t cookie, h\u00e3y l\u00e0m theo h\u01b0\u1edbng d\u1eabn cho tr\u00ecnh duy\u1ec7t c\u1ee5 th\u1ec3 c\u1ee7a b\u1ea1n:<\/span><\/p><ul><li style=\"font-weight: 400;\" aria-level=\"1\"><b>Google Chrome:<\/b> <span style=\"font-weight: 400;\">Qu\u1ea3n l\u00fd cookie<\/span><\/li><li style=\"font-weight: 400;\" aria-level=\"1\"><b>Tr\u00ecnh duy\u1ec7t Mozilla Firefox:<\/b><span style=\"font-weight: 400;\"> <\/span><a href=\"https:\/\/support.mozilla.org\/en-US\/kb\/enhanced-tracking-protection-firefox-desktop\" target=\"_blank\" rel=\"noopener\"><span style=\"font-weight: 400;\">Qu\u1ea3n l\u00fd cookie<\/span><\/a><\/li><li style=\"font-weight: 400;\" aria-level=\"1\"><b>Cu\u1ed9c \u0111i s\u0103n:<\/b><span style=\"font-weight: 400;\"> <\/span><a href=\"https:\/\/support.apple.com\/en-gb\/guide\/safari\/sfri11471\/mac\" target=\"_blank\" rel=\"noopener\"><span style=\"font-weight: 400;\">Qu\u1ea3n l\u00fd cookie<\/span><\/a><\/li><li style=\"font-weight: 400;\" aria-level=\"1\"><b>Microsoft Edge:<\/b><span style=\"font-weight: 400;\"> <\/span><a href=\"https:\/\/support.microsoft.com\/en-us\/microsoft-edge\/view-cookies-in-microsoft-edge-63947406-40ac-c3b8-57b9-2a946a29ae09\" target=\"_blank\" rel=\"noopener\"><span style=\"font-weight: 400;\">Qu\u1ea3n l\u00fd cookie<\/span><\/a><\/li><\/ul><ol start=\"6\"><li><b>  Nh\u1eefng thay \u0111\u1ed5i \u0111\u1ed1i v\u1edbi Ch\u00ednh s\u00e1ch n\u00e0y<\/b><\/li><\/ol><p><span style=\"font-weight: 400;\">Ch\u00fang t\u00f4i c\u00f3 th\u1ec3 c\u1eadp nh\u1eadt Ch\u00ednh s\u00e1ch Cookie n\u00e0y theo th\u1eddi gian. B\u1ea5t k\u1ef3 thay \u0111\u1ed5i n\u00e0o s\u1ebd \u0111\u01b0\u1ee3c \u0111\u0103ng tr\u00ean trang n\u00e0y v\u1edbi ng\u00e0y c\u00f3 hi\u1ec7u l\u1ef1c \u0111\u01b0\u1ee3c c\u1eadp nh\u1eadt. <\/span><\/p><ol start=\"7\"><li><b>  Li\u00ean h\u1ec7 v\u1edbi ch\u00fang t\u00f4i<\/b><\/li><\/ol><p><span style=\"font-weight: 400;\">N\u1ebfu b\u1ea1n c\u00f3 b\u1ea5t k\u1ef3 c\u00e2u h\u1ecfi n\u00e0o v\u1ec1 Ch\u00ednh s\u00e1ch Cookie n\u00e0y, vui l\u00f2ng li\u00ean h\u1ec7 v\u1edbi ch\u00fang t\u00f4i:<\/span><\/p><p><b>Chuy\u1ebfn tham quan nghi\u00ean c\u1ee9u r\u1ed3ng<\/b><span style=\"font-weight: 400;\"><br><\/span> <span style=\"font-weight: 400;\">C\u00f4ng ty TNHH Trung t\u00e2m ngo\u1ea1i ng\u1eef qu\u1ed1c t\u1ebf<\/span><span style=\"font-weight: 400;\"><br><\/span> <span style=\"font-weight: 400;\">The Palm, 20\/48 Soi Hua Hin 97, \u0110\u01b0\u1eddng Petchkasem, Hua Hin, Prachuap Khiri Khan 77110, Th\u00e1i Lan<\/span><span style=\"font-weight: 400;\"><br><\/span> <b>Email:<\/b> <span style=\"font-weight: 400;\">info@dragonstudy.org<\/span><span style=\"font-weight: 400;\"><br><\/span> <b>\u0110i\u1ec7n tho\u1ea1i:<\/b> <span style=\"font-weight: 400;\">+66 98-936-6978<\/span><\/p>\t\t\t\t\t\t\t\t<\/div>\n\t\t\t\t<\/div>\n\t\t\t\t<\/div>\n\t\t\t\t\t<\/div>\n\t\t\t\t<\/div>\n\t\t\t\t<\/div>\n\t\t","protected":false},"excerpt":{"rendered":"<p>Hi\u1ec3u v\u1ec1 vi\u1ec7c ch\u00fang t\u00f4i s\u1eed d\u1ee5ng Cookie Ch\u00ednh s\u00e1ch Cookie c\u1ee7a Dragon Study Tours Ng\u00e0y c\u00f3 hi\u1ec7u l\u1ef1c: 01 [&hellip;]<\/p>\n","protected":false},"author":2,"featured_media":0,"parent":0,"menu_order":0,"comment_status":"closed","ping_status":"closed","template":"","meta":{"_acf_changed":false,"site-sidebar-layout":"no-sidebar","site-content-layout":"","ast-site-content-layout":"full-width-container","site-content-style":"default","site-sidebar-style":"default","ast-global-header-display":"","ast-banner-title-visibility":"","ast-main-header-display":"","ast-hfb-above-header-display":"","ast-hfb-below-header-display":"","ast-hfb-mobile-header-display":"","site-post-title":"disabled","ast-breadcrumbs-content":"","ast-featured-img":"disabled","footer-sml-layout":"","ast-disable-related-posts":"","theme-transparent-header-meta":"default","adv-header-id-meta":"","stick-header-meta":"","header-above-stick-meta":"","header-main-stick-meta":"","header-below-stick-meta":"","astra-migrate-meta-layouts":"default","ast-page-background-enabled":"default","ast-page-background-meta":{"desktop":{"background-color":"var(--ast-global-color-5)","background-image":"","background-repeat":"repeat","background-position":"center center","background-size":"auto","background-attachment":"scroll","background-type":"","background-media":"","overlay-type":"","overlay-color":"","overlay-opacity":"","overlay-gradient":""},"tablet":{"background-color":"","background-image":"","background-repeat":"repeat","background-position":"center center","background-size":"auto","background-attachment":"scroll","background-type":"","background-media":"","overlay-type":"","overlay-color":"","overlay-opacity":"","overlay-gradient":""},"mobile":{"background-color":"","background-image":"","background-repeat":"repeat","background-position":"center center","background-size":"auto","background-attachment":"scroll","background-type":"","background-media":"","overlay-type":"","overlay-color":"","overlay-opacity":"","overlay-gradient":""}},"ast-content-background-meta":{"desktop":{"background-color":"var(--ast-global-color-4)","background-image":"","background-repeat":"repeat","background-position":"center center","background-size":"auto","background-attachment":"scroll","background-type":"","background-media":"","overlay-type":"","overlay-color":"","overlay-opacity":"","overlay-gradient":""},"tablet":{"background-color":"var(--ast-global-color-4)","background-image":"","background-repeat":"repeat","background-position":"center center","background-size":"auto","background-attachment":"scroll","background-type":"","background-media":"","overlay-type":"","overlay-color":"","overlay-opacity":"","overlay-gradient":""},"mobile":{"background-color":"var(--ast-global-color-4)","background-image":"","background-repeat":"repeat","background-position":"center center","background-size":"auto","background-attachment":"scroll","background-type":"","background-media":"","overlay-type":"","overlay-color":"","overlay-opacity":"","overlay-gradient":""}},"footnotes":""},"class_list":["post-5861","page","type-page","status-publish","hentry"],"acf":[],"_links":{"self":[{"href":"https:\/\/dragonstudy.org\/vi\/wp-json\/wp\/v2\/pages\/5861","targetHints":{"allow":["GET"]}}],"collection":[{"href":"https:\/\/dragonstudy.org\/vi\/wp-json\/wp\/v2\/pages"}],"about":[{"href":"https:\/\/dragonstudy.org\/vi\/wp-json\/wp\/v2\/types\/page"}],"author":[{"embeddable":true,"href":"https:\/\/dragonstudy.org\/vi\/wp-json\/wp\/v2\/users\/2"}],"replies":[{"embeddable":true,"href":"https:\/\/dragonstudy.org\/vi\/wp-json\/wp\/v2\/comments?post=5861"}],"version-history":[{"count":1,"href":"https:\/\/dragonstudy.org\/vi\/wp-json\/wp\/v2\/pages\/5861\/revisions"}],"predecessor-version":[{"id":5866,"href":"https:\/\/dragonstudy.org\/vi\/wp-json\/wp\/v2\/pages\/5861\/revisions\/5866"}],"wp:attachment":[{"href":"https:\/\/dragonstudy.org\/vi\/wp-json\/wp\/v2\/media?parent=5861"}],"curies":[{"name":"wp","href":"https:\/\/api.w.org\/{rel}","templated":true}]}}