{"id":5859,"date":"2025-01-27T04:30:32","date_gmt":"2025-01-26T21:30:32","guid":{"rendered":"https:\/\/dragonstudy.org\/dieu-khoan-va-dieu-kien\/"},"modified":"2025-03-22T01:05:29","modified_gmt":"2025-03-22T01:05:29","slug":"dieu-khoan-va-dieu-kien","status":"publish","type":"page","link":"https:\/\/dragonstudy.org\/vi\/dieu-khoan-va-dieu-kien\/","title":{"rendered":"\u0110i\u1ec1u kho\u1ea3n v\u00e0 \u0111i\u1ec1u ki\u1ec7n"},"content":{"rendered":"\t\t<div data-elementor-type=\"wp-page\" data-elementor-id=\"5859\" class=\"elementor elementor-5859 elementor-783\" data-elementor-post-type=\"page\">\n\t\t\t\t<div class=\"elementor-element elementor-element-f3e0060 e-flex e-con-boxed e-con e-parent\" data-id=\"f3e0060\" data-element_type=\"container\" data-e-type=\"container\" data-settings=\"{&quot;background_background&quot;:&quot;classic&quot;}\">\n\t\t\t\t\t<div class=\"e-con-inner\">\n\t\t<div class=\"elementor-element elementor-element-8ac2037 e-con-full e-flex e-con e-child\" data-id=\"8ac2037\" data-element_type=\"container\" data-e-type=\"container\">\n\t\t\t\t<div class=\"elementor-element elementor-element-5c61f9f elementor-icon-list--layout-inline elementor-align-center elementor-list-item-link-full_width elementor-widget elementor-widget-icon-list\" data-id=\"5c61f9f\" data-element_type=\"widget\" data-e-type=\"widget\" data-widget_type=\"icon-list.default\">\n\t\t\t\t<div class=\"elementor-widget-container\">\n\t\t\t\t\t\t\t<ul class=\"elementor-icon-list-items elementor-inline-items\">\n\t\t\t\t\t\t\t<li class=\"elementor-icon-list-item elementor-inline-item\">\n\t\t\t\t\t\t\t\t\t\t\t<a href=\"https:\/\/dragonstudy.org\/vi\/\">\n\n\t\t\t\t\t\t\t\t\t\t\t<span class=\"elementor-icon-list-text\">Trang ch\u1ee7<\/span>\n\t\t\t\t\t\t\t\t\t\t\t<\/a>\n\t\t\t\t\t\t\t\t\t<\/li>\n\t\t\t\t\t\t\t\t<li class=\"elementor-icon-list-item elementor-inline-item\">\n\t\t\t\t\t\t\t\t\t\t<span class=\"elementor-icon-list-text\">\/<\/span>\n\t\t\t\t\t\t\t\t\t<\/li>\n\t\t\t\t\t\t\t\t<li class=\"elementor-icon-list-item elementor-inline-item\">\n\t\t\t\t\t\t\t\t\t\t<span class=\"elementor-icon-list-text\">\u0110i\u1ec1u kho\u1ea3n v\u00e0 \u0111i\u1ec1u ki\u1ec7n<\/span>\n\t\t\t\t\t\t\t\t\t<\/li>\n\t\t\t\t\t\t<\/ul>\n\t\t\t\t\t\t<\/div>\n\t\t\t\t<\/div>\n\t\t\t\t<div class=\"elementor-element elementor-element-54a5e3d elementor-hidden-desktop elementor-hidden-laptop elementor-hidden-tablet elementor-hidden-mobile elementor-widget elementor-widget-heading\" data-id=\"54a5e3d\" data-element_type=\"widget\" data-e-type=\"widget\" data-widget_type=\"heading.default\">\n\t\t\t\t<div class=\"elementor-widget-container\">\n\t\t\t\t\t<p class=\"elementor-heading-title elementor-size-default\">Truy\u1ec1n c\u1ea3m h\u1ee9ng cho tr\u00ed tu\u1ec7 tr\u1ebb th\u01a1 th\u00f4ng qua ng\u00f4n ng\u1eef v\u00e0 v\u0103n h\u00f3a<\/p>\t\t\t\t<\/div>\n\t\t\t\t<\/div>\n\t\t\t\t<\/div>\n\t\t\t\t\t<\/div>\n\t\t\t\t<\/div>\n\t\t<div class=\"elementor-element elementor-element-1f9ef35 e-flex e-con-boxed e-con e-parent\" data-id=\"1f9ef35\" data-element_type=\"container\" data-e-type=\"container\">\n\t\t\t\t\t<div class=\"e-con-inner\">\n\t\t<div class=\"elementor-element elementor-element-605e50d e-con-full e-flex e-con e-child\" data-id=\"605e50d\" data-element_type=\"container\" data-e-type=\"container\">\n\t\t\t\t<div class=\"elementor-element elementor-element-34fba39 elementor-widget elementor-widget-text-editor\" data-id=\"34fba39\" data-element_type=\"widget\" data-e-type=\"widget\" data-widget_type=\"text-editor.default\">\n\t\t\t\t<div class=\"elementor-widget-container\">\n\t\t\t\t\t\t\t\t\t<h2><b>\u0110I\u1ec0U KHO\u1ea2N V\u00c0 \u0110I\u1ec0U KI\u1ec6N C\u1ee6A DRAGON STUDY TOURS<\/b><\/h2>\n<p><span style=\"font-weight: 400;\">M\u1ed9t c\u00f4ng ty ho\u1ea1t \u0111\u1ed9ng t\u1ea1i V\u01b0\u01a1ng qu\u1ed1c Th\u00e1i Lan d\u01b0\u1edbi s\u1ef1 b\u1ea3o tr\u1ee3 c\u1ee7a Trung t\u00e2m Ng\u00f4n ng\u1eef Qu\u1ed1c t\u1ebf v\u00e0 t\u00ean giao d\u1ecbch l\u00e0 Dragon Study Tours.<\/span><\/p>\n<ol>\n<li><b> \u0110\u1ecaNH NGH\u0128A<\/b><\/li>\n<\/ol>\n<p><b>C\u00f4ng ty<\/b> <span style=\"font-weight: 400;\">l\u00e0 Dragon Study Tours, ho\u1ea1t \u0111\u1ed9ng theo C\u00f4ng ty TNHH Trung t\u00e2m Ng\u00f4n ng\u1eef Qu\u1ed1c t\u1ebf t\u1ea1i Th\u00e1i Lan.<\/span><\/p>\n<p><b>Kh\u00e1ch h\u00e0ng<\/b> <span style=\"font-weight: 400;\">l\u00e0 c\u00e1 nh\u00e2n, tr\u01b0\u1eddng h\u1ecdc ho\u1eb7c \u0111\u1ea1i l\u00fd \u0111\u1eb7t ch\u01b0\u01a1ng tr\u00ecnh nh\u00f3m.<\/span><\/p>\n<p><b>Ng\u01b0\u1eddi tham gia<\/b> <span style=\"font-weight: 400;\">l\u00e0 b\u1ea5t k\u1ef3 h\u1ecdc vi\u00ean n\u00e0o \u0111\u0103ng k\u00fd kh\u00f3a h\u1ecdc c\u1ee7a Dragon Study Tours.<\/span><\/p>\n<p><b>Kh\u00f3a h\u1ecdc<\/b> <span style=\"font-weight: 400;\">\u0111\u1ec1 c\u1eadp \u0111\u1ebfn b\u1ea5t k\u1ef3 ch\u01b0\u01a1ng tr\u00ecnh gi\u00e1o d\u1ee5c n\u00e0o \u0111\u01b0\u1ee3c cung c\u1ea5p b\u1edfi Dragon Study Tours.<\/span><\/p>\n<p><b>Ch\u1ed7 \u1edf<\/b> <span style=\"font-weight: 400;\">l\u00e0 The Palm, n\u01a1i \u1edf ch\u00ednh th\u1ee9c c\u1ee7a nh\u1eefng ng\u01b0\u1eddi tham gia Dragon Study Tours.<\/span><\/p>\n<p><b>Th\u1ecfa thu\u1eadn<\/b> <span style=\"font-weight: 400;\">\u0111\u1ec1 c\u1eadp \u0111\u1ebfn h\u1ee3p \u0111\u1ed3ng r\u00e0ng bu\u1ed9c v\u1ec1 m\u1eb7t ph\u00e1p l\u00fd gi\u1eefa Dragon Study Tours v\u00e0 Kh\u00e1ch h\u00e0ng.<\/span><\/p>\n<p><b>Ph\u00ed ch\u01b0\u01a1ng tr\u00ecnh<\/b> <span style=\"font-weight: 400;\">l\u00e0 t\u1ed5ng s\u1ed1 ti\u1ec1n ph\u1ea3i tr\u1ea3 cho h\u1ecdc ph\u00ed, ch\u1ed7 \u1edf, b\u1eefa \u0103n, ho\u1ea1t \u0111\u1ed9ng, chuy\u1ebfn tham quan v\u00e0 t\u00e0i li\u1ec7u kh\u00f3a h\u1ecdc.<\/span><\/p>\n<ol start=\"2\">\n<li><b> \u0110\u1eb6T CH\u1ed6<\/b><\/li>\n<\/ol>\n<p><b>2.1 \u0110i\u1ec1u ki\u1ec7n \u0111\u1ee7<\/b><\/p>\n<p><span style=\"font-weight: 400;\">Dragon Study Tours ch\u1ec9 \u0111i\u1ec1u h\u00e0nh c\u00e1c ch\u01b0\u01a1ng tr\u00ecnh nh\u00f3m ri\u00eang. Quy m\u00f4 nh\u00f3m t\u1ed1i thi\u1ec3u l\u00e0 <\/span><b>15 ng\u01b0\u1eddi tham gia<\/b><span style=\"font-weight: 400;\">. Kh\u00f4ng ch\u1ea5p nh\u1eadn \u0111\u0103ng k\u00fd c\u00e1 nh\u00e2n. Ng\u01b0\u1eddi tham gia ph\u1ea3i \u0111\u1ee7 tu\u1ed5i <\/span><b>7\u201317 tu\u1ed5i<\/b> <span style=\"font-weight: 400;\">khi b\u1eaft \u0111\u1ea7u kh\u00f3a h\u1ecdc.<\/span><\/p>\n<p><b>2.2 Quy tr\u00ecnh \u0111\u1eb7t ch\u1ed7<\/b><\/p>\n<p><span style=\"font-weight: 400;\">M\u1ecdi \u0111\u1eb7t ch\u1ed7 ph\u1ea3i \u0111\u01b0\u1ee3c th\u1ef1c hi\u1ec7n th\u00f4ng qua m\u1ed9t tr\u01b0\u1eddng h\u1ecdc ho\u1eb7c \u0111\u1ea1i l\u00fd \u0111\u01b0\u1ee3c c\u00f4ng nh\u1eadn. Tr\u01b0\u1eddng h\u1ecdc ho\u1eb7c \u0111\u1ea1i l\u00fd ph\u1ea3i cung c\u1ea5p: <\/span><\/p>\n<ul>\n<li style=\"font-weight: 400;\" aria-level=\"1\"><span style=\"font-weight: 400;\">Danh s\u00e1ch ng\u01b0\u1eddi tham gia<\/span><\/li>\n<li style=\"font-weight: 400;\" aria-level=\"1\"><span style=\"font-weight: 400;\">Th\u00f4ng tin y t\u1ebf v\u00e0 ch\u1ebf \u0111\u1ed9 \u0103n u\u1ed1ng<\/span><\/li>\n<li style=\"font-weight: 400;\" aria-level=\"1\"><span style=\"font-weight: 400;\">Chi ti\u1ebft li\u00ean l\u1ea1c kh\u1ea9n c\u1ea5p<\/span><\/li>\n<\/ul>\n<p><b>2.3 X\u00e1c nh\u1eadn &amp; G\u1eedi ti\u1ec1n<\/b><\/p>\n<p><b>Ti\u1ec1n \u0111\u1eb7t c\u1ecdc kh\u00f4ng ho\u00e0n l\u1ea1i 25<\/b> <span style=\"font-weight: 400;\">%<\/span><span style=\"font-weight: 400;\"> \u0111\u01b0\u1ee3c y\u00eau c\u1ea7u \u0111\u1ec3 x\u00e1c nh\u1eadn \u0111\u1eb7t ph\u00f2ng. S\u1ed1 d\u01b0 ph\u1ea3i \u0111\u01b0\u1ee3c thanh to\u00e1n \u0111\u1ea7y \u0111\u1ee7 <\/span><b>30 ng\u00e0y tr\u01b0\u1edbc khi \u0111\u1ebfn<\/b> <span style=\"font-weight: 400;\">.<\/span><\/p>\n<ol start=\"3\">\n<li><b> \u0110I\u1ec0U KHO\u1ea2N THANH TO\u00c1N<\/b><\/li>\n<\/ol>\n<p><b>3.1 Ph\u01b0\u01a1ng th\u1ee9c thanh to\u00e1n<\/b><\/p>\n<p><span style=\"font-weight: 400;\">Ch\u1ec9 chuy\u1ec3n kho\u1ea3n ng\u00e2n h\u00e0ng \u2013 Dragon Study Tours kh\u00f4ng ch\u1ea5p nh\u1eadn th\u1ebb t\u00edn d\u1ee5ng ho\u1eb7c n\u1ec1n t\u1ea3ng thanh to\u00e1n k\u1ef9 thu\u1eadt s\u1ed1. M\u1ecdi kho\u1ea3n ph\u00ed ng\u00e2n h\u00e0ng ph\u1ea3i do ng\u01b0\u1eddi thanh to\u00e1n chi tr\u1ea3. <\/span><\/p>\n<p><b>3.2 Thanh to\u00e1n tr\u1ec5<\/b><\/p>\n<p><span style=\"font-weight: 400;\">Kh\u00f4ng thanh to\u00e1n s\u1ed1 d\u01b0 \u0111\u00fang h\u1ea1n c\u00f3 th\u1ec3 d\u1eabn \u0111\u1ebfn vi\u1ec7c h\u1ee7y \u0111\u1eb7t ph\u00f2ng m\u00e0 kh\u00f4ng \u0111\u01b0\u1ee3c ho\u00e0n l\u1ea1i ti\u1ec1n.<\/span><\/p>\n<ol start=\"4\">\n<li><b> H\u1ee6Y B\u1ece &amp; HO\u00c0N TI\u1ec0N<\/b><\/li>\n<\/ol>\n<p><b>4.1 H\u1ee7y b\u1ecf b\u1edfi Kh\u00e1ch h\u00e0ng<\/b><\/p>\n<table>\n<thead>\n<tr>\n<th>\n<p><b>Th\u1eddi gian h\u1ee7y b\u1ecf<\/b><\/p>\n<\/th>\n<th>\n<p><b>S\u1ed1 ti\u1ec1n ho\u00e0n l\u1ea1i<\/b><\/p>\n<\/th>\n<\/tr>\n<\/thead>\n<tbody>\n<tr>\n<td>\n<p><span style=\"font-weight: 400;\">H\u01a1n 30 ng\u00e0y tr\u01b0\u1edbc khi \u0111\u1ebfn<\/span><\/p>\n<\/td>\n<td>\n<p><span style=\"font-weight: 400;\">Ho\u00e0n l\u1ea1i 50% t\u1ed5ng h\u1ecdc ph\u00ed ch\u01b0\u01a1ng tr\u00ecnh (kh\u00f4ng bao g\u1ed3m ti\u1ec1n \u0111\u1eb7t c\u1ecdc)<\/span><\/p>\n<\/td>\n<\/tr>\n<tr>\n<td>\n<p><span style=\"font-weight: 400;\">\u00cdt h\u01a1n 30 ng\u00e0y tr\u01b0\u1edbc khi \u0111\u1ebfn<\/span><\/p>\n<\/td>\n<td>\n<p><span style=\"font-weight: 400;\">Kh\u00f4ng ho\u00e0n l\u1ea1i ti\u1ec1n<\/span><\/p>\n<\/td>\n<\/tr>\n<\/tbody>\n<\/table>\n<p><span style=\"font-weight: 400;\">Ti\u1ec1n<\/span> <b>\u0111\u1eb7t c\u1ecdc 25%<\/b> <span style=\"font-weight: 400;\">(bao g\u1ed3m c\u1ea3 ph\u00ed h\u00e0nh ch\u00ednh)<\/span> <b>kh\u00f4ng \u0111\u01b0\u1ee3c ho\u00e0n l\u1ea1i<\/b><span style=\"font-weight: 400;\"> trong m\u1ecdi tr\u01b0\u1eddng h\u1ee3p. Vi\u1ec7c ho\u00e0n ti\u1ec1n (n\u1ebfu c\u00f3) s\u1ebd \u0111\u01b0\u1ee3c x\u1eed l\u00fd th\u00f4ng qua <\/span><b>ch\u1ec9 chuy\u1ec3n kho\u1ea3n ng\u00e2n h\u00e0ng<\/b> <span style=\"font-weight: 400;\">.<\/span><\/p>\n<p><b>4.2 T\u1eeb ch\u1ed1i c\u1ea5p th\u1ecb th\u1ef1c<\/b><\/p>\n<p><span style=\"font-weight: 400;\">N\u1ebfu th\u1ecb th\u1ef1c b\u1ecb t\u1eeb ch\u1ed1i, tr\u01b0\u1eddng h\u1ecdc ho\u1eb7c \u0111\u1ea1i l\u00fd ph\u1ea3i n\u1ed9p b\u1eb1ng ch\u1ee9ng ch\u00ednh th\u1ee9c b\u1eb1ng v\u0103n b\u1ea3n \u00edt nh\u1ea5t<\/span> <b>10 ng\u00e0y tr\u01b0\u1edbc khi \u0111\u1ebfn<\/b><span style=\"font-weight: 400;\"> \u0111\u01b0\u1ee3c xem x\u00e9t ho\u00e0n l\u1ea1i ti\u1ec1n. N\u1ebfu vi\u1ec7c t\u1eeb ch\u1ed1i th\u1ecb th\u1ef1c l\u00e0 do l\u1ed7i c\u1ee7a Kh\u00e1ch h\u00e0ng, s\u1ebd kh\u00f4ng \u0111\u01b0\u1ee3c ho\u00e0n l\u1ea1i ti\u1ec1n. <\/span><\/p>\n<p><b>4.3 H\u1ee7y b\u1ecf b\u1edfi Dragon Study Tours<\/b><\/p>\n<p><span style=\"font-weight: 400;\">N\u1ebfu kh\u00f3a h\u1ecdc b\u1ecb h\u1ee7y do nh\u1eefng tr\u01b0\u1eddng h\u1ee3p b\u1ea5t kh\u1ea3 kh\u00e1ng, ch\u00fang t\u00f4i<\/span> <span style=\"font-weight: 400;\">s\u1ebd<\/span> <b>ho\u00e0n l\u1ea1i to\u00e0n b\u1ed9 ti\u1ec1n ho\u1eb7c cung c\u1ea5p ch\u01b0\u01a1ng tr\u00ecnh thay th\u1ebf<\/b> .<\/p>\n<ol start=\"5\">\n<li><b> QUY T\u1eaeC \u1ee8NG X\u1eec C\u1ee6A NG\u01af\u1edcI THAM GIA<\/b><\/li>\n<\/ol>\n<p><b>5.1 K\u1ef3 v\u1ecdng v\u1ec1 h\u00e0nh vi<\/b><\/p>\n<p><span style=\"font-weight: 400;\">Ng\u01b0\u1eddi tham gia ph\u1ea3i:<\/span><\/p>\n<ul>\n<li style=\"font-weight: 400;\" aria-level=\"1\"><span style=\"font-weight: 400;\">Tu\u00e2n th\u1ee7 m\u1ecdi quy \u0111\u1ecbnh c\u1ee7a ch\u01b0\u01a1ng tr\u00ecnh v\u00e0 t\u00f4n tr\u1ecdng nh\u00e2n vi\u00ean c\u0169ng nh\u01b0 sinh vi\u00ean kh\u00e1c.<\/span><\/li>\n<li style=\"font-weight: 400;\" aria-level=\"1\"><span style=\"font-weight: 400;\">Tham gia t\u1ea5t c\u1ea3 c\u00e1c b\u00e0i h\u1ecdc v\u00e0 ho\u1ea1t \u0111\u1ed9ng \u0111\u00fang gi\u1edd.<\/span><\/li>\n<li style=\"font-weight: 400;\" aria-level=\"1\"><span style=\"font-weight: 400;\">Tu\u00e2n th\u1ee7 ch\u00ednh s\u00e1ch v\u1ec1 \u0111i\u1ec7n tho\u1ea1i di \u0111\u1ed9ng (thu th\u1eadp \u0111i\u1ec7n tho\u1ea1i trong gi\u1edd h\u1ecdc, tr\u1ea3 l\u1ea1i sau gi\u1edd h\u1ecdc).<\/span><\/li>\n<li style=\"font-weight: 400;\" aria-level=\"1\"><span style=\"font-weight: 400;\">M\u1eb7c \u00e1o polo c\u1ee7a Dragon Study Tours trong m\u1ecdi ho\u1ea1t \u0111\u1ed9ng ch\u00ednh th\u1ee9c.<\/span><\/li>\n<\/ul>\n<p><b>5.2 H\u00e0nh vi b\u1ecb c\u1ea5m<\/b><\/p>\n<p><span style=\"font-weight: 400;\">Nh\u1eefng \u0111i\u1ec1u sau \u0111\u00e2y b\u1ecb nghi\u00eam c\u1ea5m:<\/span><\/p>\n<ul>\n<li style=\"font-weight: 400;\" aria-level=\"1\"><span style=\"font-weight: 400;\">R\u01b0\u1ee3u, thu\u1ed1c l\u00e1, ma t\u00fay ho\u1eb7c c\u00e1c ch\u1ea5t b\u1ea5t h\u1ee3p ph\u00e1p.<\/span><\/li>\n<li style=\"font-weight: 400;\" aria-level=\"1\"><span style=\"font-weight: 400;\">R\u1eddi kh\u1ecfi The Palm ho\u1eb7c c\u00e1c chuy\u1ebfn tham quan m\u00e0 kh\u00f4ng \u0111\u01b0\u1ee3c ph\u00e9p.<\/span><\/li>\n<li style=\"font-weight: 400;\" aria-level=\"1\"><span style=\"font-weight: 400;\">H\u00e0nh vi ph\u00e1 ho\u1ea1i ho\u1eb7c hung h\u0103ng (bao g\u1ed3m b\u1ea1o l\u1ef1c, b\u1eaft n\u1ea1t ho\u1eb7c qu\u1ea5y r\u1ed1i).<\/span><\/li>\n<li style=\"font-weight: 400;\" aria-level=\"1\"><span style=\"font-weight: 400;\">S\u1edf h\u1eefu c\u00e1c v\u1eadt ph\u1ea9m ho\u1eb7c v\u0169 kh\u00ed nguy hi\u1ec3m.<\/span><\/li>\n<\/ul>\n<p><b>5.3 H\u00e0nh \u0111\u1ed9ng k\u1ef7 lu\u1eadt<\/b><\/p>\n<ul>\n<li style=\"font-weight: 400;\" aria-level=\"1\"><b>Vi ph\u1ea1m l\u1ea7n \u0111\u1ea7u:<\/b> <span style=\"font-weight: 400;\">C\u1ea3nh c\u00e1o b\u1eb1ng l\u1eddi n\u00f3i v\u00e0 th\u00f4ng b\u00e1o cho tr\u01b0\u1edfng nh\u00f3m.<\/span><\/li>\n<li style=\"font-weight: 400;\" aria-level=\"1\"><b>L\u1ea7n vi ph\u1ea1m th\u1ee9 hai:<\/b> <span style=\"font-weight: 400;\">C\u1ea3nh c\u00e1o ch\u00ednh th\u1ee9c b\u1eb1ng v\u0103n b\u1ea3n v\u00e0 th\u00f4ng b\u00e1o cho Ph\u1ee5 huynh\/Ng\u01b0\u1eddi gi\u00e1m h\u1ed9.<\/span><\/li>\n<li style=\"font-weight: 400;\" aria-level=\"1\"><b>Vi ph\u1ea1m nghi\u00eam tr\u1ecdng:<\/b> <span style=\"font-weight: 400;\">B\u1ecb \u0111u\u1ed5i kh\u1ecfi ch\u01b0\u01a1ng tr\u00ecnh ngay l\u1eadp t\u1ee9c.<\/span><\/li>\n<\/ul>\n<p><b>5.4 Tan h\u1ecdc &amp; R\u1eddi tr\u01b0\u1eddng s\u1edbm<\/b><\/p>\n<p><span style=\"font-weight: 400;\">N\u1ebfu Ng\u01b0\u1eddi tham gia b\u1ecb \u0111u\u1ed5i h\u1ecdc, Ph\u1ee5 huynh\/Ng\u01b0\u1eddi gi\u00e1m h\u1ed9 ph\u1ea3i ch\u1ecbu to\u00e0n b\u1ed9 tr\u00e1ch nhi\u1ec7m s\u1eafp x\u1ebfp v\u00e0 thanh to\u00e1n chi ph\u00ed \u0111i l\u1ea1i v\u1ec1 c\u1ee7a h\u1ecd. S\u1ebd kh\u00f4ng ho\u00e0n l\u1ea1i ti\u1ec1n trong tr\u01b0\u1eddng h\u1ee3p Ng\u01b0\u1eddi tham gia b\u1ecb \u0111u\u1ed5i h\u1ecdc. <\/span><\/p>\n<ol start=\"6\">\n<li><b> CH\u1ed6 \u1ede &amp; \u0102N U\u1ed0NG<\/b><\/li>\n<\/ol>\n<p><b>6.1 Ch\u1ed7 ngh\u1ec9 t\u1ea1i The Palm<\/b><\/p>\n<ul>\n<li style=\"font-weight: 400;\" aria-level=\"1\"><span style=\"font-weight: 400;\">Ph\u00f2ng c\u00f3 th\u1ec3 ch\u1ee9a ba, b\u1ed1n ho\u1eb7c n\u0103m ng\u01b0\u1eddi.<\/span><\/li>\n<li style=\"font-weight: 400;\" aria-level=\"1\"><span style=\"font-weight: 400;\">Kh\u00f4ng c\u00f3 ph\u00f2ng \u0111\u01a1n n\u00e0o c\u00f3 s\u1eb5n.<\/span><\/li>\n<li style=\"font-weight: 400;\" aria-level=\"1\"><span style=\"font-weight: 400;\">Wi-Fi s\u1ebd t\u1eaft t\u1eeb<\/span> <b>21:30\u201307:00<\/b> <span style=\"font-weight: 400;\">.<\/span><\/li>\n<li style=\"font-weight: 400;\" aria-level=\"1\"><span style=\"font-weight: 400;\">C\u00f3 m\u1ed9t ng\u01b0\u1eddi qu\u1ea3n l\u00fd ca \u0111\u00eam tr\u1ef1c \u0111\u1ec3<\/span> <b>gi\u00e1m s\u00e1t 24\/7<\/b> <span style=\"font-weight: 400;\">.<\/span><\/li>\n<\/ul>\n<p><b>6.2 B\u1eefa \u0103n<\/b><\/p>\n<ul>\n<li style=\"font-weight: 400;\" aria-level=\"1\"><span style=\"font-weight: 400;\">Bao g\u1ed3m<\/span> <b>ba b\u1eefa \u0103n m\u1ed7i ng\u00e0y<\/b> .<\/li>\n<li style=\"font-weight: 400;\" aria-level=\"1\"><span style=\"font-weight: 400;\">B\u1eefa s\u00e1ng theo phong c\u00e1ch Th\u00e1i, nh\u01b0ng<\/span> <b>c\u0169ng c\u00f3 m\u1ed9t s\u1ed1 m\u00f3n \u0103n s\u00e1ng ch\u1ee7 y\u1ebfu c\u1ee7a Trung Qu\u1ed1c ngo\u00e0i tr\u00e1i c\u00e2y, b\u00e1nh m\u00ec, s\u1eefa chua v\u00e0 n\u01b0\u1edbc \u00e9p<\/b> <span style=\"font-weight: 400;\">.<\/span><\/li>\n<li style=\"font-weight: 400;\" aria-level=\"1\"><b>B\u1eefa tr\u01b0a l\u00e0 b\u1eefa tr\u01b0a ki\u1ec3u Th\u00e1i ho\u1eb7c ki\u1ec3u T\u00e2y (b\u00e1nh sandwich, tr\u00e1i c\u00e2y, b\u00e1nh ng\u1ecdt, n\u01b0\u1edbc, khoai t\u00e2y chi\u00ean).<\/b><\/li>\n<li style=\"font-weight: 400;\" aria-level=\"1\"><b>B\u1eefa t\u1ed1i l\u00e0 b\u1eefa \u0103n n\u00f3ng \u0111\u01b0\u1ee3c ph\u1ee5c v\u1ee5 theo th\u1ef1c \u0111\u01a1n c\u1ed1 \u0111\u1ecbnh t\u1ea1i nh\u00e0 h\u00e0ng \u0111\u1ecba ph\u01b0\u01a1ng ho\u1eb7c qu\u00e1n c\u00e0 ph\u00ea Sawadee.<\/b><\/li>\n<li style=\"font-weight: 400;\" aria-level=\"1\"><b>Kh\u00f4ng c\u00f3<\/b> <span style=\"font-weight: 400;\">b\u1eefa s\u00e1ng ki\u1ec3u ph\u01b0\u01a1ng T\u00e2y<\/span> <span style=\"font-weight: 400;\">.<\/span><\/li>\n<li style=\"font-weight: 400;\" aria-level=\"1\"><span style=\"font-weight: 400;\">Nhu c\u1ea7u \u0103n u\u1ed1ng ph\u1ea3i \u0111\u01b0\u1ee3c th\u00f4ng b\u00e1o \u00edt nh\u1ea5t<\/span> <b>14 ng\u00e0y tr\u01b0\u1edbc khi \u0111\u1ebfn<\/b> <span style=\"font-weight: 400;\">.<\/span><\/li>\n<\/ul>\n<ol start=\"7\">\n<li><b> S\u1ee8C KH\u1eceE, AN TO\u00c0N V\u00c0 B\u1ea2O HI\u1ec2M<\/b><\/li>\n<\/ol>\n<p><b>7.1 Gi\u00e1m s\u00e1t &amp; An ninh<\/b><\/p>\n<p><span style=\"font-weight: 400;\">Dragon Study Tours duy tr\u00ec<\/span> <b>t\u1ef7 l\u1ec7 nh\u00e2n vi\u00ean\/sinh vi\u00ean th\u1ea5p<\/b><span style=\"font-weight: 400;\">. Ng\u01b0\u1eddi tham gia ph\u1ea3i tu\u00e2n th\u1ee7 m\u1ecdi quy tr\u00ecnh an to\u00e0n. <\/span><\/p>\n<p><b>7.2 H\u1ed7 tr\u1ee3 y t\u1ebf<\/b><\/p>\n<p><span style=\"font-weight: 400;\">Ng\u01b0\u1eddi tham gia ph\u1ea3i c\u00f3<\/span> <b>b\u1ea3o hi\u1ec3m du l\u1ecbch h\u1ee3p l\u1ec7<\/b> <span style=\"font-weight: 400;\">bao g\u1ed3m:<\/span><\/p>\n<ul>\n<li style=\"font-weight: 400;\" aria-level=\"1\"><b>C\u1ea5p c\u1ee9u y t\u1ebf<\/b><\/li>\n<li style=\"font-weight: 400;\" aria-level=\"1\"><b>Tr\u00e1ch nhi\u1ec7m c\u00e1 nh\u00e2n<\/b><\/li>\n<li style=\"font-weight: 400;\" aria-level=\"1\"><b>H\u1ee7y chuy\u1ebfn \u0111i<\/b><\/li>\n<\/ul>\n<ol start=\"8\">\n<li><b> TR\u00c1CH NHI\u1ec6M &amp; B\u1ea4T KH\u1ea2 KH\u00c1NG<\/b><\/li>\n<\/ol>\n<p><b>8.1 Tuy\u00ean b\u1ed1 mi\u1ec5n tr\u1eeb tr\u00e1ch nhi\u1ec7m<\/b><\/p>\n<p><span style=\"font-weight: 400;\">Dragon Study Tours<\/span> <b>kh\u00f4ng ch\u1ecbu tr\u00e1ch nhi\u1ec7m<\/b> <span style=\"font-weight: 400;\">v\u1ec1:<\/span><\/p>\n<ul>\n<li style=\"font-weight: 400;\" aria-level=\"1\"><span style=\"font-weight: 400;\">T\u00e0i s\u1ea3n b\u1ecb m\u1ea5t, b\u1ecb \u0111\u00e1nh c\u1eafp ho\u1eb7c b\u1ecb h\u01b0 h\u1ecfng.<\/span><\/li>\n<li style=\"font-weight: 400;\" aria-level=\"1\"><span style=\"font-weight: 400;\">Th\u01b0\u01a1ng t\u00edch c\u00e1 nh\u00e2n, tr\u1eeb khi do<\/span> <b>h\u00e0nh vi b\u1ea5t c\u1ea9n tr\u1ef1c ti\u1ebfp<\/b> <span style=\"font-weight: 400;\">.<\/span><\/li>\n<li style=\"font-weight: 400;\" aria-level=\"1\"><span style=\"font-weight: 400;\">Chuy\u1ebfn bay b\u1ecb ho\u00e3n ho\u1eb7c h\u1ee7y.<\/span><\/li>\n<\/ul>\n<p><b>8.2 B\u1ea5t kh\u1ea3 kh\u00e1ng<\/b><\/p>\n<p><span style=\"font-weight: 400;\">S\u1ebd kh\u00f4ng ho\u00e0n l\u1ea1i ti\u1ec1n cho nh\u1eefng tr\u01b0\u1eddng h\u1ee3p h\u1ee7y do:<\/span><\/p>\n<ul>\n<li style=\"font-weight: 400;\" aria-level=\"1\"><b>Thi\u00ean tai<\/b><\/li>\n<li style=\"font-weight: 400;\" aria-level=\"1\"><b>H\u1ea1n ch\u1ebf c\u1ee7a ch\u00ednh ph\u1ee7<\/b><\/li>\n<li style=\"font-weight: 400;\" aria-level=\"1\"><b>B\u1ea5t \u1ed5n ch\u00ednh tr\u1ecb<\/b> <span style=\"font-weight: 400;\">ho\u1eb7c nh\u1eefng t\u00ecnh hu\u1ed1ng t\u01b0\u01a1ng t\u1ef1<\/span><\/li>\n<\/ul>\n<ol start=\"9\">\n<li><b> S\u1ef0 \u0110\u1ed2NG \u00dd V\u1ec0 CH\u1ee4P \u1ea2NH V\u00c0 TRUY\u1ec0N TH\u00d4NG<\/b><\/li>\n<\/ol>\n<p><span style=\"font-weight: 400;\">Dragon Study Tours c\u00f3 th\u1ec3 s\u1eed d\u1ee5ng<\/span> <b>h\u00ecnh \u1ea3nh v\u00e0 video<\/b><span style=\"font-weight: 400;\"> cho m\u1ee5c \u0111\u00edch qu\u1ea3ng c\u00e1o. Kh\u00e1ch h\u00e0ng ph\u1ea3i th\u00f4ng b\u00e1o cho Dragon Study Tours b\u1eb1ng v\u0103n b\u1ea3n n\u1ebfu h\u1ecd <\/span><b>kh\u00f4ng \u0111\u1ed3ng \u00fd<\/b> <span style=\"font-weight: 400;\">.<\/span><\/p>\n<ol start=\"10\">\n<li><b> B\u1ea2O V\u1ec6 D\u1eee LI\u1ec6U<\/b><\/li>\n<\/ol>\n<p><span style=\"font-weight: 400;\">T\u1ea5t c\u1ea3 d\u1eef li\u1ec7u c\u00e1 nh\u00e2n s\u1ebd \u0111\u01b0\u1ee3c x\u1eed l\u00fd theo<\/span> <b>lu\u1eadt b\u1ea3o v\u1ec7 d\u1eef li\u1ec7u c\u1ee7a Th\u00e1i Lan<\/b><span style=\"font-weight: 400;\">. D\u1eef li\u1ec7u c\u00e1 nh\u00e2n s\u1ebd <\/span><b>kh\u00f4ng bao gi\u1edd<\/b> <span style=\"font-weight: 400;\">\u0111\u01b0\u1ee3c chia s\u1ebb v\u1edbi b\u00ean th\u1ee9 ba m\u00e0 kh\u00f4ng c\u00f3 s\u1ef1 \u0111\u1ed3ng \u00fd, tr\u1eeb khi ph\u00e1p lu\u1eadt y\u00eau c\u1ea7u.<\/span><\/p>\n<ol start=\"11\">\n<li><b> TH\u1ee6 T\u1ee4C KHI\u1ebeU N\u1ea0I<\/b><\/li>\n<\/ol>\n<p><span style=\"font-weight: 400;\">Khi\u1ebfu n\u1ea1i ph\u1ea3i \u0111\u01b0\u1ee3c n\u1ed9p<\/span> <b>trong ch\u01b0\u01a1ng tr\u00ecnh<\/b><span style=\"font-weight: 400;\">. Dragon Study Tours s\u1ebd gi\u1ea3i quy\u1ebft m\u1ecdi khi\u1ebfu n\u1ea1i <\/span><b>trong th\u1eddi gian c\u1ee7a kh\u00f3a h\u1ecdc<\/b> <span style=\"font-weight: 400;\">.<\/span><\/p>\n<ol start=\"12\">\n<li><b> QUY\u1ec0N H\u1ea0N V\u00c0 LU\u1eacT \u00c1P D\u1ee4NG<\/b><\/li>\n<\/ol>\n<p><span style=\"font-weight: 400;\">C\u00e1c \u0110i\u1ec1u kho\u1ea3n v\u00e0 \u0110i\u1ec1u ki\u1ec7n n\u00e0y \u0111\u01b0\u1ee3c<\/span> <b>\u0111i\u1ec1u ch\u1ec9nh b\u1edfi lu\u1eadt ph\u00e1p Th\u00e1i Lan<\/b><span style=\"font-weight: 400;\">. M\u1ecdi tranh ch\u1ea5p s\u1ebd \u0111\u01b0\u1ee3c gi\u1ea3i quy\u1ebft <\/span><b>ch\u1ec9 do t\u00f2a \u00e1n Th\u00e1i Lan quy\u1ebft \u0111\u1ecbnh<\/b> <span style=\"font-weight: 400;\">.<\/span><\/p>\n<ol start=\"13\">\n<li><b> TH\u1eceA THU\u1eacN CU\u1ed0I C\u00d9NG<\/b><\/li>\n<\/ol>\n<p><span style=\"font-weight: 400;\">B\u1eb1ng c\u00e1ch \u0111\u0103ng k\u00fd tham gia Dragon Study Tours, b\u1ea1n x\u00e1c nh\u1eadn r\u1eb1ng b\u1ea1n \u0111\u00e3<\/span> <b>\u0111\u1ecdc, hi\u1ec3u v\u00e0 \u0111\u1ed3ng \u00fd<\/b> <span style=\"font-weight: 400;\">v\u1edbi c\u00e1c \u0110i\u1ec1u kho\u1ea3n v\u00e0 \u0110i\u1ec1u ki\u1ec7n n\u00e0y.<\/span><\/p>\n<p><b>TH\u00d4NG TIN LI\u00caN H\u1ec6<\/b><\/p>\n<p><b>Email:<\/b> <span style=\"font-weight: 400;\">info@dragonstudy.org<\/span><span style=\"font-weight: 400;\"><br><\/span> <b>\u0110i\u1ec7n tho\u1ea1i \/ WhatsApp:<\/b> <span style=\"font-weight: 400;\">+66 98-936-6978<\/span><span style=\"font-weight: 400;\"><br><\/span> <b>LINE ID:<\/b> <span style=\"font-weight: 400;\">ilchuahin<\/span><\/p>\t\t\t\t\t\t\t\t<\/div>\n\t\t\t\t<\/div>\n\t\t\t\t<\/div>\n\t\t\t\t\t<\/div>\n\t\t\t\t<\/div>\n\t\t\t\t<\/div>\n\t\t","protected":false},"excerpt":{"rendered":"<p>Trang ch\u1ee7 \/ \u0110i\u1ec1u kho\u1ea3n v\u00e0 \u0111i\u1ec1u ki\u1ec7n Truy\u1ec1n c\u1ea3m h\u1ee9ng cho tr\u00ed tu\u1ec7 tr\u1ebb th\u01a1 th\u00f4ng qua ng\u00f4n ng\u1eef [&hellip;]<\/p>\n","protected":false},"author":2,"featured_media":0,"parent":0,"menu_order":0,"comment_status":"closed","ping_status":"closed","template":"","meta":{"_acf_changed":false,"site-sidebar-layout":"no-sidebar","site-content-layout":"","ast-site-content-layout":"full-width-container","site-content-style":"default","site-sidebar-style":"default","ast-global-header-display":"","ast-banner-title-visibility":"","ast-main-header-display":"","ast-hfb-above-header-display":"","ast-hfb-below-header-display":"","ast-hfb-mobile-header-display":"","site-post-title":"disabled","ast-breadcrumbs-content":"","ast-featured-img":"disabled","footer-sml-layout":"","ast-disable-related-posts":"","theme-transparent-header-meta":"default","adv-header-id-meta":"","stick-header-meta":"","header-above-stick-meta":"","header-main-stick-meta":"","header-below-stick-meta":"","astra-migrate-meta-layouts":"default","ast-page-background-enabled":"default","ast-page-background-meta":{"desktop":{"background-color":"var(--ast-global-color-5)","background-image":"","background-repeat":"repeat","background-position":"center center","background-size":"auto","background-attachment":"scroll","background-type":"","background-media":"","overlay-type":"","overlay-color":"","overlay-opacity":"","overlay-gradient":""},"tablet":{"background-color":"","background-image":"","background-repeat":"repeat","background-position":"center center","background-size":"auto","background-attachment":"scroll","background-type":"","background-media":"","overlay-type":"","overlay-color":"","overlay-opacity":"","overlay-gradient":""},"mobile":{"background-color":"","background-image":"","background-repeat":"repeat","background-position":"center center","background-size":"auto","background-attachment":"scroll","background-type":"","background-media":"","overlay-type":"","overlay-color":"","overlay-opacity":"","overlay-gradient":""}},"ast-content-background-meta":{"desktop":{"background-color":"var(--ast-global-color-4)","background-image":"","background-repeat":"repeat","background-position":"center center","background-size":"auto","background-attachment":"scroll","background-type":"","background-media":"","overlay-type":"","overlay-color":"","overlay-opacity":"","overlay-gradient":""},"tablet":{"background-color":"var(--ast-global-color-4)","background-image":"","background-repeat":"repeat","background-position":"center center","background-size":"auto","background-attachment":"scroll","background-type":"","background-media":"","overlay-type":"","overlay-color":"","overlay-opacity":"","overlay-gradient":""},"mobile":{"background-color":"var(--ast-global-color-4)","background-image":"","background-repeat":"repeat","background-position":"center center","background-size":"auto","background-attachment":"scroll","background-type":"","background-media":"","overlay-type":"","overlay-color":"","overlay-opacity":"","overlay-gradient":""}},"footnotes":""},"class_list":["post-5859","page","type-page","status-publish","hentry"],"acf":[],"_links":{"self":[{"href":"https:\/\/dragonstudy.org\/vi\/wp-json\/wp\/v2\/pages\/5859","targetHints":{"allow":["GET"]}}],"collection":[{"href":"https:\/\/dragonstudy.org\/vi\/wp-json\/wp\/v2\/pages"}],"about":[{"href":"https:\/\/dragonstudy.org\/vi\/wp-json\/wp\/v2\/types\/page"}],"author":[{"embeddable":true,"href":"https:\/\/dragonstudy.org\/vi\/wp-json\/wp\/v2\/users\/2"}],"replies":[{"embeddable":true,"href":"https:\/\/dragonstudy.org\/vi\/wp-json\/wp\/v2\/comments?post=5859"}],"version-history":[{"count":1,"href":"https:\/\/dragonstudy.org\/vi\/wp-json\/wp\/v2\/pages\/5859\/revisions"}],"predecessor-version":[{"id":5862,"href":"https:\/\/dragonstudy.org\/vi\/wp-json\/wp\/v2\/pages\/5859\/revisions\/5862"}],"wp:attachment":[{"href":"https:\/\/dragonstudy.org\/vi\/wp-json\/wp\/v2\/media?parent=5859"}],"curies":[{"name":"wp","href":"https:\/\/api.w.org\/{rel}","templated":true}]}}