{"id":5842,"date":"2025-01-27T04:33:40","date_gmt":"2025-01-27T04:33:40","guid":{"rendered":"https:\/\/dragonstudy.org\/chinh-sach-bao-mat\/"},"modified":"2025-03-02T09:48:51","modified_gmt":"2025-03-02T09:48:51","slug":"chinh-sach-bao-mat","status":"publish","type":"page","link":"https:\/\/dragonstudy.org\/vi\/chinh-sach-bao-mat\/","title":{"rendered":"Ch\u00ednh s\u00e1ch b\u1ea3o m\u1eadt"},"content":{"rendered":"\t\t<div data-elementor-type=\"wp-page\" data-elementor-id=\"5842\" class=\"elementor elementor-5842 elementor-791\" data-elementor-post-type=\"page\">\n\t\t\t\t<div class=\"elementor-element elementor-element-1e721cd e-flex e-con-boxed e-con e-parent\" data-id=\"1e721cd\" data-element_type=\"container\" data-e-type=\"container\" data-settings=\"{&quot;background_background&quot;:&quot;classic&quot;}\">\n\t\t\t\t\t<div class=\"e-con-inner\">\n\t\t<div class=\"elementor-element elementor-element-0a24ef4 e-con-full e-flex e-con e-child\" data-id=\"0a24ef4\" data-element_type=\"container\" data-e-type=\"container\">\n\t\t\t\t<div class=\"elementor-element elementor-element-b9c1fcb elementor-widget elementor-widget-heading\" data-id=\"b9c1fcb\" data-element_type=\"widget\" data-e-type=\"widget\" data-widget_type=\"heading.default\">\n\t\t\t\t<div class=\"elementor-widget-container\">\n\t\t\t\t\t<p class=\"elementor-heading-title elementor-size-default\">Quy\u1ec1n ri\u00eang t\u01b0 c\u1ee7a b\u1ea1n r\u1ea5t quan tr\u1ecdng: C\u00e1ch ch\u00fang t\u00f4i thu th\u1eadp, s\u1eed d\u1ee5ng v\u00e0 b\u1ea3o v\u1ec7 th\u00f4ng tin c\u1ee7a b\u1ea1n<\/p>\t\t\t\t<\/div>\n\t\t\t\t<\/div>\n\t\t\t\t<\/div>\n\t\t\t\t\t<\/div>\n\t\t\t\t<\/div>\n\t\t<div class=\"elementor-element elementor-element-272c6f6 e-flex e-con-boxed e-con e-parent\" data-id=\"272c6f6\" data-element_type=\"container\" data-e-type=\"container\">\n\t\t\t\t\t<div class=\"e-con-inner\">\n\t\t<div class=\"elementor-element elementor-element-aaf191f e-con-full e-flex e-con e-child\" data-id=\"aaf191f\" data-element_type=\"container\" data-e-type=\"container\">\n\t\t\t\t<div class=\"elementor-element elementor-element-1ca2132 elementor-widget elementor-widget-text-editor\" data-id=\"1ca2132\" data-element_type=\"widget\" data-e-type=\"widget\" data-widget_type=\"text-editor.default\">\n\t\t\t\t<div class=\"elementor-widget-container\">\n\t\t\t\t\t\t\t\t\t<h2><b>Ch\u00ednh s\u00e1ch b\u1ea3o m\u1eadt c\u1ee7a Dragon Study Tours<\/b><\/h2><p><b>Ng\u00e0y c\u00f3 hi\u1ec7u l\u1ef1c:<\/b> <span style=\"font-weight: 400;\">01 th\u00e1ng 01 n\u0103m 2025<\/span><\/p><ol><li><b>  Gi\u1edbi thi\u1ec7u<\/b><\/li><\/ol><p><span style=\"font-weight: 400;\">Dragon Study Tours (&#8220;DST&#8221;, &#8220;ch\u00fang t\u00f4i&#8221;, &#8220;c\u1ee7a ch\u00fang t\u00f4i&#8221;) cam k\u1ebft b\u1ea3o v\u1ec7 quy\u1ec1n ri\u00eang t\u01b0 c\u1ee7a b\u1ea1n. Ch\u00ednh s\u00e1ch quy\u1ec1n ri\u00eang t\u01b0 n\u00e0y gi\u1ea3i th\u00edch c\u00e1ch ch\u00fang t\u00f4i thu th\u1eadp, s\u1eed d\u1ee5ng, ti\u1ebft l\u1ed9 v\u00e0 b\u1ea3o v\u1ec7 th\u00f4ng tin c\u00e1 nh\u00e2n c\u1ee7a b\u1ea1n khi b\u1ea1n truy c\u1eadp trang web c\u1ee7a ch\u00fang t\u00f4i ho\u1eb7c tham gia v\u00e0o c\u00e1c d\u1ecbch v\u1ee5 c\u1ee7a ch\u00fang t\u00f4i. <\/span><\/p><p><span style=\"font-weight: 400;\">B\u1eb1ng c\u00e1ch s\u1eed d\u1ee5ng trang web c\u1ee7a ch\u00fang t\u00f4i, b\u1ea1n \u0111\u1ed3ng \u00fd v\u1edbi vi\u1ec7c thu th\u1eadp v\u00e0 s\u1eed d\u1ee5ng th\u00f4ng tin c\u1ee7a b\u1ea1n nh\u01b0 \u0111\u01b0\u1ee3c m\u00f4 t\u1ea3 trong ch\u00ednh s\u00e1ch n\u00e0y. N\u1ebfu b\u1ea1n kh\u00f4ng \u0111\u1ed3ng \u00fd, vui l\u00f2ng kh\u00f4ng s\u1eed d\u1ee5ng trang web c\u1ee7a ch\u00fang t\u00f4i. <\/span><\/p><ol start=\"2\"><li><b>  Th\u00f4ng tin ch\u00fang t\u00f4i thu th\u1eadp<\/b><\/li><\/ol><p><span style=\"font-weight: 400;\">Ch\u00fang t\u00f4i thu th\u1eadp c\u00e1c lo\u1ea1i th\u00f4ng tin sau:<\/span><\/p><p><b>2.1 Th\u00f4ng tin b\u1ea1n cung c\u1ea5p cho ch\u00fang t\u00f4i<\/b><\/p><ul><li style=\"font-weight: 400;\" aria-level=\"1\"><b>Th\u00f4ng tin c\u00e1 nh\u00e2n:<\/b> <span style=\"font-weight: 400;\">Khi b\u1ea1n li\u00ean h\u1ec7 v\u1edbi ch\u00fang t\u00f4i, y\u00eau c\u1ea7u b\u00e1o gi\u00e1 ho\u1eb7c \u0111\u1eb7t ch\u01b0\u01a1ng tr\u00ecnh, ch\u00fang t\u00f4i c\u00f3 th\u1ec3 thu th\u1eadp t\u00ean, \u0111\u1ecba ch\u1ec9 email, s\u1ed1 \u0111i\u1ec7n tho\u1ea1i, qu\u1ed1c t\u1ecbch, ng\u00e0y sinh v\u00e0 c\u00e1c th\u00f4ng tin li\u00ean quan kh\u00e1c c\u1ee7a b\u1ea1n.<\/span><\/li><li style=\"font-weight: 400;\" aria-level=\"1\"><b>Chi ti\u1ebft \u0111\u1eb7t ch\u1ed7 v\u00e0 thanh to\u00e1n:<\/b> <span style=\"font-weight: 400;\">N\u1ebfu b\u1ea1n \u0111\u1eb7t ch\u01b0\u01a1ng tr\u00ecnh, ch\u00fang t\u00f4i s\u1ebd thu th\u1eadp th\u00f4ng tin v\u1ec1 chi ti\u1ebft \u0111\u1eb7t ch\u1ed7 v\u00e0 thanh to\u00e1n c\u1ee7a b\u1ea1n (l\u01b0u \u00fd: ch\u00fang t\u00f4i kh\u00f4ng l\u01b0u tr\u1eef th\u00f4ng tin chi ti\u1ebft v\u1ec1 th\u1ebb thanh to\u00e1n v\u00ec m\u1ecdi thanh to\u00e1n \u0111\u1ec1u \u0111\u01b0\u1ee3c x\u1eed l\u00fd th\u00f4ng qua chuy\u1ec3n kho\u1ea3n ng\u00e2n h\u00e0ng).<\/span><\/li><\/ul><p><b>2.2 Th\u00f4ng tin ch\u00fang t\u00f4i thu th\u1eadp t\u1ef1 \u0111\u1ed9ng<\/b><\/p><ul><li style=\"font-weight: 400;\" aria-level=\"1\"><b>D\u1eef li\u1ec7u s\u1eed d\u1ee5ng:<\/b> <span style=\"font-weight: 400;\">Ch\u00fang t\u00f4i thu th\u1eadp d\u1eef li\u1ec7u nh\u01b0 \u0111\u1ecba ch\u1ec9 IP, lo\u1ea1i tr\u00ecnh duy\u1ec7t, h\u1ec7 \u0111i\u1ec1u h\u00e0nh, URL gi\u1edbi thi\u1ec7u v\u00e0 c\u00e1c trang \u0111\u00e3 truy c\u1eadp \u0111\u1ec3 c\u1ea3i thi\u1ec7n ch\u1ee9c n\u0103ng c\u1ee7a trang web.<\/span><\/li><li style=\"font-weight: 400;\" aria-level=\"1\"><b>Cookie v\u00e0 C\u00f4ng ngh\u1ec7 theo d\u00f5i:<\/b><span style=\"font-weight: 400;\">  Ch\u00fang t\u00f4i s\u1eed d\u1ee5ng cookie v\u00e0 c\u00e1c c\u00f4ng ngh\u1ec7 theo d\u00f5i t\u01b0\u01a1ng t\u1ef1 \u0111\u1ec3 n\u00e2ng cao tr\u1ea3i nghi\u1ec7m c\u1ee7a ng\u01b0\u1eddi d\u00f9ng v\u00e0 ph\u00e2n t\u00edch l\u01b0u l\u01b0\u1ee3ng truy c\u1eadp trang web. (Xem   <\/span><span style=\"font-weight: 400;\">Ch\u00ednh s\u00e1ch Cookie<\/span> <span style=\"font-weight: 400;\">\u0111\u1ec3 bi\u1ebft chi ti\u1ebft.)<\/span><\/li><\/ul><p><b>2.3 Th\u00f4ng tin t\u1eeb B\u00ean th\u1ee9 ba<\/b><\/p><p><span style=\"font-weight: 400;\">Ch\u00fang t\u00f4i c\u00f3 th\u1ec3 nh\u1eadn th\u00f4ng tin c\u00e1 nh\u00e2n t\u1eeb c\u00e1c \u0111\u1ea1i l\u00fd du l\u1ecbch ho\u1eb7c tr\u01b0\u1edfng nh\u00f3m \u0111\u1eb7t ch\u1ed7 thay m\u1eb7t cho h\u1ecdc sinh.<\/span><\/p><ol start=\"3\"><li><b>  Ch\u00fang t\u00f4i s\u1eed d\u1ee5ng th\u00f4ng tin c\u1ee7a b\u1ea1n nh\u01b0 th\u1ebf n\u00e0o<\/b><\/li><\/ol><p><span style=\"font-weight: 400;\">Ch\u00fang t\u00f4i s\u1eed d\u1ee5ng th\u00f4ng tin c\u1ee7a b\u1ea1n cho c\u00e1c m\u1ee5c \u0111\u00edch sau:<\/span><\/p><ul><li style=\"font-weight: 400;\" aria-level=\"1\"><span style=\"font-weight: 400;\">\u0110\u1ec3 x\u1eed l\u00fd vi\u1ec7c \u0111\u1eb7t ch\u1ed7, \u0111\u0103ng k\u00fd v\u00e0 thanh to\u00e1n.<\/span><\/li><li style=\"font-weight: 400;\" aria-level=\"1\"><span style=\"font-weight: 400;\">\u0110\u1ec3 li\u00ean l\u1ea1c v\u1edbi b\u1ea1n v\u1ec1 ch\u01b0\u01a1ng tr\u00ecnh, th\u1eafc m\u1eafc ho\u1eb7c c\u1eadp nh\u1eadt c\u1ee7a b\u1ea1n.<\/span><\/li><li style=\"font-weight: 400;\" aria-level=\"1\"><span style=\"font-weight: 400;\">\u0110\u1ec3 c\u00e1 nh\u00e2n h\u00f3a tr\u1ea3i nghi\u1ec7m c\u1ee7a b\u1ea1n v\u00e0 c\u1ea3i thi\u1ec7n d\u1ecbch v\u1ee5 c\u1ee7a ch\u00fang t\u00f4i.<\/span><\/li><li style=\"font-weight: 400;\" aria-level=\"1\"><span style=\"font-weight: 400;\">\u0110\u1ec3 tu\u00e2n th\u1ee7 c\u00e1c y\u00eau c\u1ea7u ph\u00e1p l\u00fd v\u00e0 \u0111\u1ea3m b\u1ea3o an to\u00e0n cho h\u1ecdc sinh.<\/span><\/li><li style=\"font-weight: 400;\" aria-level=\"1\"><span style=\"font-weight: 400;\">\u0110\u1ec3 b\u1ea3o v\u1ec7 ch\u1ed1ng l\u1ea1i gian l\u1eadn, r\u1ee7i ro b\u1ea3o m\u1eadt v\u00e0 vi\u1ec7c s\u1eed d\u1ee5ng sai m\u1ee5c \u0111\u00edch trang web c\u1ee7a ch\u00fang t\u00f4i.<\/span><\/li><\/ul><ol start=\"4\"><li><b>  Ch\u00fang t\u00f4i chia s\u1ebb th\u00f4ng tin c\u1ee7a b\u1ea1n nh\u01b0 th\u1ebf n\u00e0o<\/b><\/li><\/ol><p><span style=\"font-weight: 400;\">Ch\u00fang t\u00f4i kh\u00f4ng b\u00e1n, cho thu\u00ea ho\u1eb7c trao \u0111\u1ed5i th\u00f4ng tin c\u00e1 nh\u00e2n c\u1ee7a b\u1ea1n. Tuy nhi\u00ean, ch\u00fang t\u00f4i c\u00f3 th\u1ec3 chia s\u1ebb d\u1eef li\u1ec7u c\u1ee7a b\u1ea1n v\u1edbi: <\/span><\/p><ul><li style=\"font-weight: 400;\" aria-level=\"1\"><b>Nh\u00e0 cung c\u1ea5p d\u1ecbch v\u1ee5:<\/b> <span style=\"font-weight: 400;\">\u0110\u1ed1i t\u00e1c \u0111\u00e1ng tin c\u1eady h\u1ed7 tr\u1ee3 \u0111\u1eb7t ph\u00f2ng, ch\u1ed7 \u1edf v\u00e0 h\u1eadu c\u1ea7n.<\/span><\/li><li style=\"font-weight: 400;\" aria-level=\"1\"><b>C\u01a1 quan c\u00f3 th\u1ea9m quy\u1ec1n ph\u00e1p l\u00fd:<\/b> <span style=\"font-weight: 400;\">N\u1ebfu ph\u00e1p lu\u1eadt y\u00eau c\u1ea7u ho\u1eb7c \u0111\u1ec3 \u0111\u00e1p \u1ee9ng y\u00eau c\u1ea7u ph\u00e1p l\u00fd.<\/span><\/li><li style=\"font-weight: 400;\" aria-level=\"1\"><b>Tr\u01b0\u1edfng nh\u00f3m ho\u1eb7c \u0111\u1ea1i l\u00fd:<\/b> <span style=\"font-weight: 400;\">N\u1ebfu b\u1ea1n tham gia \u0111\u1eb7t ch\u1ed7 theo nh\u00f3m, th\u00f4ng tin li\u00ean quan c\u00f3 th\u1ec3 \u0111\u01b0\u1ee3c chia s\u1ebb v\u1edbi tr\u01b0\u1edfng nh\u00f3m ho\u1eb7c \u0111\u1ea1i l\u00fd c\u1ee7a b\u1ea1n.<\/span><\/li><\/ul><ol start=\"5\"><li><b>  B\u1ea3o m\u1eadt d\u1eef li\u1ec7u<\/b><\/li><\/ol><p><span style=\"font-weight: 400;\">Ch\u00fang t\u00f4i th\u1ef1c hi\u1ec7n c\u00e1c b\u01b0\u1edbc h\u1ee3p l\u00fd \u0111\u1ec3 b\u1ea3o v\u1ec7 th\u00f4ng tin c\u00e1 nh\u00e2n c\u1ee7a b\u1ea1n kh\u1ecfi vi\u1ec7c truy c\u1eadp tr\u00e1i ph\u00e9p, m\u1ea5t m\u00e1t, s\u1eed d\u1ee5ng sai ho\u1eb7c ti\u1ebft l\u1ed9. Tuy nhi\u00ean, kh\u00f4ng c\u00f3 truy\u1ec1n d\u1eef li\u1ec7u tr\u1ef1c tuy\u1ebfn n\u00e0o c\u00f3 th\u1ec3 \u0111\u01b0\u1ee3c \u0111\u1ea3m b\u1ea3o l\u00e0 an to\u00e0n 100%. <\/span><\/p><ol start=\"6\"><li><b>  Chuy\u1ec3n d\u1eef li\u1ec7u qu\u1ed1c t\u1ebf<\/b><\/li><\/ol><p><span style=\"font-weight: 400;\">L\u00e0 m\u1ed9t doanh nghi\u1ec7p c\u00f3 tr\u1ee5 s\u1edf t\u1ea1i Th\u00e1i Lan, th\u00f4ng tin c\u1ee7a b\u1ea1n c\u00f3 th\u1ec3 \u0111\u01b0\u1ee3c x\u1eed l\u00fd t\u1ea1i Th\u00e1i Lan ho\u1eb7c c\u00e1c qu\u1ed1c gia kh\u00e1c n\u01a1i nh\u00e0 cung c\u1ea5p d\u1ecbch v\u1ee5 c\u1ee7a ch\u00fang t\u00f4i ho\u1ea1t \u0111\u1ed9ng. B\u1eb1ng c\u00e1ch s\u1eed d\u1ee5ng d\u1ecbch v\u1ee5 c\u1ee7a ch\u00fang t\u00f4i, b\u1ea1n \u0111\u1ed3ng \u00fd v\u1edbi c\u00e1c chuy\u1ec3n giao nh\u01b0 v\u1eady. <\/span><\/p><ol start=\"7\"><li><b>  Quy\u1ec1n c\u1ee7a b\u1ea1n<\/b><\/li><\/ol><p><span style=\"font-weight: 400;\">B\u1ea1n c\u00f3 quy\u1ec1n:<\/span><\/p><ul><li style=\"font-weight: 400;\" aria-level=\"1\"><span style=\"font-weight: 400;\">Truy c\u1eadp, ch\u1ec9nh s\u1eeda ho\u1eb7c c\u1eadp nh\u1eadt th\u00f4ng tin c\u00e1 nh\u00e2n c\u1ee7a b\u1ea1n.<\/span><\/li><li style=\"font-weight: 400;\" aria-level=\"1\"><span style=\"font-weight: 400;\">Y\u00eau c\u1ea7u x\u00f3a d\u1eef li\u1ec7u c\u1ee7a b\u1ea1n, t\u00f9y thu\u1ed9c v\u00e0o ngh\u0129a v\u1ee5 ph\u00e1p l\u00fd.<\/span><\/li><li style=\"font-weight: 400;\" aria-level=\"1\"><span style=\"font-weight: 400;\">R\u00fat l\u1ea1i s\u1ef1 \u0111\u1ed3ng \u00fd cho c\u00e1c ho\u1ea1t \u0111\u1ed9ng truy\u1ec1n th\u00f4ng ti\u1ebfp th\u1ecb b\u1ea5t c\u1ee9 l\u00fac n\u00e0o.<\/span><\/li><\/ul><p><span style=\"font-weight: 400;\">\u0110\u1ec3 th\u1ef1c hi\u1ec7n c\u00e1c quy\u1ec1n n\u00e0y, h\u00e3y li\u00ean h\u1ec7 v\u1edbi ch\u00fang t\u00f4i theo \u0111\u1ecba ch\u1ec9<\/span> <b>info@dragonstudy.org<\/b> <span style=\"font-weight: 400;\">.<\/span><\/p><ol start=\"8\"><li><b>  L\u01b0u gi\u1eef d\u1eef li\u1ec7u<\/b><\/li><\/ol><p><span style=\"font-weight: 400;\">Ch\u00fang t\u00f4i ch\u1ec9 l\u01b0u gi\u1eef th\u00f4ng tin c\u00e1 nh\u00e2n trong th\u1eddi gian c\u1ea7n thi\u1ebft cho c\u00e1c m\u1ee5c \u0111\u00edch \u0111\u01b0\u1ee3c n\u00eau trong ch\u00ednh s\u00e1ch n\u00e0y ho\u1eb7c theo y\u00eau c\u1ea7u c\u1ee7a ph\u00e1p lu\u1eadt.<\/span><\/p><ol start=\"9\"><li><b>  Nh\u1eefng thay \u0111\u1ed5i \u0111\u1ed1i v\u1edbi Ch\u00ednh s\u00e1ch n\u00e0y<\/b><\/li><\/ol><p><span style=\"font-weight: 400;\">Ch\u00fang t\u00f4i c\u00f3 th\u1ec3 c\u1eadp nh\u1eadt Ch\u00ednh s\u00e1ch b\u1ea3o m\u1eadt n\u00e0y theo \u0111\u1ecbnh k\u1ef3. B\u1ea5t k\u1ef3 thay \u0111\u1ed5i n\u00e0o s\u1ebd \u0111\u01b0\u1ee3c \u0111\u0103ng tr\u00ean trang n\u00e0y v\u1edbi ng\u00e0y c\u00f3 hi\u1ec7u l\u1ef1c \u0111\u01b0\u1ee3c c\u1eadp nh\u1eadt. <\/span><\/p><ol start=\"10\"><li><b>  Li\u00ean h\u1ec7 v\u1edbi ch\u00fang t\u00f4i<\/b><\/li><\/ol><p><span style=\"font-weight: 400;\">N\u1ebfu b\u1ea1n c\u00f3 b\u1ea5t k\u1ef3 c\u00e2u h\u1ecfi n\u00e0o v\u1ec1 Ch\u00ednh s\u00e1ch b\u1ea3o m\u1eadt n\u00e0y, vui l\u00f2ng li\u00ean h\u1ec7 v\u1edbi ch\u00fang t\u00f4i:<\/span><\/p><p><b>Chuy\u1ebfn tham quan nghi\u00ean c\u1ee9u r\u1ed3ng<\/b><span style=\"font-weight: 400;\"><br><\/span> <span style=\"font-weight: 400;\">C\u00f4ng ty TNHH Trung t\u00e2m ngo\u1ea1i ng\u1eef qu\u1ed1c t\u1ebf<\/span><span style=\"font-weight: 400;\"><br><\/span> <span style=\"font-weight: 400;\">The Palm, 20\/48 Soi Hua Hin 97, \u0110\u01b0\u1eddng Petchkasem, Hua Hin, Prachuap Khiri Khan 77110, Th\u00e1i Lan<\/span><span style=\"font-weight: 400;\"><br><\/span> <b>Email:<\/b> <span style=\"font-weight: 400;\">info@dragonstudy.org<\/span><span style=\"font-weight: 400;\"><br><\/span> <b>\u0110i\u1ec7n tho\u1ea1i:<\/b> <span style=\"font-weight: 400;\">+66 98-936-6978<\/span><\/p>\t\t\t\t\t\t\t\t<\/div>\n\t\t\t\t<\/div>\n\t\t\t\t<\/div>\n\t\t\t\t\t<\/div>\n\t\t\t\t<\/div>\n\t\t\t\t<\/div>\n\t\t","protected":false},"excerpt":{"rendered":"<p>Quy\u1ec1n ri\u00eang t\u01b0 c\u1ee7a b\u1ea1n r\u1ea5t quan tr\u1ecdng: C\u00e1ch ch\u00fang t\u00f4i thu th\u1eadp, s\u1eed d\u1ee5ng v\u00e0 b\u1ea3o v\u1ec7 th\u00f4ng tin [&hellip;]<\/p>\n","protected":false},"author":2,"featured_media":0,"parent":0,"menu_order":0,"comment_status":"closed","ping_status":"closed","template":"","meta":{"_acf_changed":false,"site-sidebar-layout":"no-sidebar","site-content-layout":"","ast-site-content-layout":"full-width-container","site-content-style":"default","site-sidebar-style":"default","ast-global-header-display":"","ast-banner-title-visibility":"","ast-main-header-display":"","ast-hfb-above-header-display":"","ast-hfb-below-header-display":"","ast-hfb-mobile-header-display":"","site-post-title":"disabled","ast-breadcrumbs-content":"","ast-featured-img":"disabled","footer-sml-layout":"","ast-disable-related-posts":"","theme-transparent-header-meta":"default","adv-header-id-meta":"","stick-header-meta":"","header-above-stick-meta":"","header-main-stick-meta":"","header-below-stick-meta":"","astra-migrate-meta-layouts":"default","ast-page-background-enabled":"default","ast-page-background-meta":{"desktop":{"background-color":"var(--ast-global-color-5)","background-image":"","background-repeat":"repeat","background-position":"center center","background-size":"auto","background-attachment":"scroll","background-type":"","background-media":"","overlay-type":"","overlay-color":"","overlay-opacity":"","overlay-gradient":""},"tablet":{"background-color":"","background-image":"","background-repeat":"repeat","background-position":"center center","background-size":"auto","background-attachment":"scroll","background-type":"","background-media":"","overlay-type":"","overlay-color":"","overlay-opacity":"","overlay-gradient":""},"mobile":{"background-color":"","background-image":"","background-repeat":"repeat","background-position":"center center","background-size":"auto","background-attachment":"scroll","background-type":"","background-media":"","overlay-type":"","overlay-color":"","overlay-opacity":"","overlay-gradient":""}},"ast-content-background-meta":{"desktop":{"background-color":"var(--ast-global-color-4)","background-image":"","background-repeat":"repeat","background-position":"center center","background-size":"auto","background-attachment":"scroll","background-type":"","background-media":"","overlay-type":"","overlay-color":"","overlay-opacity":"","overlay-gradient":""},"tablet":{"background-color":"var(--ast-global-color-4)","background-image":"","background-repeat":"repeat","background-position":"center center","background-size":"auto","background-attachment":"scroll","background-type":"","background-media":"","overlay-type":"","overlay-color":"","overlay-opacity":"","overlay-gradient":""},"mobile":{"background-color":"var(--ast-global-color-4)","background-image":"","background-repeat":"repeat","background-position":"center center","background-size":"auto","background-attachment":"scroll","background-type":"","background-media":"","overlay-type":"","overlay-color":"","overlay-opacity":"","overlay-gradient":""}},"footnotes":""},"class_list":["post-5842","page","type-page","status-publish","hentry"],"acf":[],"_links":{"self":[{"href":"https:\/\/dragonstudy.org\/vi\/wp-json\/wp\/v2\/pages\/5842","targetHints":{"allow":["GET"]}}],"collection":[{"href":"https:\/\/dragonstudy.org\/vi\/wp-json\/wp\/v2\/pages"}],"about":[{"href":"https:\/\/dragonstudy.org\/vi\/wp-json\/wp\/v2\/types\/page"}],"author":[{"embeddable":true,"href":"https:\/\/dragonstudy.org\/vi\/wp-json\/wp\/v2\/users\/2"}],"replies":[{"embeddable":true,"href":"https:\/\/dragonstudy.org\/vi\/wp-json\/wp\/v2\/comments?post=5842"}],"version-history":[{"count":1,"href":"https:\/\/dragonstudy.org\/vi\/wp-json\/wp\/v2\/pages\/5842\/revisions"}],"predecessor-version":[{"id":5844,"href":"https:\/\/dragonstudy.org\/vi\/wp-json\/wp\/v2\/pages\/5842\/revisions\/5844"}],"wp:attachment":[{"href":"https:\/\/dragonstudy.org\/vi\/wp-json\/wp\/v2\/media?parent=5842"}],"curies":[{"name":"wp","href":"https:\/\/api.w.org\/{rel}","templated":true}]}}