{"id":5646,"date":"2025-02-23T04:59:05","date_gmt":"2025-02-22T21:59:05","guid":{"rendered":"https:\/\/dragonstudy.org\/chinh-sach-y-te-va-benh-tat\/"},"modified":"2025-03-02T09:46:40","modified_gmt":"2025-03-02T09:46:40","slug":"chinh-sach-y-te-va-benh-tat","status":"publish","type":"page","link":"https:\/\/dragonstudy.org\/vi\/chinh-sach-y-te-va-benh-tat\/","title":{"rendered":"Ch\u00ednh s\u00e1ch y t\u1ebf v\u00e0 b\u1ec7nh t\u1eadt"},"content":{"rendered":"\t\t<div data-elementor-type=\"wp-page\" data-elementor-id=\"5646\" class=\"elementor elementor-5646 elementor-1729\" data-elementor-post-type=\"page\">\n\t\t\t\t<div class=\"elementor-element elementor-element-f3e0060 e-flex e-con-boxed e-con e-parent\" data-id=\"f3e0060\" data-element_type=\"container\" data-e-type=\"container\" data-settings=\"{&quot;background_background&quot;:&quot;classic&quot;}\">\n\t\t\t\t\t<div class=\"e-con-inner\">\n\t\t<div class=\"elementor-element elementor-element-8ac2037 e-con-full e-flex e-con e-child\" data-id=\"8ac2037\" data-element_type=\"container\" data-e-type=\"container\">\n\t\t\t\t<div class=\"elementor-element elementor-element-5c61f9f elementor-icon-list--layout-inline elementor-align-center elementor-list-item-link-full_width elementor-widget elementor-widget-icon-list\" data-id=\"5c61f9f\" data-element_type=\"widget\" data-e-type=\"widget\" data-widget_type=\"icon-list.default\">\n\t\t\t\t<div class=\"elementor-widget-container\">\n\t\t\t\t\t\t\t<ul class=\"elementor-icon-list-items elementor-inline-items\">\n\t\t\t\t\t\t\t<li class=\"elementor-icon-list-item elementor-inline-item\">\n\t\t\t\t\t\t\t\t\t\t\t<a href=\"https:\/\/dragonstudy.org\/vi\/\">\n\n\t\t\t\t\t\t\t\t\t\t\t<span class=\"elementor-icon-list-text\">Trang ch\u1ee7<\/span>\n\t\t\t\t\t\t\t\t\t\t\t<\/a>\n\t\t\t\t\t\t\t\t\t<\/li>\n\t\t\t\t\t\t\t\t<li class=\"elementor-icon-list-item elementor-inline-item\">\n\t\t\t\t\t\t\t\t\t\t<span class=\"elementor-icon-list-text\">\/<\/span>\n\t\t\t\t\t\t\t\t\t<\/li>\n\t\t\t\t\t\t\t\t<li class=\"elementor-icon-list-item elementor-inline-item\">\n\t\t\t\t\t\t\t\t\t\t<span class=\"elementor-icon-list-text\">Ch\u00ednh s\u00e1ch y t\u1ebf v\u00e0 b\u1ec7nh t\u1eadt<\/span>\n\t\t\t\t\t\t\t\t\t<\/li>\n\t\t\t\t\t\t<\/ul>\n\t\t\t\t\t\t<\/div>\n\t\t\t\t<\/div>\n\t\t\t\t<\/div>\n\t\t\t\t\t<\/div>\n\t\t\t\t<\/div>\n\t\t<div class=\"elementor-element elementor-element-1f9ef35 e-flex e-con-boxed e-con e-parent\" data-id=\"1f9ef35\" data-element_type=\"container\" data-e-type=\"container\">\n\t\t\t\t\t<div class=\"e-con-inner\">\n\t\t<div class=\"elementor-element elementor-element-605e50d e-con-full e-flex e-con e-child\" data-id=\"605e50d\" data-element_type=\"container\" data-e-type=\"container\">\n\t\t\t\t<div class=\"elementor-element elementor-element-34fba39 elementor-widget elementor-widget-text-editor\" data-id=\"34fba39\" data-element_type=\"widget\" data-e-type=\"widget\" data-widget_type=\"text-editor.default\">\n\t\t\t\t<div class=\"elementor-widget-container\">\n\t\t\t\t\t\t\t\t\t<h2><b>1. Chu\u1ea9n b\u1ecb s\u1ee9c kh\u1ecfe tr\u01b0\u1edbc khi kh\u1edfi h\u00e0nh<\/b><\/h2><ul><li style=\"font-weight: 400;\" aria-level=\"1\"><b>Ti\u1ebft l\u1ed9 y t\u1ebf:<\/b> <span style=\"font-weight: 400;\">T\u1ea5t c\u1ea3 ng\u01b0\u1eddi tham gia \u0111\u01b0\u1ee3c y\u00eau c\u1ea7u ti\u1ebft l\u1ed9 b\u1ea5t k\u1ef3 t\u00ecnh tr\u1ea1ng b\u1ec7nh l\u00fd, d\u1ecb \u1ee9ng ho\u1eb7c h\u1ea1n ch\u1ebf ch\u1ebf \u0111\u1ed9 \u0103n u\u1ed1ng n\u00e0o hi\u1ec7n c\u00f3 \u00edt nh\u1ea5t<\/span> <b>30 ng\u00e0y tr\u01b0\u1edbc khi \u0111\u1ebfn<\/b><span style=\"font-weight: 400;\">. Th\u00f4ng tin n\u00e0y r\u1ea5t quan tr\u1ecdng \u0111\u1ec3 \u0111\u1ea3m b\u1ea3o vi\u1ec7c ch\u0103m s\u00f3c v\u00e0 h\u1ed7 tr\u1ee3 ph\u00f9 h\u1ee3p trong su\u1ed1t ch\u01b0\u01a1ng tr\u00ecnh. <\/span><\/li><li style=\"font-weight: 400;\" aria-level=\"1\"><b>Ti\u00eam ch\u1ee7ng v\u00e0 bi\u1ec7n ph\u00e1p ph\u00f2ng ng\u1eeba s\u1ee9c kh\u1ecfe:<\/b> <span style=\"font-weight: 400;\">Ng\u01b0\u1eddi tham gia n\u00ean tham kh\u1ea3o \u00fd ki\u1ebfn c\u1ee7a nh\u00e0 cung c\u1ea5p d\u1ecbch v\u1ee5 ch\u0103m s\u00f3c s\u1ee9c kh\u1ecfe ho\u1eb7c chuy\u00ean gia y t\u1ebf du l\u1ecbch \u0111\u1ec3 nh\u1eadn \u0111\u01b0\u1ee3c c\u00e1c lo\u1ea1i v\u1eafc-xin \u0111\u01b0\u1ee3c khuy\u1ebfn ngh\u1ecb v\u00e0 l\u1eddi khuy\u00ean v\u1ec1 s\u1ee9c kh\u1ecfe li\u00ean quan \u0111\u1ebfn vi\u1ec7c \u0111i du l\u1ecbch \u1edf Th\u00e1i Lan.<\/span><\/li><\/ul><h2><b>2. Y\u00eau c\u1ea7u v\u1ec1 b\u1ea3o hi\u1ec3m y t\u1ebf<\/b><\/h2><ul><li style=\"font-weight: 400;\" aria-level=\"1\"><b>B\u1ea3o hi\u1ec3m b\u1eaft bu\u1ed9c:<\/b> <span style=\"font-weight: 400;\">Ng\u01b0\u1eddi tham gia ph\u1ea3i c\u00f3 b\u1ea3o hi\u1ec3m du l\u1ecbch v\u00e0 y t\u1ebf to\u00e0n di\u1ec7n bao g\u1ed3m:<\/span><ul><li style=\"font-weight: 400;\" aria-level=\"2\"><span style=\"font-weight: 400;\">C\u1ea5p c\u1ee9u y t\u1ebf<\/span><\/li><li style=\"font-weight: 400;\" aria-level=\"2\"><span style=\"font-weight: 400;\">Nh\u1eadp vi\u1ec7n<\/span><\/li><li style=\"font-weight: 400;\" aria-level=\"2\"><span style=\"font-weight: 400;\">Di t\u1ea3n y t\u1ebf<\/span><\/li><li style=\"font-weight: 400;\" aria-level=\"2\"><span style=\"font-weight: 400;\">S\u1ef1 h\u1ed3i h\u01b0\u01a1ng<\/span><\/li><\/ul><\/li><li style=\"font-weight: 400;\" aria-level=\"1\"><b>B\u1eb1ng ch\u1ee9ng b\u1ea3o hi\u1ec3m:<\/b> <span style=\"font-weight: 400;\">M\u1ed9t b\u1ea3n sao c\u1ee7a h\u1ee3p \u0111\u1ed3ng b\u1ea3o hi\u1ec3m, bao g\u1ed3m s\u1ed1 \u0111i\u1ec7n tho\u1ea1i li\u00ean l\u1ea1c kh\u1ea9n c\u1ea5p, ph\u1ea3i \u0111\u01b0\u1ee3c n\u1ed9p cho<\/span> <b>Dragon Study Tours<\/b> <span style=\"font-weight: 400;\">ch\u1eadm nh\u1ea5t l\u00e0<\/span> <b>30 ng\u00e0y tr\u01b0\u1edbc khi \u0111\u1ebfn<\/b> <span style=\"font-weight: 400;\">.<\/span><\/li><\/ul><h2><b>3. Qu\u1ea3n l\u00fd s\u1ee9c kh\u1ecfe theo ch\u01b0\u01a1ng tr\u00ecnh<\/b><\/h2><ul><li style=\"font-weight: 400;\" aria-level=\"1\"><b>Ch\u0103m s\u00f3c ngay l\u1eadp t\u1ee9c:<\/b> <span style=\"font-weight: 400;\">Trong tr\u01b0\u1eddng h\u1ee3p b\u1ecb b\u1ec7nh ho\u1eb7c b\u1ecb th\u01b0\u01a1ng, ng\u01b0\u1eddi tham gia s\u1ebd \u0111\u01b0\u1ee3c m\u1ed9t th\u00e0nh vi\u00ean c\u1ee7a<\/span> nh\u00f3m <b>Dragon Study Tours<\/b> <span style=\"font-weight: 400;\">v\u00e0 tr\u01b0\u1edfng nh\u00f3m \u0111i c\u00f9ng \u0111\u1ebfn c\u01a1 s\u1edf ch\u0103m s\u00f3c s\u1ee9c kh\u1ecfe \u0111\u1ecba ph\u01b0\u01a1ng \u0111\u1ec3 \u0111\u00e1nh gi\u00e1 v\u00e0 \u0111i\u1ec1u tr\u1ecb.<\/span><\/li><li style=\"font-weight: 400;\" aria-level=\"1\"><b>Chi ph\u00ed y t\u1ebf:<\/b><span style=\"font-weight: 400;\">  M\u1ecdi chi ph\u00ed y t\u1ebf ph\u00e1t sinh, bao g\u1ed3m c\u1ea3 chi ph\u00ed \u0111i l\u1ea1i \u0111\u1ebfn c\u00e1c c\u01a1 s\u1edf y t\u1ebf, \u0111\u1ec1u do ng\u01b0\u1eddi tham gia ch\u1ecbu tr\u00e1ch nhi\u1ec7m. Ng\u01b0\u1eddi tham gia n\u00ean \u0111\u1ea3m b\u1ea3o h\u1ee3p \u0111\u1ed3ng b\u1ea3o hi\u1ec3m c\u1ee7a m\u00ecnh cung c\u1ea5p \u0111\u1ee7 ph\u1ea1m vi b\u1ea3o hi\u1ec3m v\u00e0 s\u1eb5n s\u00e0ng chi tr\u1ea3 chi ph\u00ed tr\u01b0\u1edbc, t\u00ecm ki\u1ebfm s\u1ef1 ho\u00e0n tr\u1ea3 t\u1eeb nh\u00e0 cung c\u1ea5p b\u1ea3o hi\u1ec3m c\u1ee7a m\u00ecnh n\u1ebfu c\u1ea7n thi\u1ebft. <\/span><\/li><li style=\"font-weight: 400;\" aria-level=\"1\"><b>Giao ti\u1ebfp:<\/b> <span style=\"font-weight: 400;\">\u0110\u1ed9i<\/span> ng\u0169 <b>Dragon Study Tours<\/b> <span style=\"font-weight: 400;\">s\u1ebd nhanh ch\u00f3ng th\u00f4ng b\u00e1o cho ng\u01b0\u1eddi li\u00ean l\u1ea1c kh\u1ea9n c\u1ea5p, nh\u00e0 tr\u01b0\u1eddng ho\u1eb7c \u0111\u1ea1i l\u00fd c\u1ee7a ng\u01b0\u1eddi tham gia v\u1ec1 b\u1ea5t k\u1ef3 v\u1ea5n \u0111\u1ec1 ho\u1eb7c s\u1ef1 c\u1ed1 s\u1ee9c kh\u1ecfe \u0111\u00e1ng k\u1ec3 n\u00e0o.<\/span><\/li><\/ul><h2><b>4. Qu\u1ea3n l\u00fd thu\u1ed1c<\/b><\/h2><ul><li style=\"font-weight: 400;\" aria-level=\"1\"><b>Thu\u1ed1c c\u00e1 nh\u00e2n:<\/b><span style=\"font-weight: 400;\">  Ng\u01b0\u1eddi tham gia ph\u1ea3i mang theo \u0111\u1ee7 thu\u1ed1c theo toa, \u0111\u01b0\u1ee3c b\u1ea3o qu\u1ea3n trong bao b\u00ec g\u1ed1c. N\u00ean mang theo m\u1ed9t b\u1ea3n sao \u0111\u01a1n thu\u1ed1c v\u00e0 m\u1ed9t l\u00e1 th\u01b0 t\u1eeb b\u00e1c s\u0129 k\u00ea \u0111\u01a1n n\u00eau chi ti\u1ebft t\u00ecnh tr\u1ea1ng b\u1ec7nh v\u00e0 ch\u1ebf \u0111\u1ed9 d\u00f9ng thu\u1ed1c. <\/span><\/li><li style=\"font-weight: 400;\" aria-level=\"1\"><b>Thu\u1ed1c kh\u00f4ng k\u00ea \u0111\u01a1n:<\/b> <span style=\"font-weight: 400;\">M\u1eb7c d\u00f9 c\u00f3 s\u1eb5n c\u00e1c lo\u1ea1i thu\u1ed1c c\u01a1 b\u1ea3n kh\u00f4ng k\u00ea \u0111\u01a1n, nh\u1eefng ng\u01b0\u1eddi tham gia c\u00f3 s\u1edf th\u00edch ho\u1eb7c nhu c\u1ea7u c\u1ee5 th\u1ec3 n\u00ean t\u1ef1 mang theo thu\u1ed1c c\u1ee7a m\u00ecnh.<\/span><\/li><\/ul><h2><b>5. Nhu c\u1ea7u \u0103n u\u1ed1ng \u0111\u1eb7c bi\u1ec7t<\/b><\/h2><ul><li style=\"font-weight: 400;\" aria-level=\"1\"><b>Th\u00f4ng b\u00e1o tr\u01b0\u1edbc:<\/b> <span style=\"font-weight: 400;\">Nh\u1eefng ng\u01b0\u1eddi tham gia c\u00f3 y\u00eau c\u1ea7u ch\u1ebf \u0111\u1ed9 \u0103n u\u1ed1ng \u0111\u1eb7c bi\u1ec7t ph\u1ea3i th\u00f4ng b\u00e1o cho<\/span> <b>Dragon Study Tours<\/b> <span style=\"font-weight: 400;\">\u00edt nh\u1ea5t<\/span> <b>14 ng\u00e0y tr\u01b0\u1edbc khi \u0111\u1ebfn<\/b><span style=\"font-weight: 400;\">. M\u1eb7c d\u00f9 ch\u00fang t\u00f4i s\u1ebd n\u1ed7 l\u1ef1c \u0111\u00e1p \u1ee9ng nh\u1eefng nhu c\u1ea7u n\u00e0y, nh\u01b0ng nh\u1eefng ng\u01b0\u1eddi tham gia c\u00f3 ch\u1ebf \u0111\u1ed9 \u0103n ki\u00eang nghi\u00eam ng\u1eb7t n\u00ean mang theo \u0111\u1ed3 \u0103n nh\u1eb9 ho\u1eb7c th\u1ef1c ph\u1ea9m b\u1ed5 sung. <\/span><\/li><\/ul><h2><b>6. Giao th\u1ee9c kh\u1ea9n c\u1ea5p<\/b><\/h2><ul><li style=\"font-weight: 400;\" aria-level=\"1\"><b>B\u1ec7nh t\u1eadt ho\u1eb7c th\u01b0\u01a1ng t\u00edch nghi\u00eam tr\u1ecdng:<\/b> <span style=\"font-weight: 400;\">Trong tr\u01b0\u1eddng h\u1ee3p b\u1ec7nh t\u1eadt ho\u1eb7c th\u01b0\u01a1ng t\u00edch nghi\u00eam tr\u1ecdng c\u1ea7n ph\u1ea3i nh\u1eadp vi\u1ec7n ho\u1eb7c di t\u1ea3n y t\u1ebf,<\/span> <b>Dragon Study Tours<\/b> <span style=\"font-weight: 400;\">s\u1ebd ph\u1ed1i h\u1ee3p v\u1edbi c\u00e1c d\u1ecbch v\u1ee5 y t\u1ebf \u0111\u1ecba ph\u01b0\u01a1ng v\u00e0 c\u00f4ng ty b\u1ea3o hi\u1ec3m c\u1ee7a ng\u01b0\u1eddi tham gia \u0111\u1ec3 t\u1ea1o \u0111i\u1ec1u ki\u1ec7n ch\u0103m s\u00f3c c\u1ea7n thi\u1ebft.<\/span><\/li><li style=\"font-weight: 400;\" aria-level=\"1\"><b>Di t\u1ea3n y t\u1ebf:<\/b><span style=\"font-weight: 400;\">  N\u1ebfu vi\u1ec7c s\u01a1 t\u00e1n y t\u1ebf \u0111\u01b0\u1ee3c coi l\u00e0 c\u1ea7n thi\u1ebft, t\u1ea5t c\u1ea3 c\u00e1c chi ph\u00ed li\u00ean quan \u0111\u1ec1u do ng\u01b0\u1eddi tham gia ch\u1ecbu tr\u00e1ch nhi\u1ec7m. \u0110i\u1ec1u b\u1eaft bu\u1ed9c l\u00e0 h\u1ee3p \u0111\u1ed3ng b\u1ea3o hi\u1ec3m c\u1ee7a ng\u01b0\u1eddi tham gia ph\u1ea3i bao g\u1ed3m c\u00e1c t\u00ecnh hu\u1ed1ng nh\u01b0 v\u1eady. <\/span><\/li><\/ul><h2><b>7. Tr\u00e1ch nhi\u1ec7m c\u1ee7a ng\u01b0\u1eddi tham gia<\/b><\/h2><ul><li style=\"font-weight: 400;\" aria-level=\"1\"><b>Bi\u1ec7n ph\u00e1p ph\u00f2ng ng\u1eeba s\u1ee9c kh\u1ecfe:<\/b> <span style=\"font-weight: 400;\">Ng\u01b0\u1eddi tham gia \u0111\u01b0\u1ee3c y\u00eau c\u1ea7u th\u1ef1c hi\u1ec7n c\u00e1c bi\u1ec7n ph\u00e1p ch\u1ee7 \u0111\u1ed9ng \u0111\u1ec3 duy tr\u00ec s\u1ee9c kh\u1ecfe, bao g\u1ed3m u\u1ed1ng \u0111\u1ee7 n\u01b0\u1edbc, th\u1ef1c h\u00e0nh v\u1ec7 sinh t\u1ed1t v\u00e0 tu\u00e2n th\u1ee7 c\u00e1c h\u01b0\u1edbng d\u1eabn an to\u00e0n do<\/span> nh\u00f3m <b>Dragon Study Tours<\/b> cung c\u1ea5p <span style=\"font-weight: 400;\">.<\/span><\/li><li style=\"font-weight: 400;\" aria-level=\"1\"><b>K\u1ef3 v\u1ecdng v\u1ec1 h\u00e0nh vi:<\/b> <span style=\"font-weight: 400;\">Tham gia v\u00e0o c\u00e1c ho\u1ea1t \u0111\u1ed9ng c\u1ed1 \u00fd g\u00e2y t\u1ed5n h\u1ea1i \u0111\u1ebfn s\u1ee9c kh\u1ecfe ho\u1eb7c s\u1ef1 an to\u00e0n c\u1ee7a b\u1ea3n th\u00e2n ho\u1eb7c c\u1ee7a ng\u01b0\u1eddi kh\u00e1c c\u00f3 th\u1ec3 d\u1eabn \u0111\u1ebfn vi\u1ec7c b\u1ecb \u0111u\u1ed5i kh\u1ecfi ch\u01b0\u01a1ng tr\u00ecnh m\u00e0 kh\u00f4ng \u0111\u01b0\u1ee3c ho\u00e0n l\u1ea1i ti\u1ec1n.<\/span><\/li><\/ul><h2><b>8. B\u1ea3o m\u1eadt<\/b><\/h2><ul><li style=\"font-weight: 400;\" aria-level=\"1\"><b>\u0110\u1ea3m b\u1ea3o quy\u1ec1n ri\u00eang t\u01b0:<\/b> <span style=\"font-weight: 400;\">M\u1ecdi th\u00f4ng tin y t\u1ebf do ng\u01b0\u1eddi tham gia cung c\u1ea5p s\u1ebd \u0111\u01b0\u1ee3c x\u1eed l\u00fd b\u1ea3o m\u1eadt nghi\u00eam ng\u1eb7t v\u00e0 ch\u1ec9 \u0111\u01b0\u1ee3c chia s\u1ebb v\u1edbi nh\u00e2n vi\u00ean ch\u1ecbu tr\u00e1ch nhi\u1ec7m tr\u1ef1c ti\u1ebfp v\u1ec1 vi\u1ec7c ch\u0103m s\u00f3c v\u00e0 s\u1ee9c kh\u1ecfe c\u1ee7a ng\u01b0\u1eddi tham gia.<\/span><\/li><\/ul><p><span style=\"font-weight: 400;\">Ch\u00ednh s\u00e1ch n\u00e0y \u0111\u01b0\u1ee3c thi\u1ebft k\u1ebf \u0111\u1ec3 \u0111\u1ea3m b\u1ea3o m\u1ed9t m\u00f4i tr\u01b0\u1eddng an to\u00e0n v\u00e0 h\u1ed7 tr\u1ee3 cho t\u1ea5t c\u1ea3 ng\u01b0\u1eddi tham gia. Vi\u1ec7c tu\u00e2n th\u1ee7 c\u00e1c h\u01b0\u1edbng d\u1eabn n\u00e0y l\u00e0 \u0111i\u1ec1u c\u1ea7n thi\u1ebft cho s\u1ee9c kh\u1ecfe c\u1ee7a c\u1ea3 ng\u01b0\u1eddi tham gia v\u00e0 nh\u00e2n vi\u00ean. <\/span><\/p><p><span style=\"font-weight: 400;\">N\u1ebfu b\u1ea1n c\u00f3 b\u1ea5t k\u1ef3 c\u00e2u h\u1ecfi n\u00e0o kh\u00e1c ho\u1eb7c c\u1ea7n th\u00eam th\u00f4ng tin, xin vui l\u00f2ng h\u1ecfi.<\/span><\/p>\t\t\t\t\t\t\t\t<\/div>\n\t\t\t\t<\/div>\n\t\t\t\t<\/div>\n\t\t\t\t\t<\/div>\n\t\t\t\t<\/div>\n\t\t\t\t<\/div>\n\t\t","protected":false},"excerpt":{"rendered":"<p>Trang ch\u1ee7 \/ Ch\u00ednh s\u00e1ch y t\u1ebf v\u00e0 b\u1ec7nh t\u1eadt 1. Chu\u1ea9n b\u1ecb s\u1ee9c kh\u1ecfe tr\u01b0\u1edbc khi kh\u1edfi h\u00e0nh Ti\u1ebft [&hellip;]<\/p>\n","protected":false},"author":2,"featured_media":15277,"parent":0,"menu_order":0,"comment_status":"closed","ping_status":"closed","template":"","meta":{"_acf_changed":false,"site-sidebar-layout":"no-sidebar","site-content-layout":"","ast-site-content-layout":"full-width-container","site-content-style":"default","site-sidebar-style":"default","ast-global-header-display":"","ast-banner-title-visibility":"","ast-main-header-display":"","ast-hfb-above-header-display":"","ast-hfb-below-header-display":"","ast-hfb-mobile-header-display":"","site-post-title":"disabled","ast-breadcrumbs-content":"","ast-featured-img":"disabled","footer-sml-layout":"","ast-disable-related-posts":"","theme-transparent-header-meta":"default","adv-header-id-meta":"","stick-header-meta":"","header-above-stick-meta":"","header-main-stick-meta":"","header-below-stick-meta":"","astra-migrate-meta-layouts":"default","ast-page-background-enabled":"default","ast-page-background-meta":{"desktop":{"background-color":"var(--ast-global-color-5)","background-image":"","background-repeat":"repeat","background-position":"center center","background-size":"auto","background-attachment":"scroll","background-type":"","background-media":"","overlay-type":"","overlay-color":"","overlay-opacity":"","overlay-gradient":""},"tablet":{"background-color":"","background-image":"","background-repeat":"repeat","background-position":"center center","background-size":"auto","background-attachment":"scroll","background-type":"","background-media":"","overlay-type":"","overlay-color":"","overlay-opacity":"","overlay-gradient":""},"mobile":{"background-color":"","background-image":"","background-repeat":"repeat","background-position":"center center","background-size":"auto","background-attachment":"scroll","background-type":"","background-media":"","overlay-type":"","overlay-color":"","overlay-opacity":"","overlay-gradient":""}},"ast-content-background-meta":{"desktop":{"background-color":"var(--ast-global-color-4)","background-image":"","background-repeat":"repeat","background-position":"center center","background-size":"auto","background-attachment":"scroll","background-type":"","background-media":"","overlay-type":"","overlay-color":"","overlay-opacity":"","overlay-gradient":""},"tablet":{"background-color":"var(--ast-global-color-4)","background-image":"","background-repeat":"repeat","background-position":"center center","background-size":"auto","background-attachment":"scroll","background-type":"","background-media":"","overlay-type":"","overlay-color":"","overlay-opacity":"","overlay-gradient":""},"mobile":{"background-color":"var(--ast-global-color-4)","background-image":"","background-repeat":"repeat","background-position":"center center","background-size":"auto","background-attachment":"scroll","background-type":"","background-media":"","overlay-type":"","overlay-color":"","overlay-opacity":"","overlay-gradient":""}},"footnotes":""},"class_list":["post-5646","page","type-page","status-publish","has-post-thumbnail","hentry"],"acf":[],"_links":{"self":[{"href":"https:\/\/dragonstudy.org\/vi\/wp-json\/wp\/v2\/pages\/5646","targetHints":{"allow":["GET"]}}],"collection":[{"href":"https:\/\/dragonstudy.org\/vi\/wp-json\/wp\/v2\/pages"}],"about":[{"href":"https:\/\/dragonstudy.org\/vi\/wp-json\/wp\/v2\/types\/page"}],"author":[{"embeddable":true,"href":"https:\/\/dragonstudy.org\/vi\/wp-json\/wp\/v2\/users\/2"}],"replies":[{"embeddable":true,"href":"https:\/\/dragonstudy.org\/vi\/wp-json\/wp\/v2\/comments?post=5646"}],"version-history":[{"count":4,"href":"https:\/\/dragonstudy.org\/vi\/wp-json\/wp\/v2\/pages\/5646\/revisions"}],"predecessor-version":[{"id":5656,"href":"https:\/\/dragonstudy.org\/vi\/wp-json\/wp\/v2\/pages\/5646\/revisions\/5656"}],"wp:featuredmedia":[{"embeddable":true,"href":"https:\/\/dragonstudy.org\/vi\/wp-json\/wp\/v2\/media\/15277"}],"wp:attachment":[{"href":"https:\/\/dragonstudy.org\/vi\/wp-json\/wp\/v2\/media?parent=5646"}],"curies":[{"name":"wp","href":"https:\/\/api.w.org\/{rel}","templated":true}]}}