{"id":4926,"date":"2025-03-01T05:47:38","date_gmt":"2025-02-28T22:47:38","guid":{"rendered":"https:\/\/dragonstudy.org\/chinh-sach-dien-thoai-di-dong\/"},"modified":"2025-03-22T00:49:28","modified_gmt":"2025-03-22T00:49:28","slug":"chinh-sach-dien-thoai-di-dong","status":"publish","type":"page","link":"https:\/\/dragonstudy.org\/vi\/chinh-sach-dien-thoai-di-dong\/","title":{"rendered":"Ch\u00ednh s\u00e1ch \u0111i\u1ec7n tho\u1ea1i di \u0111\u1ed9ng"},"content":{"rendered":"\t\t<div data-elementor-type=\"wp-page\" data-elementor-id=\"4926\" class=\"elementor elementor-4926 elementor-2701\" data-elementor-post-type=\"page\">\n\t\t\t\t<div class=\"elementor-element elementor-element-1e721cd e-flex e-con-boxed e-con e-parent\" data-id=\"1e721cd\" data-element_type=\"container\" data-e-type=\"container\" data-settings=\"{&quot;background_background&quot;:&quot;classic&quot;}\">\n\t\t\t\t\t<div class=\"e-con-inner\">\n\t\t<div class=\"elementor-element elementor-element-0a24ef4 e-con-full e-flex e-con e-child\" data-id=\"0a24ef4\" data-element_type=\"container\" data-e-type=\"container\">\n\t\t\t\t<div class=\"elementor-element elementor-element-b9c1fcb elementor-widget elementor-widget-heading\" data-id=\"b9c1fcb\" data-element_type=\"widget\" data-e-type=\"widget\" data-widget_type=\"heading.default\">\n\t\t\t\t<div class=\"elementor-widget-container\">\n\t\t\t\t\t<p class=\"elementor-heading-title elementor-size-default\">Gi\u00fap H\u1ecdc sinh T\u1eadp trung, Tham gia v\u00e0 \u0110\u1ea1t \u0111\u01b0\u1ee3c Ti\u1ebfn b\u1ed9 Th\u1ef1c s\u1ef1<\/p>\t\t\t\t<\/div>\n\t\t\t\t<\/div>\n\t\t\t\t<\/div>\n\t\t\t\t\t<\/div>\n\t\t\t\t<\/div>\n\t\t<div class=\"elementor-element elementor-element-272c6f6 e-flex e-con-boxed e-con e-parent\" data-id=\"272c6f6\" data-element_type=\"container\" data-e-type=\"container\">\n\t\t\t\t\t<div class=\"e-con-inner\">\n\t\t<div class=\"elementor-element elementor-element-aaf191f e-con-full e-flex e-con e-child\" data-id=\"aaf191f\" data-element_type=\"container\" data-e-type=\"container\">\n\t\t\t\t<div class=\"elementor-element elementor-element-1ca2132 elementor-widget elementor-widget-text-editor\" data-id=\"1ca2132\" data-element_type=\"widget\" data-e-type=\"widget\" data-widget_type=\"text-editor.default\">\n\t\t\t\t<div class=\"elementor-widget-container\">\n\t\t\t\t\t\t\t\t\t<p><span style=\"font-weight: 400;\">T\u1ea1i Dragon Study Tours, ch\u00fang t\u00f4i cam k\u1ebft t\u1ea1o ra m\u1ed9t m\u00f4i tr\u01b0\u1eddng \u0111\u1eafm ch\u00ecm, kh\u00f4ng b\u1ecb ph\u00e2n t\u00e2m, n\u01a1i h\u1ecdc sinh c\u00f3 th\u1ec3 t\u1eadp trung v\u00e0o vi\u1ec7c c\u1ea3i thi\u1ec7n k\u1ef9 n\u0103ng giao ti\u1ebfp, x\u00e2y d\u1ef1ng s\u1ef1 t\u1ef1 tin v\u00e0 t\u1eadn d\u1ee5ng t\u1ed1i \u0111a tr\u1ea3i nghi\u1ec7m c\u1ee7a m\u00ecnh. \u0110\u1ec3 duy tr\u00ec \u0111i\u1ec1u n\u00e0y, ch\u00fang t\u00f4i \u0111\u00e3 th\u1ef1c hi\u1ec7n ch\u00ednh s\u00e1ch nghi\u00eam ng\u1eb7t v\u1ec1 \u0111i\u1ec7n tho\u1ea1i di \u0111\u1ed9ng, &nbsp;<\/span><b>\u0111\u01b0\u1ee3c m\u00f4 ph\u1ecfng theo ph\u01b0\u01a1ng ph\u00e1p \u0111\u01b0\u1ee3c s\u1eed d\u1ee5ng t\u1ea1i Eton College, m\u1ed9t trong nh\u1eefng tr\u01b0\u1eddng h\u00e0ng \u0111\u1ea7u V\u01b0\u01a1ng qu\u1ed1c Anh.<\/b><\/p>\n<p><span style=\"font-weight: 400;\">Eton t\u1eeb l\u00e2u \u0111\u00e3 nh\u1eadn ra t\u1ea7m quan tr\u1ecdng c\u1ee7a vi\u1ec7c gi\u1ea3m thi\u1ec3u s\u1ef1 xao nh\u00e3ng k\u1ef9 thu\u1eadt s\u1ed1 \u0111\u1ec3 th\u00fac \u0111\u1ea9y giao ti\u1ebfp, t\u1eadp trung v\u00e0 ph\u00e1t tri\u1ec3n c\u00e1 nh\u00e2n t\u1ed1t h\u01a1n. Ch\u00ednh s\u00e1ch c\u1ee7a ch\u00fang t\u00f4i \u0111\u1ea3m b\u1ea3o r\u1eb1ng h\u1ecdc sinh tham gia \u0111\u1ea7y \u0111\u1ee7 v\u00e0o vi\u1ec7c h\u1ecdc thay v\u00ec d\u1ef1a v\u00e0o \u0111i\u1ec7n tho\u1ea1i c\u1ee7a m\u00ecnh. T\u1ea1i Dragon Study Tours, ch\u00fang t\u00f4i tu\u00e2n theo tri\u1ebft l\u00fd t\u01b0\u01a1ng t\u1ef1 n\u00e0y \u0111\u1ec3 gi\u00fap h\u1ecdc sinh ph\u00e1t huy t\u1ed1i \u0111a ti\u1ec1m n\u0103ng c\u1ee7a m\u00ecnh v\u00e0 \u0111\u1ea1t \u0111\u01b0\u1ee3c ti\u1ebfn b\u1ed9 th\u1ef1c s\u1ef1 trong ti\u1ebfng Anh. <\/span><\/p>\n<ol>\n<li><b> Kh\u00f4ng c\u00f3 \u0111i\u1ec7n tho\u1ea1i di \u0111\u1ed9ng trong Trung t\u00e2m ng\u00f4n ng\u1eef<\/b><\/li>\n<\/ol>\n<ul>\n<li style=\"font-weight: 400;\" aria-level=\"1\"><span style=\"font-weight: 400;\">H\u1ecdc vi\u00ean kh\u00f4ng \u0111\u01b0\u1ee3c mang \u0111i\u1ec7n tho\u1ea1i di \u0111\u1ed9ng v\u00e0o Trung t\u00e2m ng\u00f4n ng\u1eef.<\/span><\/li>\n<li style=\"font-weight: 400;\" aria-level=\"1\"><span style=\"font-weight: 400;\">\u0110i\u1ec7n tho\u1ea1i ph\u1ea3i \u0111\u01b0\u1ee3c c\u1ea5t gi\u1eef trong h\u1ed9p kh\u00f3a an to\u00e0n t\u1ea1i n\u01a1i \u1edf tr\u01b0\u1edbc khi gi\u1edd h\u1ecdc b\u1eaft \u0111\u1ea7u l\u00fac 08:30.<\/span><\/li>\n<li style=\"font-weight: 400;\" aria-level=\"1\"><span style=\"font-weight: 400;\">C\u00e1c ph\u00f2ng s\u1ebd b\u1ecb kh\u00f3a v\u00e0 nh\u00e2n vi\u00ean DST s\u1ebd theo d\u00f5i vi\u1ec7c ra v\u00e0o \u0111\u1ec3 \u0111\u1ea3m b\u1ea3o tu\u00e2n th\u1ee7.<\/span><\/li>\n<\/ul>\n<ol start=\"2\">\n<li><b> Th\u1eddi gian truy c\u1eadp \u0111i\u1ec7n tho\u1ea1i di \u0111\u1ed9ng<\/b><\/li>\n<\/ol>\n<ul>\n<li style=\"font-weight: 400;\" aria-level=\"1\"><span style=\"font-weight: 400;\">H\u1ecdc sinh s\u1ebd tr\u1ea3 l\u1ea1i \u0111i\u1ec7n tho\u1ea1i l\u00fac 11:40 sau gi\u1edd h\u1ecdc, gi\u00fap h\u1ecdc sinh c\u00f3 15 ph\u00fat \u0111\u1ec3 ki\u1ec3m tra tin nh\u1eafn v\u00e0 tr\u1ea3 l\u1eddi ph\u1ee5 huynh tr\u01b0\u1edbc khi c\u00e1c chuy\u1ebfn tham quan ho\u1eb7c ho\u1ea1t \u0111\u1ed9ng bu\u1ed5i chi\u1ec1u b\u1eaft \u0111\u1ea7u.<\/span><\/li>\n<li style=\"font-weight: 400;\" aria-level=\"1\"><span style=\"font-weight: 400;\">\u0110i\u1ec7n tho\u1ea1i c\u00f3 th\u1ec3 \u0111\u01b0\u1ee3c s\u1eed d\u1ee5ng v\u00e0o bu\u1ed5i t\u1ed1i trong n\u01a1i l\u01b0u tr\u00fa, nh\u01b0ng sinh vi\u00ean \u0111\u01b0\u1ee3c khuy\u1ebfn kh\u00edch \u01b0u ti\u00ean ngh\u1ec9 ng\u01a1i v\u00e0 tr\u00e1nh xa m\u00e0n h\u00ecnh \u0111i\u1ec7n tho\u1ea1i.<\/span><\/li>\n<\/ul>\n<ol start=\"3\">\n<li><b> Vai tr\u00f2 c\u1ee7a Tr\u01b0\u1edfng nh\u00f3m v\u00e0 \u0110\u1ea1i l\u00fd du l\u1ecbch ng\u00f4n ng\u1eef<\/b><\/li>\n<\/ol>\n<p><span style=\"font-weight: 400;\">Ch\u00fang t\u00f4i kh\u1ea9n c\u1ea7u c\u00e1c tr\u01b0\u1edfng nh\u00f3m h\u1ed7 tr\u1ee3 th\u1ef1c thi ch\u00ednh s\u00e1ch n\u00e0y v\u00e0 mong \u0111\u1ee3i c\u00e1c \u0111\u1ea1i l\u00fd du l\u1ecbch ng\u00f4n ng\u1eef gi\u1ea3i th\u00edch k\u1ef9 l\u01b0\u1ee1ng cho ph\u1ee5 huynh tr\u01b0\u1edbc khi cam k\u1ebft \u0111\u1eb7t ch\u1ed7. \u0110i\u1ec1u c\u1ea7n thi\u1ebft l\u00e0 t\u1ea5t c\u1ea3 c\u00e1c b\u00ean hi\u1ec3u v\u00e0 t\u00f4n tr\u1ecdng c\u00e1ch ti\u1ebfp c\u1eadn c\u1ee7a ch\u00fang t\u00f4i. <\/span><\/p>\n<p><span style=\"font-weight: 400;\">Ch\u00ednh s\u00e1ch n\u00e0y kh\u00f4ng ph\u1ea3i l\u00e0 t\u00f9y ch\u1ecdn\u2014ch\u00fang t\u00f4i th\u1ef1c s\u1ef1 coi tr\u1ecdng ch\u00ednh s\u00e1ch n\u00e0y v\u00ec ch\u00fang t\u00f4i mu\u1ed1n:<\/span><\/p>\n<ul>\n<li style=\"font-weight: 400;\" aria-level=\"1\"><span style=\"font-weight: 400;\">Cha m\u1eb9 mu\u1ed1n \u0111\u1ea1t \u0111\u01b0\u1ee3c gi\u00e1 tr\u1ecb t\u01b0\u01a1ng x\u1ee9ng v\u1edbi s\u1ed1 ti\u1ec1n b\u1ecf ra \u2013 h\u1ecd \u0111ang \u0111\u1ea7u t\u01b0 v\u00e0o vi\u1ec7c gi\u00e1o d\u1ee5c v\u00e0 ph\u00e1t tri\u1ec3n c\u00e1 nh\u00e2n c\u1ee7a con m\u00ecnh.<\/span><\/li>\n<li style=\"font-weight: 400;\" aria-level=\"1\"><span style=\"font-weight: 400;\">H\u1ecdc sinh c\u1ea3i thi\u1ec7n ti\u1ebfng Anh \u2013 vi\u1ec7c s\u1eed d\u1ee5ng \u0111i\u1ec7n tho\u1ea1i di \u0111\u1ed9ng li\u00ean t\u1ee5c s\u1ebd c\u1ea3n tr\u1edf s\u1ef1 ti\u1ebfn b\u1ed9, l\u00e0m gi\u1ea3m l\u1ee3i \u00edch c\u1ee7a vi\u1ec7c h\u1ecdc t\u1eadp chuy\u00ean s\u00e2u.<\/span><\/li>\n<\/ul>\n<p><span style=\"font-weight: 400;\">Cao \u0111\u1eb3ng Eton th\u1ef1c hi\u1ec7n c\u00e1c bi\u1ec7n ph\u00e1p t\u01b0\u01a1ng t\u1ef1 \u0111\u1ec3 \u0111\u1ea3m b\u1ea3o r\u1eb1ng sinh vi\u00ean ph\u00e1t tri\u1ec3n&nbsp; k\u1ef9 n\u0103ng giao ti\u1ebfp m\u1ea1nh m\u1ebd, k\u1ef7 lu\u1eadt v\u00e0 t\u00ednh \u0111\u1ed9c l\u1eadp\u2014nh\u1eefng ph\u1ea9m ch\u1ea5t thi\u1ebft y\u1ebfu cho s\u1ef1 ph\u00e1t tri\u1ec3n v\u1ec1 m\u1eb7t h\u1ecdc thu\u1eadt v\u00e0 c\u00e1 nh\u00e2n. B\u1eb1ng c\u00e1ch l\u00e0m theo m\u00f4 h\u00ecnh c\u1ee7a h\u1ecd, ch\u00fang t\u00f4i \u0111\u1ea3m b\u1ea3o r\u1eb1ng h\u1ecdc sinh t\u1ea1i Dragon Study Tours nh\u1eadn \u0111\u01b0\u1ee3c c\u00f9ng m\u1ed9t ti\u00eau chu\u1ea9n gi\u00e1o d\u1ee5c nh\u1eadp vai cao. <\/span><\/p>\n<ol start=\"4\">\n<li><b> S\u1ed1 li\u00ean l\u1ea1c kh\u1ea9n c\u1ea5p cho ph\u1ee5 huynh<\/b><\/li>\n<\/ol>\n<ul>\n<li style=\"font-weight: 400;\" aria-level=\"1\"><span style=\"font-weight: 400;\">Ph\u1ee5 huynh s\u1ebd nh\u1eadn \u0111\u01b0\u1ee3c s\u1ed1 \u0111i\u1ec7n tho\u1ea1i li\u00ean l\u1ea1c kh\u1ea9n c\u1ea5p c\u1ee7a nh\u00f3m DST \u0111\u1ec3 li\u00ean l\u1ea1c v\u1edbi h\u1ecdc sinh n\u1ebfu c\u1ea7n.<\/span><\/li>\n<li style=\"font-weight: 400;\" aria-level=\"1\"><span style=\"font-weight: 400;\">N\u1ebfu c\u1ea7n trao \u0111\u1ed5i g\u1ea5p trong gi\u1edd h\u1ecdc, nh\u00e2n vi\u00ean c\u1ee7a ch\u00fang t\u00f4i s\u1ebd h\u1ed7 tr\u1ee3.<\/span><\/li>\n<\/ul>\n<ol start=\"5\">\n<li><b> H\u1eadu qu\u1ea3 c\u1ee7a vi\u1ec7c kh\u00f4ng tu\u00e2n th\u1ee7<\/b><\/li>\n<\/ol>\n<ul>\n<li style=\"font-weight: 400;\" aria-level=\"1\"><span style=\"font-weight: 400;\">B\u1ea5t k\u1ef3 h\u1ecdc vi\u00ean n\u00e0o mang \u0111i\u1ec7n tho\u1ea1i v\u00e0o Trung t\u00e2m ng\u00f4n ng\u1eef s\u1ebd b\u1ecb t\u1ecbch thu thi\u1ebft b\u1ecb.<\/span><\/li>\n<li style=\"font-weight: 400;\" aria-level=\"1\"><span style=\"font-weight: 400;\">Vi\u1ec7c vi ph\u1ea1m nhi\u1ec1u l\u1ea7n c\u00f3 th\u1ec3 d\u1eabn \u0111\u1ebfn nh\u1eefng h\u1ea1n ch\u1ebf ti\u1ebfp theo t\u00f9y theo quy\u1ebft \u0111\u1ecbnh c\u1ee7a nh\u00f3m DST.<\/span><\/li>\n<\/ul>\n<p><span style=\"font-weight: 400;\">Ch\u00ednh s\u00e1ch n\u00e0y l\u00e0 kh\u00f4ng th\u1ec3 th\u01b0\u01a1ng l\u01b0\u1ee3ng v\u00ec ch\u00fang t\u00f4i cam k\u1ebft \u0111\u1ea3m b\u1ea3o m\u1ecdi h\u1ecdc vi\u00ean \u0111\u1ec1u c\u00f3 \u0111\u01b0\u1ee3c tr\u1ea3i nghi\u1ec7m t\u1ed1t nh\u1ea5t khi h\u1ecdc c\u00f9ng ch\u00fang t\u00f4i.&nbsp; Cao \u0111\u1eb3ng Eton \u0111\u00e3 ch\u1ee9ng minh r\u1eb1ng vi\u1ec7c h\u1ea1n ch\u1ebf s\u1eed d\u1ee5ng \u0111i\u1ec7n tho\u1ea1i di \u0111\u1ed9ng s\u1ebd mang l\u1ea1i k\u1ebft qu\u1ea3 h\u1ecdc t\u1eadp t\u1ed1t h\u01a1n, t\u00ednh k\u1ef7 lu\u1eadt cao h\u01a1n v\u00e0 m\u00f4i tr\u01b0\u1eddng h\u1ecdc t\u1eadp t\u1eadp trung h\u01a1n.&nbsp; Ch\u00fang t\u00f4i \u00e1p d\u1ee5ng ph\u01b0\u01a1ng ph\u00e1p th\u1ef1c h\u00e0nh t\u1ed1t nh\u1ea5t n\u00e0y v\u00ec ch\u00fang t\u00f4i mu\u1ed1n m\u1ecdi h\u1ecdc vi\u00ean r\u1eddi kh\u1ecfi Dragon Study Tours v\u1edbi tr\u00ecnh \u0111\u1ed9 ti\u1ebfng Anh \u0111\u01b0\u1ee3c c\u1ea3i thi\u1ec7n v\u00e0 k\u1ef9 n\u0103ng giao ti\u1ebfp ti\u1ebfn b\u1ed9 c\u00f3 \u00fd ngh\u0129a.<\/span><\/p>\t\t\t\t\t\t\t\t<\/div>\n\t\t\t\t<\/div>\n\t\t\t\t<\/div>\n\t\t\t\t\t<\/div>\n\t\t\t\t<\/div>\n\t\t\t\t<\/div>\n\t\t","protected":false},"excerpt":{"rendered":"<p>Gi\u00fap H\u1ecdc sinh T\u1eadp trung, Tham gia v\u00e0 \u0110\u1ea1t \u0111\u01b0\u1ee3c Ti\u1ebfn b\u1ed9 Th\u1ef1c s\u1ef1 T\u1ea1i Dragon Study Tours, ch\u00fang t\u00f4i [&hellip;]<\/p>\n","protected":false},"author":2,"featured_media":0,"parent":0,"menu_order":0,"comment_status":"closed","ping_status":"closed","template":"","meta":{"_acf_changed":false,"site-sidebar-layout":"no-sidebar","site-content-layout":"","ast-site-content-layout":"full-width-container","site-content-style":"default","site-sidebar-style":"default","ast-global-header-display":"","ast-banner-title-visibility":"","ast-main-header-display":"","ast-hfb-above-header-display":"","ast-hfb-below-header-display":"","ast-hfb-mobile-header-display":"","site-post-title":"disabled","ast-breadcrumbs-content":"","ast-featured-img":"disabled","footer-sml-layout":"","ast-disable-related-posts":"","theme-transparent-header-meta":"default","adv-header-id-meta":"","stick-header-meta":"","header-above-stick-meta":"","header-main-stick-meta":"","header-below-stick-meta":"","astra-migrate-meta-layouts":"default","ast-page-background-enabled":"default","ast-page-background-meta":{"desktop":{"background-color":"var(--ast-global-color-5)","background-image":"","background-repeat":"repeat","background-position":"center center","background-size":"auto","background-attachment":"scroll","background-type":"","background-media":"","overlay-type":"","overlay-color":"","overlay-opacity":"","overlay-gradient":""},"tablet":{"background-color":"","background-image":"","background-repeat":"repeat","background-position":"center center","background-size":"auto","background-attachment":"scroll","background-type":"","background-media":"","overlay-type":"","overlay-color":"","overlay-opacity":"","overlay-gradient":""},"mobile":{"background-color":"","background-image":"","background-repeat":"repeat","background-position":"center center","background-size":"auto","background-attachment":"scroll","background-type":"","background-media":"","overlay-type":"","overlay-color":"","overlay-opacity":"","overlay-gradient":""}},"ast-content-background-meta":{"desktop":{"background-color":"var(--ast-global-color-4)","background-image":"","background-repeat":"repeat","background-position":"center center","background-size":"auto","background-attachment":"scroll","background-type":"","background-media":"","overlay-type":"","overlay-color":"","overlay-opacity":"","overlay-gradient":""},"tablet":{"background-color":"var(--ast-global-color-4)","background-image":"","background-repeat":"repeat","background-position":"center center","background-size":"auto","background-attachment":"scroll","background-type":"","background-media":"","overlay-type":"","overlay-color":"","overlay-opacity":"","overlay-gradient":""},"mobile":{"background-color":"var(--ast-global-color-4)","background-image":"","background-repeat":"repeat","background-position":"center center","background-size":"auto","background-attachment":"scroll","background-type":"","background-media":"","overlay-type":"","overlay-color":"","overlay-opacity":"","overlay-gradient":""}},"footnotes":""},"class_list":["post-4926","page","type-page","status-publish","hentry"],"acf":[],"_links":{"self":[{"href":"https:\/\/dragonstudy.org\/vi\/wp-json\/wp\/v2\/pages\/4926","targetHints":{"allow":["GET"]}}],"collection":[{"href":"https:\/\/dragonstudy.org\/vi\/wp-json\/wp\/v2\/pages"}],"about":[{"href":"https:\/\/dragonstudy.org\/vi\/wp-json\/wp\/v2\/types\/page"}],"author":[{"embeddable":true,"href":"https:\/\/dragonstudy.org\/vi\/wp-json\/wp\/v2\/users\/2"}],"replies":[{"embeddable":true,"href":"https:\/\/dragonstudy.org\/vi\/wp-json\/wp\/v2\/comments?post=4926"}],"version-history":[{"count":1,"href":"https:\/\/dragonstudy.org\/vi\/wp-json\/wp\/v2\/pages\/4926\/revisions"}],"predecessor-version":[{"id":4929,"href":"https:\/\/dragonstudy.org\/vi\/wp-json\/wp\/v2\/pages\/4926\/revisions\/4929"}],"wp:attachment":[{"href":"https:\/\/dragonstudy.org\/vi\/wp-json\/wp\/v2\/media?parent=4926"}],"curies":[{"name":"wp","href":"https:\/\/api.w.org\/{rel}","templated":true}]}}