{"id":4910,"date":"2025-03-01T13:20:53","date_gmt":"2025-03-01T06:20:53","guid":{"rendered":"https:\/\/dragonstudy.org\/chinh-sach-thanh-toan\/"},"modified":"2025-03-22T00:51:32","modified_gmt":"2025-03-22T00:51:32","slug":"chinh-sach-thanh-toan","status":"publish","type":"page","link":"https:\/\/dragonstudy.org\/vi\/chinh-sach-thanh-toan\/","title":{"rendered":"Ch\u00ednh s\u00e1ch thanh to\u00e1n"},"content":{"rendered":"\t\t<div data-elementor-type=\"wp-page\" data-elementor-id=\"4910\" class=\"elementor elementor-4910 elementor-2776\" data-elementor-post-type=\"page\">\n\t\t\t\t<div class=\"elementor-element elementor-element-04abb3b e-flex e-con-boxed e-con e-parent\" data-id=\"04abb3b\" data-element_type=\"container\" data-e-type=\"container\" data-settings=\"{&quot;background_background&quot;:&quot;classic&quot;}\">\n\t\t\t\t\t<div class=\"e-con-inner\">\n\t\t<div class=\"elementor-element elementor-element-2b9dc55 e-con-full e-flex e-con e-child\" data-id=\"2b9dc55\" data-element_type=\"container\" data-e-type=\"container\">\n\t\t\t\t<div class=\"elementor-element elementor-element-6f61d3a elementor-widget elementor-widget-heading\" data-id=\"6f61d3a\" data-element_type=\"widget\" data-e-type=\"widget\" data-widget_type=\"heading.default\">\n\t\t\t\t<div class=\"elementor-widget-container\">\n\t\t\t\t\t<p class=\"elementor-heading-title elementor-size-default\">\u0110i\u1ec1u kho\u1ea3n v\u00e0 \u0111i\u1ec1u ki\u1ec7n thanh to\u00e1n: Ti\u1ec1n g\u1eedi, s\u1ed1 d\u01b0 v\u00e0 ph\u01b0\u01a1ng th\u1ee9c \u0111\u01b0\u1ee3c ch\u1ea5p nh\u1eadn<\/p>\t\t\t\t<\/div>\n\t\t\t\t<\/div>\n\t\t\t\t<\/div>\n\t\t\t\t\t<\/div>\n\t\t\t\t<\/div>\n\t\t<div class=\"elementor-element elementor-element-cb0df70 e-flex e-con-boxed e-con e-parent\" data-id=\"cb0df70\" data-element_type=\"container\" data-e-type=\"container\">\n\t\t\t\t\t<div class=\"e-con-inner\">\n\t\t<div class=\"elementor-element elementor-element-f0f648c e-con-full e-flex e-con e-child\" data-id=\"f0f648c\" data-element_type=\"container\" data-e-type=\"container\">\n\t\t\t\t<div class=\"elementor-element elementor-element-94ab1b5 elementor-widget elementor-widget-text-editor\" data-id=\"94ab1b5\" data-element_type=\"widget\" data-e-type=\"widget\" data-widget_type=\"text-editor.default\">\n\t\t\t\t<div class=\"elementor-widget-container\">\n\t\t\t\t\t\t\t\t\t<h2><strong>CH\u00cdNH S\u00c1CH THANH TO\u00c1N CHO DRAGON STUDY TOURS<\/strong><\/h2><ol><li><strong> \u0110I\u1ec0U KHO\u1ea2N THANH TO\u00c1N<\/strong><\/li><\/ol><p><strong>1.1 Ti\u1ec1n g\u1eedi<\/strong><\/p><ul><li>C\u1ea7n \u0111\u1eb7t c\u1ecdc 25% kh\u00f4ng ho\u00e0n l\u1ea1i \u0111\u1ec3 x\u00e1c nh\u1eadn \u0111\u1eb7t ch\u1ed7.<\/li><li>Ti\u1ec1n \u0111\u1eb7t c\u1ecdc ph\u1ea3i \u0111\u01b0\u1ee3c thanh to\u00e1n khi \u0111\u1eb7t ch\u1ed7 \u0111\u1ec3 gi\u1eef ch\u1ed7 cho nh\u00f3m trong ch\u01b0\u01a1ng tr\u00ecnh.<\/li><li>Kho\u1ea3n \u0111\u1eb7t c\u1ecdc n\u00e0y bao g\u1ed3m chi ph\u00ed h\u00e0nh ch\u00ednh v\u00e0 l\u1eadp k\u1ebf ho\u1ea1ch v\u00e0 kh\u00f4ng \u0111\u01b0\u1ee3c ho\u00e0n l\u1ea1i trong m\u1ecdi tr\u01b0\u1eddng h\u1ee3p.<\/li><\/ul><p><strong>1.2 Thanh to\u00e1n s\u1ed1 d\u01b0<\/strong><\/p><ul><li>S\u1ed1 d\u01b0 c\u00f2n l\u1ea1i ph\u1ea3i \u0111\u01b0\u1ee3c thanh to\u00e1n \u0111\u1ea7y \u0111\u1ee7 \u00edt nh\u1ea5t 30 ng\u00e0y tr\u01b0\u1edbc khi \u0111\u1ebfn.<\/li><li>Kh\u00f4ng thanh to\u00e1n s\u1ed1 d\u01b0 \u0111\u00fang th\u1eddi h\u1ea1n c\u00f3 th\u1ec3 d\u1eabn \u0111\u1ebfn vi\u1ec7c h\u1ee7y \u0111\u1eb7t ph\u00f2ng m\u00e0 kh\u00f4ng \u0111\u01b0\u1ee3c ho\u00e0n l\u1ea1i ti\u1ec1n.<\/li><\/ul><p><strong>1.3 Ph\u01b0\u01a1ng th\u1ee9c thanh to\u00e1n<\/strong><\/p><ul><li>M\u1ecdi thanh to\u00e1n ph\u1ea3i \u0111\u01b0\u1ee3c th\u1ef1c hi\u1ec7n th\u00f4ng qua chuy\u1ec3n kho\u1ea3n ng\u00e2n h\u00e0ng.<\/li><li>Dragon Study Tours kh\u00f4ng ch\u1ea5p nh\u1eadn th\u1ebb t\u00edn d\u1ee5ng ho\u1eb7c n\u1ec1n t\u1ea3ng thanh to\u00e1n k\u1ef9 thu\u1eadt s\u1ed1.<\/li><li>B\u1ea5t k\u1ef3 kho\u1ea3n ph\u00ed ng\u00e2n h\u00e0ng n\u00e0o ph\u00e1t sinh \u0111\u1ec1u ph\u1ea3i do ng\u01b0\u1eddi tr\u1ea3 ti\u1ec1n chi tr\u1ea3.<\/li><li>B\u1eb1ng ch\u1ee9ng thanh to\u00e1n ph\u1ea3i \u0111\u01b0\u1ee3c g\u1eedi \u0111\u1ebfn info@dragonstudy.org.<\/li><\/ul><ol start=\"2\"><li><strong> H\u1ee6Y B\u1ece &amp; HO\u00c0N TI\u1ec0N<\/strong><\/li><\/ol><p><strong>2.1 H\u1ee7y b\u1ecf b\u1edfi Kh\u00e1ch h\u00e0ng<\/strong><\/p><table><thead><tr><td><p><strong>Th\u1eddi gian h\u1ee7y b\u1ecf<\/strong><\/p><\/td><td><p><strong>S\u1ed1 ti\u1ec1n ho\u00e0n l\u1ea1i<\/strong><\/p><\/td><\/tr><\/thead><tbody><tr><td><p>H\u01a1n 30 ng\u00e0y tr\u01b0\u1edbc khi \u0111\u1ebfn<\/p><\/td><td><p>Ho\u00e0n l\u1ea1i 50% t\u1ed5ng h\u1ecdc ph\u00ed ch\u01b0\u01a1ng tr\u00ecnh (kh\u00f4ng bao g\u1ed3m ti\u1ec1n \u0111\u1eb7t c\u1ecdc)<\/p><\/td><\/tr><tr><td><p>\u00cdt h\u01a1n 30 ng\u00e0y tr\u01b0\u1edbc khi \u0111\u1ebfn<\/p><\/td><td><p>Kh\u00f4ng ho\u00e0n l\u1ea1i ti\u1ec1n<\/p><\/td><\/tr><\/tbody><\/table><ul><li>Kho\u1ea3n \u0111\u1eb7t c\u1ecdc 25% kh\u00f4ng \u0111\u01b0\u1ee3c ho\u00e0n l\u1ea1i trong m\u1ecdi tr\u01b0\u1eddng h\u1ee3p.<\/li><li>Vi\u1ec7c ho\u00e0n ti\u1ec1n (n\u1ebfu c\u00f3) s\u1ebd ch\u1ec9 \u0111\u01b0\u1ee3c th\u1ef1c hi\u1ec7n th\u00f4ng qua chuy\u1ec3n kho\u1ea3n ng\u00e2n h\u00e0ng.<\/li><\/ul><p><strong>2.2 T\u1eeb ch\u1ed1i th\u1ecb th\u1ef1c<\/strong><\/p><ul><li>N\u1ebfu th\u1ecb th\u1ef1c b\u1ecb t\u1eeb ch\u1ed1i, tr\u01b0\u1eddng h\u1ecdc ho\u1eb7c \u0111\u1ea1i l\u00fd ph\u1ea3i n\u1ed9p b\u1eb1ng ch\u1ee9ng ch\u00ednh th\u1ee9c b\u1eb1ng v\u0103n b\u1ea3n \u00edt nh\u1ea5t 10 ng\u00e0y tr\u01b0\u1edbc khi \u0111\u1ebfn \u0111\u1ec3 \u0111\u01b0\u1ee3c xem x\u00e9t ho\u00e0n l\u1ea1i ti\u1ec1n.<\/li><li>N\u1ebfu vi\u1ec7c t\u1eeb ch\u1ed1i th\u1ecb th\u1ef1c l\u00e0 do l\u1ed7i c\u1ee7a kh\u00e1ch h\u00e0ng, ch\u00fang t\u00f4i s\u1ebd kh\u00f4ng ho\u00e0n l\u1ea1i ti\u1ec1n.<\/li><\/ul><p><strong>2.3 H\u1ee7y b\u1ecf b\u1edfi Dragon Study Tours<\/strong><\/p><ul><li>N\u1ebfu kh\u00f3a h\u1ecdc b\u1ecb h\u1ee7y do nh\u1eefng tr\u01b0\u1eddng h\u1ee3p b\u1ea5t kh\u1ea3 kh\u00e1ng, Dragon Study Tours s\u1ebd ho\u00e0n l\u1ea1i to\u00e0n b\u1ed9 ti\u1ec1n ho\u1eb7c cung c\u1ea5p ch\u01b0\u01a1ng tr\u00ecnh thay th\u1ebf.<\/li><\/ul><ol start=\"3\"><li><strong> TI\u1ec0N \u0110\u1eb6T C\u1eccC<\/strong><\/li><\/ol><ul><li>Khi \u0111\u1ebfn n\u01a1i, m\u1ed7i nh\u00f3m ph\u1ea3i \u0111\u1eb7t c\u1ecdc 40.000 THB (c\u00f3 th\u1ec3 ho\u00e0n l\u1ea1i).<\/li><li>Kho\u1ea3n ti\u1ec1n \u0111\u1eb7t c\u1ecdc n\u00e0y s\u1ebd chi tr\u1ea3 cho c\u00e1c thi\u1ec7t h\u1ea1i, m\u1ea5t m\u00e1t ho\u1eb7c vi ph\u1ea1m ch\u00ednh s\u00e1ch.<\/li><li>N\u1ebfu thi\u1ec7t h\u1ea1i v\u01b0\u1ee3t qu\u00e1 40.000 THB, tr\u01b0\u1edfng \u0111o\u00e0n c\u00f3 tr\u00e1ch nhi\u1ec7m thanh to\u00e1n s\u1ed1 ti\u1ec1n b\u1ed5 sung ngay l\u1eadp t\u1ee9c.<\/li><li>Ti\u1ec1n \u0111\u1eb7t c\u1ecdc s\u1ebd \u0111\u01b0\u1ee3c ho\u00e0n l\u1ea1i v\u00e0o cu\u1ed1i ch\u01b0\u01a1ng tr\u00ecnh, mi\u1ec5n l\u00e0 kh\u00f4ng ph\u1ea3i kh\u1ea5u tr\u1eeb b\u1ea5t k\u1ef3 kho\u1ea3n n\u00e0o.<\/li><\/ul><ol start=\"4\"><li><strong> CH\u00cdNH S\u00c1CH TH\u00caM L\u00c3NH \u0110\u1ea0O<\/strong><\/li><\/ol><ul><li>M\u1ed7i nh\u00f3m \u0111\u01b0\u1ee3c quy\u1ec1n c\u00f3 m\u1ed9t tr\u01b0\u1edfng nh\u00f3m mi\u1ec5n ph\u00ed cho m\u1ed7i 15 h\u1ecdc sinh.<\/li><li>Nh\u1eefng ng\u01b0\u1eddi l\u00e3nh \u0111\u1ea1o kh\u00e1c c\u00f3 th\u1ec3 tham d\u1ef1 v\u1edbi m\u1ee9c ph\u00ed 6.000 THB m\u1ed9t ng\u00e0y, bao g\u1ed3m ch\u1ed7 \u1edf, b\u1eefa \u0103n, ph\u01b0\u01a1ng ti\u1ec7n \u0111i l\u1ea1i, c\u00e1c chuy\u1ebfn tham quan v\u00e0 chi ph\u00ed h\u00e0nh ch\u00ednh.<\/li><li>N\u1ebfu m\u1ed9t nh\u00f3m v\u01b0\u1ee3t qu\u00e1 b\u1ed9i s\u1ed1 15 nh\u01b0ng c\u00f3 \u00edt h\u01a1n 15 h\u1ecdc sinh b\u1ed5 sung, chi ph\u00ed cho tr\u01b0\u1edfng nh\u00f3m ph\u1ee5 s\u1ebd \u0111\u01b0\u1ee3c t\u00ednh theo t\u1ef7 l\u1ec7 d\u1ef1a tr\u00ean s\u1ed1 h\u1ecdc sinh b\u1ed5 sung, \u0111\u01b0\u1ee3c t\u00ednh theo t\u1ef7 l\u1ec7 c\u1ee7a to\u00e0n b\u1ed9 ph\u00ed cho tr\u01b0\u1edfng nh\u00f3m ph\u1ee5.<\/li><\/ul><ol start=\"5\"><li><strong> B\u1ea4T KH\u1ea2 KH\u00c1NG<\/strong><\/li><\/ol><ul><li>Dragon Study Tours s\u1ebd kh\u00f4ng ho\u00e0n l\u1ea1i ti\u1ec1n cho c\u00e1c tr\u01b0\u1eddng h\u1ee3p h\u1ee7y chuy\u1ebfn do thi\u00ean tai, h\u1ea1n ch\u1ebf c\u1ee7a ch\u00ednh ph\u1ee7, b\u1ea5t \u1ed5n ch\u00ednh tr\u1ecb ho\u1eb7c c\u00e1c tr\u01b0\u1eddng h\u1ee3p b\u1ea5t kh\u1ea3 kh\u00e1ng kh\u00e1c n\u1eb1m ngo\u00e0i t\u1ea7m ki\u1ec3m so\u00e1t c\u1ee7a Dragon Study Tours.<\/li><\/ul><ol start=\"6\"><li><strong> TR\u00c1CH NHI\u1ec6M PH\u00c1P L\u00dd<\/strong><\/li><\/ol><ul><li>Dragon Study Tours kh\u00f4ng ch\u1ecbu tr\u00e1ch nhi\u1ec7m v\u1ec1 t\u00e0i s\u1ea3n b\u1ecb m\u1ea5t, b\u1ecb \u0111\u00e1nh c\u1eafp ho\u1eb7c b\u1ecb h\u01b0 h\u1ecfng.<\/li><li>Dragon Study Tours kh\u00f4ng ch\u1ecbu tr\u00e1ch nhi\u1ec7m cho b\u1ea5t k\u1ef3 th\u01b0\u01a1ng t\u00edch c\u00e1 nh\u00e2n n\u00e0o tr\u1eeb khi th\u01b0\u01a1ng t\u00edch \u0111\u00f3 l\u00e0 do s\u1ef1 b\u1ea5t c\u1ea9n tr\u1ef1c ti\u1ebfp.<\/li><li>T\u1ea5t c\u1ea3 ng\u01b0\u1eddi tham gia ph\u1ea3i c\u00f3 b\u1ea3o hi\u1ec3m du l\u1ecbch h\u1ee3p l\u1ec7 bao g\u1ed3m c\u00e1c tr\u01b0\u1eddng h\u1ee3p kh\u1ea9n c\u1ea5p v\u1ec1 y t\u1ebf, tr\u00e1ch nhi\u1ec7m c\u00e1 nh\u00e2n v\u00e0 h\u1ee7y chuy\u1ebfn \u0111i.<\/li><\/ul><ol start=\"7\"><li><strong> TH\u00d4NG TIN LI\u00caN H\u1ec6<\/strong><\/li><\/ol><ul><li>Email: info@dragonstudy.org<\/li><li>\u0110i\u1ec7n tho\u1ea1i \/ WhatsApp: +66 98-936-6978<\/li><li>LINE ID: ilchuahin<\/li><\/ul>\t\t\t\t\t\t\t\t<\/div>\n\t\t\t\t<\/div>\n\t\t\t\t<\/div>\n\t\t\t\t\t<\/div>\n\t\t\t\t<\/div>\n\t\t\t\t<\/div>\n\t\t","protected":false},"excerpt":{"rendered":"<p>\u0110i\u1ec1u kho\u1ea3n v\u00e0 \u0111i\u1ec1u ki\u1ec7n thanh to\u00e1n: Ti\u1ec1n g\u1eedi, s\u1ed1 d\u01b0 v\u00e0 ph\u01b0\u01a1ng th\u1ee9c \u0111\u01b0\u1ee3c ch\u1ea5p nh\u1eadn CH\u00cdNH S\u00c1CH THANH [&hellip;]<\/p>\n","protected":false},"author":2,"featured_media":0,"parent":0,"menu_order":0,"comment_status":"closed","ping_status":"closed","template":"","meta":{"_acf_changed":false,"site-sidebar-layout":"no-sidebar","site-content-layout":"","ast-site-content-layout":"full-width-container","site-content-style":"default","site-sidebar-style":"default","ast-global-header-display":"","ast-banner-title-visibility":"","ast-main-header-display":"","ast-hfb-above-header-display":"","ast-hfb-below-header-display":"","ast-hfb-mobile-header-display":"","site-post-title":"disabled","ast-breadcrumbs-content":"","ast-featured-img":"disabled","footer-sml-layout":"","ast-disable-related-posts":"","theme-transparent-header-meta":"default","adv-header-id-meta":"","stick-header-meta":"","header-above-stick-meta":"","header-main-stick-meta":"","header-below-stick-meta":"","astra-migrate-meta-layouts":"default","ast-page-background-enabled":"default","ast-page-background-meta":{"desktop":{"background-color":"var(--ast-global-color-5)","background-image":"","background-repeat":"repeat","background-position":"center center","background-size":"auto","background-attachment":"scroll","background-type":"","background-media":"","overlay-type":"","overlay-color":"","overlay-opacity":"","overlay-gradient":""},"tablet":{"background-color":"","background-image":"","background-repeat":"repeat","background-position":"center center","background-size":"auto","background-attachment":"scroll","background-type":"","background-media":"","overlay-type":"","overlay-color":"","overlay-opacity":"","overlay-gradient":""},"mobile":{"background-color":"","background-image":"","background-repeat":"repeat","background-position":"center center","background-size":"auto","background-attachment":"scroll","background-type":"","background-media":"","overlay-type":"","overlay-color":"","overlay-opacity":"","overlay-gradient":""}},"ast-content-background-meta":{"desktop":{"background-color":"var(--ast-global-color-4)","background-image":"","background-repeat":"repeat","background-position":"center center","background-size":"auto","background-attachment":"scroll","background-type":"","background-media":"","overlay-type":"","overlay-color":"","overlay-opacity":"","overlay-gradient":""},"tablet":{"background-color":"var(--ast-global-color-4)","background-image":"","background-repeat":"repeat","background-position":"center center","background-size":"auto","background-attachment":"scroll","background-type":"","background-media":"","overlay-type":"","overlay-color":"","overlay-opacity":"","overlay-gradient":""},"mobile":{"background-color":"var(--ast-global-color-4)","background-image":"","background-repeat":"repeat","background-position":"center center","background-size":"auto","background-attachment":"scroll","background-type":"","background-media":"","overlay-type":"","overlay-color":"","overlay-opacity":"","overlay-gradient":""}},"footnotes":""},"class_list":["post-4910","page","type-page","status-publish","hentry"],"acf":[],"_links":{"self":[{"href":"https:\/\/dragonstudy.org\/vi\/wp-json\/wp\/v2\/pages\/4910","targetHints":{"allow":["GET"]}}],"collection":[{"href":"https:\/\/dragonstudy.org\/vi\/wp-json\/wp\/v2\/pages"}],"about":[{"href":"https:\/\/dragonstudy.org\/vi\/wp-json\/wp\/v2\/types\/page"}],"author":[{"embeddable":true,"href":"https:\/\/dragonstudy.org\/vi\/wp-json\/wp\/v2\/users\/2"}],"replies":[{"embeddable":true,"href":"https:\/\/dragonstudy.org\/vi\/wp-json\/wp\/v2\/comments?post=4910"}],"version-history":[{"count":1,"href":"https:\/\/dragonstudy.org\/vi\/wp-json\/wp\/v2\/pages\/4910\/revisions"}],"predecessor-version":[{"id":4912,"href":"https:\/\/dragonstudy.org\/vi\/wp-json\/wp\/v2\/pages\/4910\/revisions\/4912"}],"wp:attachment":[{"href":"https:\/\/dragonstudy.org\/vi\/wp-json\/wp\/v2\/media?parent=4910"}],"curies":[{"name":"wp","href":"https:\/\/api.w.org\/{rel}","templated":true}]}}