{"id":16687,"date":"2025-03-01T04:17:24","date_gmt":"2025-02-28T21:17:24","guid":{"rendered":"https:\/\/dragonstudy.org\/frase-de-dragon-study-tours\/"},"modified":"2026-04-06T13:28:20","modified_gmt":"2026-04-06T06:28:20","slug":"frase-de-dragon-study-tours","status":"publish","type":"page","link":"https:\/\/dragonstudy.org\/es\/frase-de-dragon-study-tours\/","title":{"rendered":"Frase de Dragon Study Tours"},"content":{"rendered":"\t\t<div data-elementor-type=\"wp-page\" data-elementor-id=\"16687\" class=\"elementor elementor-16687 elementor-2663\" data-elementor-post-type=\"page\">\n\t\t\t\t<div class=\"elementor-element elementor-element-1e721cd e-flex e-con-boxed e-con e-parent\" data-id=\"1e721cd\" data-element_type=\"container\" data-e-type=\"container\" data-settings=\"{&quot;background_background&quot;:&quot;classic&quot;}\">\n\t\t\t\t\t<div class=\"e-con-inner\">\n\t\t<div class=\"elementor-element elementor-element-0a24ef4 e-con-full e-flex e-con e-child\" data-id=\"0a24ef4\" data-element_type=\"container\" data-e-type=\"container\">\n\t\t\t\t<div class=\"elementor-element elementor-element-3f09975 elementor-widget elementor-widget-heading\" data-id=\"3f09975\" data-element_type=\"widget\" data-e-type=\"widget\" data-widget_type=\"heading.default\">\n\t\t\t\t<div class=\"elementor-widget-container\">\n\t\t\t\t\t<p class=\"elementor-heading-title elementor-size-default\">Obt\u00e9n tu presupuesto de Dragon Study Tours: precios personalizados para grupos en Hua Hin<\/p>\t\t\t\t<\/div>\n\t\t\t\t<\/div>\n\t\t\t\t<\/div>\n\t\t\t\t\t<\/div>\n\t\t\t\t<\/div>\n\t\t<div class=\"elementor-element elementor-element-272c6f6 e-con-full e-flex e-con e-parent\" data-id=\"272c6f6\" data-element_type=\"container\" data-e-type=\"container\" data-settings=\"{&quot;background_background&quot;:&quot;classic&quot;}\">\n\t\t\t\t<div class=\"elementor-element elementor-element-8bd1ad9 elementor-widget elementor-widget-text-editor\" data-id=\"8bd1ad9\" data-element_type=\"widget\" data-e-type=\"widget\" data-widget_type=\"text-editor.default\">\n\t\t\t\t<div class=\"elementor-widget-container\">\n\t\t\t\t\t\t\t\t\t<h2 data-start=\"203\" data-end=\"249\"><strong data-start=\"203\" data-end=\"249\">Solicita tu presupuesto para los viajes de estudio Dragon 2026<\/strong><\/h2><p data-start=\"251\" data-end=\"625\">Planificar un viaje de estudio en grupo es emocionante y conseguir tu presupuesto para los viajes de estudio Dragon 2026 es el primer paso sencillo. Tanto si representas a un colegio, a una agencia de idiomas o a una organizaci\u00f3n juvenil, nuestro equipo en <g id=\"gid_0\">Hua Hin<\/g> est\u00e1 listo para preparar un presupuesto personalizado para tu grupo. Cada detalle se maneja con cuidado, desde alojamiento y comidas hasta <a href=\"https:\/\/dragonstudy.org\/es\/programa-academico\/\">clases de ingl\u00e9s<\/a> y excursiones de fin de semana.  <\/p><p data-start=\"627\" data-end=\"904\">Dragon Study Tours se especializa en crear experiencias educativas inolvidables en uno de los pueblos costeros m\u00e1s seguros y acogedores de Tailandia. Hua Hin ofrece la combinaci\u00f3n perfecta de aprendizaje, cultura y aventura, y cada presupuesto que preparamos est\u00e1 basado en esos tres valores. <\/p><p data-start=\"906\" data-end=\"1271\"><strong data-start=\"906\" data-end=\"939\">Lo que incluye tu presupuesto<\/strong><br data-start=\"939\" data-end=\"942\">Cuando solicites tu presupuesto para Dragon Study Tours 2026, recibir\u00e1s un desglose completo de los costes de tu programa. Cada presupuesto es transparente y adaptado a las necesidades de tu grupo. Ver\u00e1s exactamente lo que incluye: traslados desde <a href=\"https:\/\/dragonstudy.org\/es\/explore-bangkok\/\">el aeropuerto desde Bangkok<\/a>, clases diarias de ingl\u00e9s, comidas, excursiones y alojamiento completo en The Palm Residence.  <\/p><p data-start=\"1273\" data-end=\"1598\">En The Palm Residence, estudiantes y l\u00edderes se mantienen juntos bajo un mismo techo. La residencia cuenta con habitaciones c\u00f3modas, aulas en el recinto, un restaurante y soporte las 24 horas de nuestro equipo de Hua Hin. Con todo ubicado en un edificio seguro, los grupos disfrutan de comodidad, seguridad y tranquilidad durante toda su estancia.  <\/p><p data-start=\"1600\" data-end=\"1888\"><strong data-start=\"1600\" data-end=\"1630\">Aprendizaje se encuentra con la exploraci\u00f3n<\/strong><br data-start=\"1630\" data-end=\"1633\">Cada programa combina el aprendizaje de idiomas con el descubrimiento. Las clases son impartidas por profesores de ingl\u00e9s cualificados utilizando los marcos del Trinity College de Londres y Cambridge, seguidas de excursiones por la tarde y actividades de fin de semana que dan vida al ingl\u00e9s. <\/p><p data-start=\"1890\" data-end=\"2225\">Para inspirarte mientras planificas tu itinerario, explora nuestra gu\u00eda: <a class=\"decorated-link cursor-pointer\" target=\"_new\" rel=\"noopener\" data-start=\"1956\" data-end=\"2037\">50 cosas que hacer en Hua Hin<\/a>. Desde templos culturales y mercados locales hasta deportes de playa y proyectos de conservaci\u00f3n de la fauna, Hua Hin ofrece infinitas oportunidades para que los estudiantes practiquen ingl\u00e9s en contextos aut\u00e9nticos. <\/p><p data-start=\"2227\" data-end=\"2366\">Nuestro programa de viajes de estudio garantiza que cada semana se balance entre estudio, aventura y relajaci\u00f3n, todo bajo supervisi\u00f3n profesional.<\/p><p data-start=\"2368\" data-end=\"2788\"><strong data-start=\"2368\" data-end=\"2383\">C\u00f3mo reservar<\/strong><br data-start=\"2383\" data-end=\"2386\">El proceso de reserva es sencillo. Una vez recibas tu presupuesto personalizado, sigue los sencillos pasos en nuestra p\u00e1gina <a class=\"decorated-link cursor-pointer\" target=\"_new\" rel=\"noopener\" data-start=\"2503\" data-end=\"2554\">de C\u00f3mo Reservar<\/a> . Un dep\u00f3sito del 25% asegura el lugar de tu grupo, y el saldo restante vence 28 d\u00edas antes de la llegada. Todos los documentos se env\u00edan electr\u00f3nicamente, y nuestro equipo amable te guiar\u00e1 en cada etapa, desde el dep\u00f3sito hasta la salida.   <\/p><p data-start=\"2790\" data-end=\"3002\">Tambi\u00e9n ofrecemos consejos de viaje, orientaci\u00f3n sobre visados y calendarios de ejemplo para que los l\u00edderes puedan planificar con confianza. Un l\u00edder de grupo viaja gratis por cada 15 estudiantes reservados, y se pueden a\u00f1adir l\u00edderes adicionales bajo solicitud. <\/p><p data-start=\"3004\" data-end=\"3407\"><strong data-start=\"3004\" data-end=\"3026\">\u00bfPor qu\u00e9 elegir a Hua Hin?<\/strong><br data-start=\"3026\" data-end=\"3029\">Hua Hin es el resort costero original de Tailandia: tranquilo, cultural y perfectamente adecuado para los j\u00f3venes estudiantes. Reconocida por la campa\u00f1a <g id=\"gid_1\">Amazing<\/g> Thailand de la Autoridad de Turismo de Tailandia, Hua Hin combina la herencia real con la comodidad moderna. A diferencia de los destinos tur\u00edsticos concurridos, permanece limpio, organizado y seguro para los grupos escolares internacionales.  <\/p><p data-start=\"3409\" data-end=\"3687\">Nuestros programas aprovechan al m\u00e1ximo las atracciones de Hua Hin, permitiendo a los estudiantes explorar mientras aprenden sobre el idioma, la gastronom\u00eda y las tradiciones tailandesas. Cada excursi\u00f3n se selecciona por valor educativo y disfrute, haciendo de Hua Hin el lugar definitivo para aprender ingl\u00e9s junto al mar. <\/p><p data-start=\"3689\" data-end=\"4109\"><strong data-start=\"3689\" data-end=\"3715\">Empieza tu presupuesto hoy mismo<\/strong><br data-start=\"3715\" data-end=\"3718\">Enviar tu solicitud de presupuesto para Dragon Study Tours 2026 lleva solo unos minutos. Proporciona el tama\u00f1o de tu grupo, fechas preferidas y tipo de curso, y nuestro equipo de Hua Hin responder\u00e1 r\u00e1pidamente con un presupuesto claro y detallado. Tanto si planeas un campamento de ingl\u00e9s de dos semanas, un programa Premier Skills con tem\u00e1tica de f\u00fatbol o un curso intensivo de preparaci\u00f3n para el examen, adaptaremos el horario a tus objetivos.  <\/p><p data-start=\"4111\" data-end=\"4262\">Nuestro equipo familiar se enorgullece de cada reserva, asegurando que la experiencia de cada estudiante en Hua Hin sea memorable, segura y acad\u00e9micamente gratificante.<\/p><p data-start=\"4264\" data-end=\"4443\">Comienza tu viaje hoy mismo: completa el formulario a continuaci\u00f3n para recibir tu presupuesto de Dragon Study Tours 2026 y da el primer paso hacia una aventura educativa inolvidable en Tailandia.<\/p>\t\t\t\t\t\t\t\t<\/div>\n\t\t\t\t<\/div>\n\t\t<div class=\"elementor-element elementor-element-aaf191f e-con-full e-flex e-con e-child\" data-id=\"aaf191f\" data-element_type=\"container\" data-e-type=\"container\" data-settings=\"{&quot;background_background&quot;:&quot;classic&quot;}\">\n\t\t\t\t<div class=\"elementor-element elementor-element-7f55070 elementor-widget elementor-widget-heading\" data-id=\"7f55070\" data-element_type=\"widget\" data-e-type=\"widget\" data-widget_type=\"heading.default\">\n\t\t\t\t<div class=\"elementor-widget-container\">\n\t\t\t\t\t<h2 class=\"elementor-heading-title elementor-size-default\">Cita de Dragon Study Tours - Informaci\u00f3n de reserva<\/h2>\t\t\t\t<\/div>\n\t\t\t\t<\/div>\n\t\t\t\t<div class=\"elementor-element elementor-element-ef93baa elementor-button-align-end elementor-widget elementor-widget-form\" data-id=\"ef93baa\" data-element_type=\"widget\" data-e-type=\"widget\" data-settings=\"{&quot;step_next_label&quot;:&quot;Pr\\u00f3ximo&quot;,&quot;step_previous_label&quot;:&quot;Anterior&quot;,&quot;step_type&quot;:&quot;number_text&quot;,&quot;step_icon_shape&quot;:&quot;circle&quot;}\" data-widget_type=\"form.default\">\n\t\t\t\t<div class=\"elementor-widget-container\">\n\t\t\t\t\t\t\t<form class=\"elementor-form\" method=\"post\" name=\"Pide un presupuesto\" aria-label=\"Pide un presupuesto\">\n\t\t\t<input type=\"hidden\" name=\"post_id\" value=\"16687\"\/>\n\t\t\t<input type=\"hidden\" name=\"form_id\" value=\"ef93baa\"\/>\n\t\t\t<input type=\"hidden\" name=\"referer_title\" value=\"Cita De Viajes De Estudio Dragon 2026 | Precios R\u00e1pidos Y Precisos\" \/>\n\n\t\t\t\t\t\t\t<input type=\"hidden\" name=\"queried_id\" value=\"16687\"\/>\n\t\t\t\n\t\t\t<div class=\"elementor-form-fields-wrapper elementor-labels-above\">\n\t\t\t\t\t\t\t\t<div class=\"elementor-field-type-html elementor-field-group elementor-column elementor-field-group-field_69bccae elementor-col-100\">\n\t\t\t\t\t<h3>Detalles del grupo:<\/h3>\t\t\t\t<\/div>\n\t\t\t\t\t\t\t\t<div class=\"elementor-field-type-text elementor-field-group elementor-column elementor-field-group-name elementor-col-50 elementor-field-required elementor-mark-required\">\n\t\t\t\t\t\t\t\t\t\t\t\t<label for=\"form-field-name\" class=\"elementor-field-label\">\n\t\t\t\t\t\t\t\tNombre del grupo \/ Organizaci\u00f3n:\t\t\t\t\t\t\t<\/label>\n\t\t\t\t\t\t\t\t\t\t\t\t\t\t<input size=\"1\" type=\"text\" name=\"form_fields[name]\" id=\"form-field-name\" class=\"elementor-field elementor-size-sm  elementor-field-textual\" placeholder=\"Nombre del grupo de escritura\" required=\"required\">\n\t\t\t\t\t\t\t\t\t\t\t<\/div>\n\t\t\t\t\t\t\t\t<div class=\"elementor-field-type-number elementor-field-group elementor-column elementor-field-group-email elementor-col-50 elementor-field-required elementor-mark-required\">\n\t\t\t\t\t\t\t\t\t\t\t\t<label for=\"form-field-email\" class=\"elementor-field-label\">\n\t\t\t\t\t\t\t\tN\u00famero de estudiantes: (m\u00ednimo 20)\t\t\t\t\t\t\t<\/label>\n\t\t\t\t\t\t\t\t\t<input type=\"number\" name=\"form_fields[email]\" id=\"form-field-email\" class=\"elementor-field elementor-size-sm  elementor-field-textual\" placeholder=\"N\u00famero de estudiantes por escribir: (m\u00ednimo 20)\" required=\"required\" min=\"\" max=\"\" >\n\t\t\t\t\t\t<\/div>\n\t\t\t\t\t\t\t\t<div class=\"elementor-field-type-number elementor-field-group elementor-column elementor-field-group-field_27c55b3 elementor-col-50 elementor-field-required elementor-mark-required\">\n\t\t\t\t\t\t\t\t\t\t\t\t<label for=\"form-field-field_27c55b3\" class=\"elementor-field-label\">\n\t\t\t\t\t\t\t\tN\u00famero de l\u00edderes:\t\t\t\t\t\t\t<\/label>\n\t\t\t\t\t\t\t\t\t<input type=\"number\" name=\"form_fields[field_27c55b3]\" id=\"form-field-field_27c55b3\" class=\"elementor-field elementor-size-sm  elementor-field-textual\" placeholder=\"Escribe N\u00famero de l\u00edderes\" required=\"required\" min=\"\" max=\"\" >\n\t\t\t\t\t\t<\/div>\n\t\t\t\t\t\t\t\t<div class=\"elementor-field-type-number elementor-field-group elementor-column elementor-field-group-field_099cc0d elementor-col-50 elementor-field-required elementor-mark-required\">\n\t\t\t\t\t\t\t\t\t\t\t\t<label for=\"form-field-field_099cc0d\" class=\"elementor-field-label\">\n\t\t\t\t\t\t\t\tRango de edad de los estudiantes:\t\t\t\t\t\t\t<\/label>\n\t\t\t\t\t\t\t\t\t<input type=\"number\" name=\"form_fields[field_099cc0d]\" id=\"form-field-field_099cc0d\" class=\"elementor-field elementor-size-sm  elementor-field-textual\" placeholder=\"Escribe el rango de edad de los estudiantes\" required=\"required\" min=\"\" max=\"\" >\n\t\t\t\t\t\t<\/div>\n\t\t\t\t\t\t\t\t<div class=\"elementor-field-type-text elementor-field-group elementor-column elementor-field-group-field_0a9dbc4 elementor-col-50 elementor-field-required elementor-mark-required\">\n\t\t\t\t\t\t\t\t\t\t\t\t<label for=\"form-field-field_0a9dbc4\" class=\"elementor-field-label\">\n\t\t\t\t\t\t\t\tNacionalidad de los estudiantes:\t\t\t\t\t\t\t<\/label>\n\t\t\t\t\t\t\t\t\t\t\t\t\t\t<input size=\"1\" type=\"text\" name=\"form_fields[field_0a9dbc4]\" id=\"form-field-field_0a9dbc4\" class=\"elementor-field elementor-size-sm  elementor-field-textual\" placeholder=\"Escribir la nacionalidad de los estudiantes\" required=\"required\">\n\t\t\t\t\t\t\t\t\t\t\t<\/div>\n\t\t\t\t\t\t\t\t<div class=\"elementor-field-type-date elementor-field-group elementor-column elementor-field-group-field_697508d elementor-col-50 elementor-field-required elementor-mark-required\">\n\t\t\t\t\t\t\t\t\t\t\t\t<label for=\"form-field-field_697508d\" class=\"elementor-field-label\">\n\t\t\t\t\t\t\t\tFechas de viaje preferidas:\t\t\t\t\t\t\t<\/label>\n\t\t\t\t\t\t\n\t\t<input type=\"date\" name=\"form_fields[field_697508d]\" id=\"form-field-field_697508d\" class=\"elementor-field elementor-size-sm  elementor-field-textual elementor-date-field\" placeholder=\"Selecciona fechas de viaje preferidas:\" required=\"required\" pattern=\"[0-9]{4}-[0-9]{2}-[0-9]{2}\">\n\t\t\t\t\t\t<\/div>\n\t\t\t\t\t\t\t\t<div class=\"elementor-field-type-number elementor-field-group elementor-column elementor-field-group-field_9b64fdf elementor-col-50 elementor-field-required elementor-mark-required\">\n\t\t\t\t\t\t\t\t\t\t\t\t<label for=\"form-field-field_9b64fdf\" class=\"elementor-field-label\">\n\t\t\t\t\t\t\t\tN\u00famero de noches: (6\u201328 noches)\t\t\t\t\t\t\t<\/label>\n\t\t\t\t\t\t\t\t\t<input type=\"number\" name=\"form_fields[field_9b64fdf]\" id=\"form-field-field_9b64fdf\" class=\"elementor-field elementor-size-sm  elementor-field-textual\" placeholder=\"Escribe el n\u00famero de noches: (6\u201328 noches)\" required=\"required\" min=\"\" max=\"\" >\n\t\t\t\t\t\t<\/div>\n\t\t\t\t\t\t\t\t<div class=\"elementor-field-type-html elementor-field-group elementor-column elementor-field-group-field_c5091c2 elementor-col-100\">\n\t\t\t\t\t<h3>Opciones de programas:<\/h3>\t\t\t\t<\/div>\n\t\t\t\t\t\t\t\t<div class=\"elementor-field-type-checkbox elementor-field-group elementor-column elementor-field-group-field_2c272b4 elementor-col-50\">\n\t\t\t\t\t\t\t\t\t\t\t\t<label for=\"form-field-field_2c272b4\" class=\"elementor-field-label\">\n\t\t\t\t\t\t\t\tTipo de curso de ingl\u00e9s:\t\t\t\t\t\t\t<\/label>\n\t\t\t\t\t\t<div class=\"elementor-field-subgroup  \"><span class=\"elementor-field-option\"><input type=\"checkbox\" value=\"Preparaci\u00f3n\" id=\"form-field-field_2c272b4-0\" name=\"form_fields[field_2c272b4][]\"> <label for=\"form-field-field_2c272b4-0\">Preparaci\u00f3n<\/label><\/span><span class=\"elementor-field-option\"><input type=\"checkbox\" value=\"para el examen de Cambridge Preparaci\u00f3n\" id=\"form-field-field_2c272b4-1\" name=\"form_fields[field_2c272b4][]\"> <label for=\"form-field-field_2c272b4-1\">para el examen de Cambridge Preparaci\u00f3n<\/label><\/span><span class=\"elementor-field-option\"><input type=\"checkbox\" value=\"para IELTS Habilidades de comunicaci\u00f3n Ingl\u00e9s\" id=\"form-field-field_2c272b4-2\" name=\"form_fields[field_2c272b4][]\"> <label for=\"form-field-field_2c272b4-2\">para IELTS Habilidades de comunicaci\u00f3n Ingl\u00e9s<\/label><\/span><span class=\"elementor-field-option\"><input type=\"checkbox\" value=\"\" id=\"form-field-field_2c272b4-3\" name=\"form_fields[field_2c272b4][]\"> <label for=\"form-field-field_2c272b4-3\"><\/label><\/span><span class=\"elementor-field-option\"><input type=\"checkbox\" value=\"General Habilidades Premier (Ingl\u00e9s hasta f\u00fatbol americano)\" id=\"form-field-field_2c272b4-4\" name=\"form_fields[field_2c272b4][]\"> <label for=\"form-field-field_2c272b4-4\">General Habilidades Premier (Ingl\u00e9s hasta f\u00fatbol americano)<\/label><\/span><span class=\"elementor-field-option\"><input type=\"checkbox\" value=\" Trinity GESE (Ex\u00e1menes graduados en ingl\u00e9s hablado)\" id=\"form-field-field_2c272b4-5\" name=\"form_fields[field_2c272b4][]\"> <label for=\"form-field-field_2c272b4-5\"> Trinity GESE (Ex\u00e1menes graduados en ingl\u00e9s hablado)<\/label><\/span><span class=\"elementor-field-option\"><input type=\"checkbox\" value=\" Disney English (aprendizaje divertido e interactivo a trav\u00e9s de contenido tem\u00e1tico Disney)\" id=\"form-field-field_2c272b4-6\" name=\"form_fields[field_2c272b4][]\"> <label for=\"form-field-field_2c272b4-6\"> Disney English (aprendizaje divertido e interactivo a trav\u00e9s de contenido tem\u00e1tico Disney)<\/label><\/span><\/div>\t\t\t\t<\/div>\n\t\t\t\t\t\t\t\t<div class=\"elementor-field-type-checkbox elementor-field-group elementor-column elementor-field-group-field_189fb64 elementor-col-100\">\n\t\t\t\t\t\t\t\t\t\t\t\t<label for=\"form-field-field_189fb64\" class=\"elementor-field-label\">\n\t\t\t\t\t\t\t\tOpci\u00f3n de examen:\t\t\t\t\t\t\t<\/label>\n\t\t\t\t\t\t<div class=\"elementor-field-subgroup  \"><span class=\"elementor-field-option\"><input type=\"checkbox\" value=\"S\u00ed, nos gustar\u00eda que los estudiantes hicieran un examen.\" id=\"form-field-field_189fb64-0\" name=\"form_fields[field_189fb64][]\"> <label for=\"form-field-field_189fb64-0\">S\u00ed, nos gustar\u00eda que los estudiantes hicieran un examen.<\/label><\/span><span class=\"elementor-field-option\"><input type=\"checkbox\" value=\"No, no es obligatorio hacer ex\u00e1menes.\" id=\"form-field-field_189fb64-1\" name=\"form_fields[field_189fb64][]\"> <label for=\"form-field-field_189fb64-1\">No, no es obligatorio hacer ex\u00e1menes.<\/label><\/span><\/div>\t\t\t\t<\/div>\n\t\t\t\t\t\t\t\t<div class=\"elementor-field-type-checkbox elementor-field-group elementor-column elementor-field-group-field_659fd45 elementor-col-50\">\n\t\t\t\t\t\t\t\t\t\t\t\t<label for=\"form-field-field_659fd45\" class=\"elementor-field-label\">\n\t\t\t\t\t\t\t\t\u00bfTe gustar\u00eda incluir la Experiencia Bangkok?\t\t\t\t\t\t\t<\/label>\n\t\t\t\t\t\t<div class=\"elementor-field-subgroup  elementor-subgroup-inline\"><span class=\"elementor-field-option\"><input type=\"checkbox\" value=\"S\u00ed\" id=\"form-field-field_659fd45-0\" name=\"form_fields[field_659fd45][]\"> <label for=\"form-field-field_659fd45-0\">S\u00ed<\/label><\/span><span class=\"elementor-field-option\"><input type=\"checkbox\" value=\"No\" id=\"form-field-field_659fd45-1\" name=\"form_fields[field_659fd45][]\"> <label for=\"form-field-field_659fd45-1\">No<\/label><\/span><\/div>\t\t\t\t<\/div>\n\t\t\t\t\t\t\t\t<div class=\"elementor-field-type-checkbox elementor-field-group elementor-column elementor-field-group-field_aeda530 elementor-col-50\">\n\t\t\t\t\t\t\t\t\t\t\t\t<label for=\"form-field-field_aeda530\" class=\"elementor-field-label\">\n\t\t\t\t\t\t\t\tEstructura del programa:\t\t\t\t\t\t\t<\/label>\n\t\t\t\t\t\t<div class=\"elementor-field-subgroup  \"><span class=\"elementor-field-option\"><input type=\"checkbox\" value=\"Nos gustar\u00eda un programa\" id=\"form-field-field_aeda530-0\" name=\"form_fields[field_aeda530][]\"> <label for=\"form-field-field_aeda530-0\">Nos gustar\u00eda un programa<\/label><\/span><span class=\"elementor-field-option\"><input type=\"checkbox\" value=\"personalizado. Preferimos Dragon Study Tours para generar un programa.\" id=\"form-field-field_aeda530-1\" name=\"form_fields[field_aeda530][]\"> <label for=\"form-field-field_aeda530-1\">personalizado. Preferimos Dragon Study Tours para generar un programa.<\/label><\/span><\/div>\t\t\t\t<\/div>\n\t\t\t\t\t\t\t\t<div class=\"elementor-field-type-html elementor-field-group elementor-column elementor-field-group-field_8a14aa8 elementor-col-100\">\n\t\t\t\t\t<h3>Comidas y necesidades especiales:<\/h3>\t\t\t\t<\/div>\n\t\t\t\t\t\t\t\t<div class=\"elementor-field-type-textarea elementor-field-group elementor-column elementor-field-group-field_dca0a3f elementor-col-100 elementor-field-required elementor-mark-required\">\n\t\t\t\t\t\t\t\t\t\t\t\t<label for=\"form-field-field_dca0a3f\" class=\"elementor-field-label\">\n\t\t\t\t\t\t\t\tNecesidades Diet\u00e9ticas Especiales:  \t\t\t\t\t\t\t<\/label>\n\t\t\t\t\t\t<textarea class=\"elementor-field-textual elementor-field  elementor-size-sm\" name=\"form_fields[field_dca0a3f]\" id=\"form-field-field_dca0a3f\" rows=\"2\" placeholder=\"Necesidades diet\u00e9ticas especiales: (por ejemplo, vegetariana, halal, alergias)\" required=\"required\"><\/textarea>\t\t\t\t<\/div>\n\t\t\t\t\t\t\t\t<div class=\"elementor-field-type-textarea elementor-field-group elementor-column elementor-field-group-field_e7b8d5e elementor-col-100 elementor-field-required elementor-mark-required\">\n\t\t\t\t\t\t\t\t\t\t\t\t<label for=\"form-field-field_e7b8d5e\" class=\"elementor-field-label\">\n\t\t\t\t\t\t\t\tInformaci\u00f3n adicional:\t\t\t\t\t\t\t<\/label>\n\t\t\t\t\t\t<textarea class=\"elementor-field-textual elementor-field  elementor-size-sm\" name=\"form_fields[field_e7b8d5e]\" id=\"form-field-field_e7b8d5e\" rows=\"2\" placeholder=\"Por favor, incluye cualquier otro detalle que consideres relevante para tu reserva.\" required=\"required\"><\/textarea>\t\t\t\t<\/div>\n\t\t\t\t\t\t\t\t<div class=\"elementor-field-group elementor-column elementor-field-type-submit elementor-col-100 e-form__buttons\">\n\t\t\t\t\t<button class=\"elementor-button elementor-size-md\" type=\"submit\">\n\t\t\t\t\t\t<span class=\"elementor-button-content-wrapper\">\n\t\t\t\t\t\t\t\t\t\t\t\t\t\t\t\t\t\t\t\t\t\t<span class=\"elementor-button-text\">Env\u00eda tu solicitud<\/span>\n\t\t\t\t\t\t\t\t\t\t\t\t\t<\/span>\n\t\t\t\t\t<\/button>\n\t\t\t\t<\/div>\n\t\t\t<\/div>\n\t\t<\/form>\n\t\t\t\t\t\t<\/div>\n\t\t\t\t<\/div>\n\t\t\t\t<\/div>\n\t\t\t\t<\/div>\n\t\t\t\t<\/div>\n\t\t","protected":false},"excerpt":{"rendered":"<p>Obt\u00e9n tu presupuesto de Dragon Study Tours: precios personalizados para grupos en Hua Hin Solicita tu presupuesto para los viajes [&hellip;]<\/p>\n","protected":false},"author":2,"featured_media":13342,"parent":0,"menu_order":0,"comment_status":"closed","ping_status":"closed","template":"","meta":{"_acf_changed":false,"site-sidebar-layout":"no-sidebar","site-content-layout":"","ast-site-content-layout":"full-width-container","site-content-style":"default","site-sidebar-style":"default","ast-global-header-display":"","ast-banner-title-visibility":"","ast-main-header-display":"","ast-hfb-above-header-display":"","ast-hfb-below-header-display":"","ast-hfb-mobile-header-display":"","site-post-title":"disabled","ast-breadcrumbs-content":"","ast-featured-img":"disabled","footer-sml-layout":"","ast-disable-related-posts":"","theme-transparent-header-meta":"default","adv-header-id-meta":"","stick-header-meta":"","header-above-stick-meta":"","header-main-stick-meta":"","header-below-stick-meta":"","astra-migrate-meta-layouts":"default","ast-page-background-enabled":"default","ast-page-background-meta":{"desktop":{"background-color":"var(--ast-global-color-5)","background-image":"","background-repeat":"repeat","background-position":"center center","background-size":"auto","background-attachment":"scroll","background-type":"","background-media":"","overlay-type":"","overlay-color":"","overlay-opacity":"","overlay-gradient":""},"tablet":{"background-color":"","background-image":"","background-repeat":"repeat","background-position":"center center","background-size":"auto","background-attachment":"scroll","background-type":"","background-media":"","overlay-type":"","overlay-color":"","overlay-opacity":"","overlay-gradient":""},"mobile":{"background-color":"","background-image":"","background-repeat":"repeat","background-position":"center center","background-size":"auto","background-attachment":"scroll","background-type":"","background-media":"","overlay-type":"","overlay-color":"","overlay-opacity":"","overlay-gradient":""}},"ast-content-background-meta":{"desktop":{"background-color":"var(--ast-global-color-4)","background-image":"","background-repeat":"repeat","background-position":"center center","background-size":"auto","background-attachment":"scroll","background-type":"","background-media":"","overlay-type":"","overlay-color":"","overlay-opacity":"","overlay-gradient":""},"tablet":{"background-color":"var(--ast-global-color-4)","background-image":"","background-repeat":"repeat","background-position":"center center","background-size":"auto","background-attachment":"scroll","background-type":"","background-media":"","overlay-type":"","overlay-color":"","overlay-opacity":"","overlay-gradient":""},"mobile":{"background-color":"var(--ast-global-color-4)","background-image":"","background-repeat":"repeat","background-position":"center center","background-size":"auto","background-attachment":"scroll","background-type":"","background-media":"","overlay-type":"","overlay-color":"","overlay-opacity":"","overlay-gradient":""}},"footnotes":""},"class_list":["post-16687","page","type-page","status-publish","has-post-thumbnail","hentry"],"acf":[],"_links":{"self":[{"href":"https:\/\/dragonstudy.org\/es\/wp-json\/wp\/v2\/pages\/16687","targetHints":{"allow":["GET"]}}],"collection":[{"href":"https:\/\/dragonstudy.org\/es\/wp-json\/wp\/v2\/pages"}],"about":[{"href":"https:\/\/dragonstudy.org\/es\/wp-json\/wp\/v2\/types\/page"}],"author":[{"embeddable":true,"href":"https:\/\/dragonstudy.org\/es\/wp-json\/wp\/v2\/users\/2"}],"replies":[{"embeddable":true,"href":"https:\/\/dragonstudy.org\/es\/wp-json\/wp\/v2\/comments?post=16687"}],"version-history":[{"count":3,"href":"https:\/\/dragonstudy.org\/es\/wp-json\/wp\/v2\/pages\/16687\/revisions"}],"predecessor-version":[{"id":17115,"href":"https:\/\/dragonstudy.org\/es\/wp-json\/wp\/v2\/pages\/16687\/revisions\/17115"}],"wp:featuredmedia":[{"embeddable":true,"href":"https:\/\/dragonstudy.org\/es\/wp-json\/wp\/v2\/media\/13342"}],"wp:attachment":[{"href":"https:\/\/dragonstudy.org\/es\/wp-json\/wp\/v2\/media?parent=16687"}],"curies":[{"name":"wp","href":"https:\/\/api.w.org\/{rel}","templated":true}]}}