{"id":16673,"date":"2025-02-23T04:59:05","date_gmt":"2025-02-22T21:59:05","guid":{"rendered":"https:\/\/dragonstudy.org\/politica-medica-y-de-enfermedades\/"},"modified":"2025-12-21T14:07:26","modified_gmt":"2025-12-21T07:07:26","slug":"politica-medica-y-de-enfermedades","status":"publish","type":"page","link":"https:\/\/dragonstudy.org\/es\/politica-medica-y-de-enfermedades\/","title":{"rendered":"Pol\u00edtica M\u00e9dica y de Enfermedades"},"content":{"rendered":"\t\t<div data-elementor-type=\"wp-page\" data-elementor-id=\"16673\" class=\"elementor elementor-16673 elementor-1729\" data-elementor-post-type=\"page\">\n\t\t\t\t<div class=\"elementor-element elementor-element-f3e0060 e-flex e-con-boxed e-con e-parent\" data-id=\"f3e0060\" data-element_type=\"container\" data-e-type=\"container\" data-settings=\"{&quot;background_background&quot;:&quot;classic&quot;}\">\n\t\t\t\t\t<div class=\"e-con-inner\">\n\t\t<div class=\"elementor-element elementor-element-8ac2037 e-con-full e-flex e-con e-child\" data-id=\"8ac2037\" data-element_type=\"container\" data-e-type=\"container\">\n\t\t\t\t<div class=\"elementor-element elementor-element-5c61f9f elementor-icon-list--layout-inline elementor-align-center elementor-list-item-link-full_width elementor-widget elementor-widget-icon-list\" data-id=\"5c61f9f\" data-element_type=\"widget\" data-e-type=\"widget\" data-widget_type=\"icon-list.default\">\n\t\t\t\t<div class=\"elementor-widget-container\">\n\t\t\t\t\t\t\t<ul class=\"elementor-icon-list-items elementor-inline-items\">\n\t\t\t\t\t\t\t<li class=\"elementor-icon-list-item elementor-inline-item\">\n\t\t\t\t\t\t\t\t\t\t\t<a href=\"https:\/\/dragonstudy.org\/es\/\">\n\n\t\t\t\t\t\t\t\t\t\t\t<span class=\"elementor-icon-list-text\">Inicio<\/span>\n\t\t\t\t\t\t\t\t\t\t\t<\/a>\n\t\t\t\t\t\t\t\t\t<\/li>\n\t\t\t\t\t\t\t\t<li class=\"elementor-icon-list-item elementor-inline-item\">\n\t\t\t\t\t\t\t\t\t\t<span class=\"elementor-icon-list-text\">\/<\/span>\n\t\t\t\t\t\t\t\t\t<\/li>\n\t\t\t\t\t\t\t\t<li class=\"elementor-icon-list-item elementor-inline-item\">\n\t\t\t\t\t\t\t\t\t\t<span class=\"elementor-icon-list-text\">Pol\u00edtica M\u00e9dica y de Enfermedades<\/span>\n\t\t\t\t\t\t\t\t\t<\/li>\n\t\t\t\t\t\t<\/ul>\n\t\t\t\t\t\t<\/div>\n\t\t\t\t<\/div>\n\t\t\t\t<\/div>\n\t\t\t\t\t<\/div>\n\t\t\t\t<\/div>\n\t\t<div class=\"elementor-element elementor-element-1f9ef35 e-flex e-con-boxed e-con e-parent\" data-id=\"1f9ef35\" data-element_type=\"container\" data-e-type=\"container\">\n\t\t\t\t\t<div class=\"e-con-inner\">\n\t\t<div class=\"elementor-element elementor-element-605e50d e-con-full e-flex e-con e-child\" data-id=\"605e50d\" data-element_type=\"container\" data-e-type=\"container\">\n\t\t\t\t<div class=\"elementor-element elementor-element-34fba39 elementor-widget elementor-widget-text-editor\" data-id=\"34fba39\" data-element_type=\"widget\" data-e-type=\"widget\" data-widget_type=\"text-editor.default\">\n\t\t\t\t<div class=\"elementor-widget-container\">\n\t\t\t\t\t\t\t\t\t<h2><b>1. Preparativos de salud previos a la salida<\/b><\/h2><ul><li style=\"font-weight: 400;\" aria-level=\"1\"><b>Divulgaci\u00f3n m\u00e9dica:<\/b><span style=\"font-weight: 400;\"> Todos los participantes deben revelar cualquier condici\u00f3n m\u00e9dica preexistente, alergias o restricciones diet\u00e9ticas al menos <\/span><b>30 d\u00edas antes de su llegada<\/b><span style=\"font-weight: 400;\">. Esta informaci\u00f3n es crucial para garantizar la atenci\u00f3n y las adaptaciones adecuadas durante el programa.<\/span><\/li><li style=\"font-weight: 400;\" aria-level=\"1\"><b>Vacunaciones y precauciones sanitarias:<\/b><span style=\"font-weight: 400;\"> Los participantes deben consultar a su proveedor sanitario o a un especialista en salud de viaje para recibir las vacunas recomendadas y los consejos de salud pertinentes para viajar en Tailandia.<\/span><\/li><\/ul><h2><b>2. Requisitos de seguro m\u00e9dico<\/b><\/h2><ul><li style=\"font-weight: 400;\" aria-level=\"1\"><b>Cobertura obligatoria:<\/b><span style=\"font-weight: 400;\"> Los participantes deben obtener un seguro de viaje y m\u00e9dico completo que cubra:<\/span><ul><li style=\"font-weight: 400;\" aria-level=\"2\"><span style=\"font-weight: 400;\">Emergencias m\u00e9dicas<\/span><\/li><li style=\"font-weight: 400;\" aria-level=\"2\"><span style=\"font-weight: 400;\">Hospitalizaci\u00f3n<\/span><\/li><li style=\"font-weight: 400;\" aria-level=\"2\"><span style=\"font-weight: 400;\">Evacuaci\u00f3n m\u00e9dica<\/span><\/li><li style=\"font-weight: 400;\" aria-level=\"2\"><span style=\"font-weight: 400;\">Repatriaci\u00f3n<\/span><\/li><\/ul><\/li><li style=\"font-weight: 400;\" aria-level=\"1\"><b>Prueba de seguro:<\/b><span style=\"font-weight: 400;\"> Una copia de la p\u00f3liza de seguro, incluyendo los n\u00fameros de contacto de emergencia, debe presentarse a <\/span><b>Dragon Study Tours<\/b><span style=\"font-weight: 400;\"> a m\u00e1s tardar <\/span><b>30 d\u00edas antes de la<\/b> <span style=\"font-weight: 400;\">llegada.<\/span><\/li><\/ul><h2><b>3. Gesti\u00f3n de la Salud en el Programa<\/b><\/h2><ul><li style=\"font-weight: 400;\" aria-level=\"1\"><b>Atenci\u00f3n inmediata:<\/b><span style=\"font-weight: 400;\"> En caso de enfermedad o lesi\u00f3n, los participantes ser\u00e1n acompa\u00f1ados por un miembro del equipo de <\/span> Dragon <b>Study Tours<\/b><span style=\"font-weight: 400;\"> y su l\u00edder de grupo a un centro sanitario local para su evaluaci\u00f3n y tratamiento.<\/span><\/li><li style=\"font-weight: 400;\" aria-level=\"1\"><b>Gastos m\u00e9dicos:<\/b><span style=\"font-weight: 400;\">  Todos los gastos m\u00e9dicos incurridos, incluido el transporte a las instalaciones m\u00e9dicas, son responsabilidad del participante. Los participantes deben asegurarse de que su p\u00f3liza de seguro proporcione una cobertura adecuada y estar preparados para cubrir los costes por adelantado, solicitando el reembolso de su aseguradora seg\u00fan sea necesario. <\/span><\/li><li style=\"font-weight: 400;\" aria-level=\"1\"><b>Comunicaci\u00f3n:<\/b><span style=\"font-weight: 400;\"> El <\/span> equipo de <b>Dragon Study Tours<\/b><span style=\"font-weight: 400;\"> informar\u00e1 r\u00e1pidamente al contacto de emergencia del participante y al colegio o agente sobre cualquier problema o incidente de salud significativo.<\/span><\/li><\/ul><h2><b>4. Gesti\u00f3n de la medicaci\u00f3n<\/b><\/h2><ul><li style=\"font-weight: 400;\" aria-level=\"1\"><b>Medicamentos personales:<\/b><span style=\"font-weight: 400;\">  Los participantes deben llevar un suministro adecuado de cualquier medicamento recetado, almacenado en su embalaje original. Es recomendable llevar una copia de la receta y una carta del m\u00e9dico que te lo ha hecho detallar la condici\u00f3n m\u00e9dica y el r\u00e9gimen de medicaci\u00f3n. <\/span><\/li><li style=\"font-weight: 400;\" aria-level=\"1\"><b>Medicamentos de venta libre:<\/b><span style=\"font-weight: 400;\"> Aunque existen medicamentos b\u00e1sicos de venta libre, los participantes con preferencias o necesidades espec\u00edficas deben traer sus propios suministros.<\/span><\/li><\/ul><h2><b>5. Necesidades diet\u00e9ticas especiales<\/b><\/h2><ul><li style=\"font-weight: 400;\" aria-level=\"1\"><b>Notificaci\u00f3n anticipada:<\/b><span style=\"font-weight: 400;\"> Los participantes con necesidades diet\u00e9ticas especiales deben informar <\/span><b>a Dragon Study Tours<\/b><span style=\"font-weight: 400;\"> con al menos <\/span><b>14 d\u00edas de antelaci\u00f3n a la llegada<\/b><span style=\"font-weight: 400;\">. Aunque se har\u00e1n esfuerzos para atender estas necesidades, se recomienda que los participantes con estrictas restricciones diet\u00e9ticas lleven tentempi\u00e9s o alimentos suplementarios.<\/span><\/li><\/ul><h2><b>6. Protocolos de emergencia<\/b><\/h2><ul><li style=\"font-weight: 400;\" aria-level=\"1\"><b>Enfermedad o lesi\u00f3n grave:<\/b><span style=\"font-weight: 400;\"> En casos de enfermedad grave o lesi\u00f3n que requiera hospitalizaci\u00f3n o evacuaci\u00f3n m\u00e9dica, <\/span><b>Dragon Study Tours<\/b><span style=\"font-weight: 400;\"> coordinar\u00e1 con los servicios m\u00e9dicos locales y el proveedor de seguros del participante para facilitar la atenci\u00f3n necesaria.<\/span><\/li><li style=\"font-weight: 400;\" aria-level=\"1\"><b>Evacuaci\u00f3n m\u00e9dica:<\/b><span style=\"font-weight: 400;\">  Si se considera necesaria la evacuaci\u00f3n m\u00e9dica, todos los costes asociados son responsabilidad del participante. Es imprescindible que la p\u00f3liza de seguro del participante cubra estos escenarios. <\/span><\/li><\/ul><h2><b>7. Responsabilidades de los participantes<\/b><\/h2><ul><li style=\"font-weight: 400;\" aria-level=\"1\"><b>Precauciones sanitarias:<\/b><span style=\"font-weight: 400;\"> Se espera que los participantes tomen medidas proactivas para mantener su salud, incluyendo mantenerse hidratados, practicar una buena higiene y cumplir con las directrices de seguridad proporcionadas por el <\/span> equipo <b>de Dragon Study<\/b><span style=\"font-weight: 400;\">Tours.<\/span><\/li><li style=\"font-weight: 400;\" aria-level=\"1\"><b>Expectativas de comportamiento:<\/b><span style=\"font-weight: 400;\"> Participar en actividades que comprometan intencionadamente la salud o seguridad de una persona o la de otros, puede resultar en la expulsi\u00f3n del programa sin reembolso.<\/span><\/li><\/ul><h2><b>8. Confidencialidad<\/b><\/h2><ul><li style=\"font-weight: 400;\" aria-level=\"1\"><b>Garant\u00eda de privacidad:<\/b><span style=\"font-weight: 400;\"> Toda la informaci\u00f3n m\u00e9dica proporcionada por los participantes ser\u00e1 tratada con estricta confidencialidad y compartida \u00fanicamente con el personal directamente responsable del cuidado y el bienestar del participante.<\/span><\/li><\/ul><p><span style=\"font-weight: 400;\">Esta pol\u00edtica est\u00e1 dise\u00f1ada para garantizar un entorno seguro y de apoyo para todos los participantes. El cumplimiento de estas directrices es esencial para el bienestar tanto de los participantes como del personal. <\/span><\/p><p><span style=\"font-weight: 400;\">Si tienes m\u00e1s preguntas o necesitas informaci\u00f3n adicional, no dudes en preguntar.<\/span><\/p>\t\t\t\t\t\t\t\t<\/div>\n\t\t\t\t<\/div>\n\t\t\t\t<\/div>\n\t\t\t\t\t<\/div>\n\t\t\t\t<\/div>\n\t\t\t\t<\/div>\n\t\t","protected":false},"excerpt":{"rendered":"<p>Inicio \/ Pol\u00edtica M\u00e9dica y de Enfermedades 1. Preparativos de salud previos a la salida Divulgaci\u00f3n m\u00e9dica: Todos los participantes [&hellip;]<\/p>\n","protected":false},"author":2,"featured_media":16665,"parent":0,"menu_order":0,"comment_status":"closed","ping_status":"closed","template":"","meta":{"_acf_changed":false,"site-sidebar-layout":"no-sidebar","site-content-layout":"","ast-site-content-layout":"full-width-container","site-content-style":"default","site-sidebar-style":"default","ast-global-header-display":"","ast-banner-title-visibility":"","ast-main-header-display":"","ast-hfb-above-header-display":"","ast-hfb-below-header-display":"","ast-hfb-mobile-header-display":"","site-post-title":"disabled","ast-breadcrumbs-content":"","ast-featured-img":"disabled","footer-sml-layout":"","ast-disable-related-posts":"","theme-transparent-header-meta":"default","adv-header-id-meta":"","stick-header-meta":"","header-above-stick-meta":"","header-main-stick-meta":"","header-below-stick-meta":"","astra-migrate-meta-layouts":"default","ast-page-background-enabled":"default","ast-page-background-meta":{"desktop":{"background-color":"var(--ast-global-color-5)","background-image":"","background-repeat":"repeat","background-position":"center center","background-size":"auto","background-attachment":"scroll","background-type":"","background-media":"","overlay-type":"","overlay-color":"","overlay-opacity":"","overlay-gradient":""},"tablet":{"background-color":"","background-image":"","background-repeat":"repeat","background-position":"center center","background-size":"auto","background-attachment":"scroll","background-type":"","background-media":"","overlay-type":"","overlay-color":"","overlay-opacity":"","overlay-gradient":""},"mobile":{"background-color":"","background-image":"","background-repeat":"repeat","background-position":"center center","background-size":"auto","background-attachment":"scroll","background-type":"","background-media":"","overlay-type":"","overlay-color":"","overlay-opacity":"","overlay-gradient":""}},"ast-content-background-meta":{"desktop":{"background-color":"var(--ast-global-color-4)","background-image":"","background-repeat":"repeat","background-position":"center center","background-size":"auto","background-attachment":"scroll","background-type":"","background-media":"","overlay-type":"","overlay-color":"","overlay-opacity":"","overlay-gradient":""},"tablet":{"background-color":"var(--ast-global-color-4)","background-image":"","background-repeat":"repeat","background-position":"center center","background-size":"auto","background-attachment":"scroll","background-type":"","background-media":"","overlay-type":"","overlay-color":"","overlay-opacity":"","overlay-gradient":""},"mobile":{"background-color":"var(--ast-global-color-4)","background-image":"","background-repeat":"repeat","background-position":"center center","background-size":"auto","background-attachment":"scroll","background-type":"","background-media":"","overlay-type":"","overlay-color":"","overlay-opacity":"","overlay-gradient":""}},"footnotes":""},"class_list":["post-16673","page","type-page","status-publish","has-post-thumbnail","hentry"],"acf":[],"_links":{"self":[{"href":"https:\/\/dragonstudy.org\/es\/wp-json\/wp\/v2\/pages\/16673","targetHints":{"allow":["GET"]}}],"collection":[{"href":"https:\/\/dragonstudy.org\/es\/wp-json\/wp\/v2\/pages"}],"about":[{"href":"https:\/\/dragonstudy.org\/es\/wp-json\/wp\/v2\/types\/page"}],"author":[{"embeddable":true,"href":"https:\/\/dragonstudy.org\/es\/wp-json\/wp\/v2\/users\/2"}],"replies":[{"embeddable":true,"href":"https:\/\/dragonstudy.org\/es\/wp-json\/wp\/v2\/comments?post=16673"}],"version-history":[{"count":1,"href":"https:\/\/dragonstudy.org\/es\/wp-json\/wp\/v2\/pages\/16673\/revisions"}],"predecessor-version":[{"id":16675,"href":"https:\/\/dragonstudy.org\/es\/wp-json\/wp\/v2\/pages\/16673\/revisions\/16675"}],"wp:featuredmedia":[{"embeddable":true,"href":"https:\/\/dragonstudy.org\/es\/wp-json\/wp\/v2\/media\/16665"}],"wp:attachment":[{"href":"https:\/\/dragonstudy.org\/es\/wp-json\/wp\/v2\/media?parent=16673"}],"curies":[{"name":"wp","href":"https:\/\/api.w.org\/{rel}","templated":true}]}}