{"id":16658,"date":"2025-03-01T05:47:38","date_gmt":"2025-02-28T22:47:38","guid":{"rendered":"https:\/\/dragonstudy.org\/politica-de-telefonia-movil\/"},"modified":"2025-12-21T14:06:08","modified_gmt":"2025-12-21T07:06:08","slug":"politica-de-telefonia-movil","status":"publish","type":"page","link":"https:\/\/dragonstudy.org\/es\/politica-de-telefonia-movil\/","title":{"rendered":"Pol\u00edtica de Telefon\u00eda M\u00f3vil"},"content":{"rendered":"\t\t<div data-elementor-type=\"wp-page\" data-elementor-id=\"16658\" class=\"elementor elementor-16658 elementor-2701\" data-elementor-post-type=\"page\">\n\t\t\t\t<div class=\"elementor-element elementor-element-1e721cd e-flex e-con-boxed e-con e-parent\" data-id=\"1e721cd\" data-element_type=\"container\" data-e-type=\"container\" data-settings=\"{&quot;background_background&quot;:&quot;classic&quot;}\">\n\t\t\t\t\t<div class=\"e-con-inner\">\n\t\t<div class=\"elementor-element elementor-element-0a24ef4 e-con-full e-flex e-con e-child\" data-id=\"0a24ef4\" data-element_type=\"container\" data-e-type=\"container\">\n\t\t\t\t<div class=\"elementor-element elementor-element-b9c1fcb elementor-widget elementor-widget-heading\" data-id=\"b9c1fcb\" data-element_type=\"widget\" data-e-type=\"widget\" data-widget_type=\"heading.default\">\n\t\t\t\t<div class=\"elementor-widget-container\">\n\t\t\t\t\t<p class=\"elementor-heading-title elementor-size-default\">Ayudar a los estudiantes a mantenerse concentrados, comprometidos y progresando de verdad<\/p>\t\t\t\t<\/div>\n\t\t\t\t<\/div>\n\t\t\t\t<\/div>\n\t\t\t\t\t<\/div>\n\t\t\t\t<\/div>\n\t\t<div class=\"elementor-element elementor-element-272c6f6 e-flex e-con-boxed e-con e-parent\" data-id=\"272c6f6\" data-element_type=\"container\" data-e-type=\"container\">\n\t\t\t\t\t<div class=\"e-con-inner\">\n\t\t<div class=\"elementor-element elementor-element-aaf191f e-con-full e-flex e-con e-child\" data-id=\"aaf191f\" data-element_type=\"container\" data-e-type=\"container\">\n\t\t\t\t<div class=\"elementor-element elementor-element-1ca2132 elementor-widget elementor-widget-text-editor\" data-id=\"1ca2132\" data-element_type=\"widget\" data-e-type=\"widget\" data-widget_type=\"text-editor.default\">\n\t\t\t\t<div class=\"elementor-widget-container\">\n\t\t\t\t\t\t\t\t\t<p><span style=\"font-weight: 400;\">En Dragon Study Tours, estamos comprometidos a crear un entorno inmersivo y libre de distracciones donde los estudiantes puedan centrarse en mejorar sus habilidades de comunicaci\u00f3n, construir confianza y aprovechar al m\u00e1ximo su experiencia. Para mantener esto, hemos implementado una estricta pol\u00edtica sobre la telefon\u00eda m\u00f3vil, &nbsp;<\/span><b>modelado seg\u00fan el enfoque utilizado en Eton College, una de las escuelas l\u00edderes del Reino Unido.<\/b><\/p>\n<p><span style=\"font-weight: 400;\">Eton ha reconocido desde hace tiempo la importancia de minimizar las distracciones digitales para fomentar una mejor comunicaci\u00f3n, concentraci\u00f3n y desarrollo personal. Su pol\u00edtica garantiza que los estudiantes participen plenamente en el aprendizaje en lugar de depender de sus tel\u00e9fonos. En Dragon Study Tours, seguimos esta misma filosof\u00eda para ayudar a los estudiantes a maximizar su potencial y lograr un progreso real en ingl\u00e9s.  <\/span><\/p>\n<h3><ol><li><b>  No se permiten tel\u00e9fonos m\u00f3viles en el centro de idiomas<\/b><\/li><\/ol><\/h3>\n<ul>\n<li style=\"font-weight: 400;\" aria-level=\"1\"><span style=\"font-weight: 400;\">Los estudiantes no deben llevar tel\u00e9fonos m\u00f3viles al Centro de Idiomas.<\/span><\/li>\n<li style=\"font-weight: 400;\" aria-level=\"1\"><span style=\"font-weight: 400;\">Los tel\u00e9fonos deben guardarse en la caja segura de seguridad en su alojamiento antes de que comiencen las clases a las 08:30.<\/span><\/li>\n<li style=\"font-weight: 400;\" aria-level=\"1\"><span style=\"font-weight: 400;\">Las habitaciones estar\u00e1n cerradas y el personal de DST supervisar\u00e1 el acceso para garantizar el cumplimiento.<\/span><\/li>\n<\/ul>\n<h3><ol start=\"2\"><li><b>  Tiempos de acceso a tel\u00e9fonos m\u00f3viles<\/b><\/li><\/ol><\/h3>\n<ul>\n<li style=\"font-weight: 400;\" aria-level=\"1\"><span style=\"font-weight: 400;\">Los tel\u00e9fonos se devolver\u00e1n a las 11:40, despu\u00e9s de las clases, permitiendo 15 minutos para que los estudiantes revisen mensajes y respondan a los padres antes de que comiencen las excursiones o actividades vespertinas.<\/span><\/li>\n<li style=\"font-weight: 400;\" aria-level=\"1\"><span style=\"font-weight: 400;\">Se pueden usar tel\u00e9fonos por las tardes en el alojamiento, pero se anima a los estudiantes a priorizar el descanso y el tiempo alejados de las pantallas.<\/span><\/li>\n<\/ul>\n<h3><ol start=\"3\"><li><b>  El papel de los l\u00edderes de grupo y los agentes de viajes de idiomas<\/b><\/li><\/ol><\/h3>\n<p><span style=\"font-weight: 400;\">Instamos a los l\u00edderes del grupo a ayudar a hacer cumplir esta pol\u00edtica y esperamos que los agentes de viajes por idiomas la expliquen detalladamente a los padres antes de comprometerse con una reserva. Es esencial que todas las partes comprendan y respeten nuestro enfoque. <\/span><\/p>\n<p><span style=\"font-weight: 400;\">Esta pol\u00edtica no es opcional: la tomamos muy en serio porque queremos:<\/span><\/p>\n<ul>\n<li style=\"font-weight: 400;\" aria-level=\"1\"><span style=\"font-weight: 400;\">Los padres quieren lograr una buena relaci\u00f3n calidad-precio: est\u00e1n invirtiendo en la educaci\u00f3n y el desarrollo personal de sus hijos.<\/span><\/li>\n<li style=\"font-weight: 400;\" aria-level=\"1\"><span style=\"font-weight: 400;\">Los estudiantes deben mejorar su ingl\u00e9s: el uso constante del tel\u00e9fono m\u00f3vil dificulta el progreso, reduciendo los beneficios del aprendizaje inmersivo.<\/span><\/li>\n<\/ul>\n<p><span style=\"font-weight: 400;\">Eton College aplica medidas similares para garantizar que los estudiantes desarrollen s\u00f3lidas habilidades de comunicaci\u00f3n, disciplina e independencia, cualidades esenciales para el crecimiento acad\u00e9mico y personal. Siguiendo su modelo, garantizamos que los estudiantes de Dragon Study Tours reciban el mismo alto nivel de educaci\u00f3n inmersiva. <\/span><\/p>\n<h3><ol start=\"4\"><li><b>  Contacto de emergencia para padres<\/b><\/li><\/ol><\/h3>\n<ul>\n<li style=\"font-weight: 400;\" aria-level=\"1\"><span style=\"font-weight: 400;\">Los padres recibir\u00e1n n\u00fameros de contacto de emergencia para que el equipo de DST pueda contactar con los estudiantes si es necesario.<\/span><\/li>\n<li style=\"font-weight: 400;\" aria-level=\"1\"><span style=\"font-weight: 400;\">Si es necesaria una comunicaci\u00f3n urgente durante las horas de clase, nuestro personal facilitar\u00e1 esta comunicaci\u00f3n.<\/span><\/li>\n<\/ul>\n<h3><ol start=\"5\"><li><b>  Consecuencias por incumplimiento<\/b><\/li><\/ol><\/h3>\n<ul>\n<li style=\"font-weight: 400;\" aria-level=\"1\"><span style=\"font-weight: 400;\">Cualquier estudiante que lleve un tel\u00e9fono al Centro de Idiomas ver\u00e1 su dispositivo confiscado.<\/span><\/li>\n<li style=\"font-weight: 400;\" aria-level=\"1\"><span style=\"font-weight: 400;\">Las infracciones repetidas pueden conllevar m\u00e1s restricciones a discreci\u00f3n del equipo de DST.<\/span><\/li>\n<\/ul>\n<p><span style=\"font-weight: 400;\">Esta pol\u00edtica es innegociable porque estamos comprometidos a garantizar que cada estudiante aproveche al m\u00e1ximo su experiencia con nosotros. Eton College ha demostrado que limitar el uso del tel\u00e9fono m\u00f3vil conduce a mejores resultados acad\u00e9micos, mayor disciplina y un entorno de aprendizaje m\u00e1s enfocado. Seguimos esta mejor pr\u00e1ctica porque queremos que cada estudiante salga de Dragon Study Tours con un ingl\u00e9s mejorado y un progreso significativo en sus habilidades comunicativas.<\/span><\/p>\t\t\t\t\t\t\t\t<\/div>\n\t\t\t\t<\/div>\n\t\t\t\t<\/div>\n\t\t\t\t\t<\/div>\n\t\t\t\t<\/div>\n\t\t\t\t<\/div>\n\t\t","protected":false},"excerpt":{"rendered":"<p>Ayudar a los estudiantes a mantenerse concentrados, comprometidos y progresando de verdad En Dragon Study Tours, estamos comprometidos a crear [&hellip;]<\/p>\n","protected":false},"author":2,"featured_media":0,"parent":0,"menu_order":0,"comment_status":"closed","ping_status":"closed","template":"","meta":{"_acf_changed":false,"site-sidebar-layout":"no-sidebar","site-content-layout":"","ast-site-content-layout":"full-width-container","site-content-style":"default","site-sidebar-style":"default","ast-global-header-display":"","ast-banner-title-visibility":"","ast-main-header-display":"","ast-hfb-above-header-display":"","ast-hfb-below-header-display":"","ast-hfb-mobile-header-display":"","site-post-title":"disabled","ast-breadcrumbs-content":"","ast-featured-img":"disabled","footer-sml-layout":"","ast-disable-related-posts":"","theme-transparent-header-meta":"default","adv-header-id-meta":"","stick-header-meta":"","header-above-stick-meta":"","header-main-stick-meta":"","header-below-stick-meta":"","astra-migrate-meta-layouts":"default","ast-page-background-enabled":"default","ast-page-background-meta":{"desktop":{"background-color":"var(--ast-global-color-5)","background-image":"","background-repeat":"repeat","background-position":"center center","background-size":"auto","background-attachment":"scroll","background-type":"","background-media":"","overlay-type":"","overlay-color":"","overlay-opacity":"","overlay-gradient":""},"tablet":{"background-color":"","background-image":"","background-repeat":"repeat","background-position":"center center","background-size":"auto","background-attachment":"scroll","background-type":"","background-media":"","overlay-type":"","overlay-color":"","overlay-opacity":"","overlay-gradient":""},"mobile":{"background-color":"","background-image":"","background-repeat":"repeat","background-position":"center center","background-size":"auto","background-attachment":"scroll","background-type":"","background-media":"","overlay-type":"","overlay-color":"","overlay-opacity":"","overlay-gradient":""}},"ast-content-background-meta":{"desktop":{"background-color":"var(--ast-global-color-4)","background-image":"","background-repeat":"repeat","background-position":"center center","background-size":"auto","background-attachment":"scroll","background-type":"","background-media":"","overlay-type":"","overlay-color":"","overlay-opacity":"","overlay-gradient":""},"tablet":{"background-color":"var(--ast-global-color-4)","background-image":"","background-repeat":"repeat","background-position":"center center","background-size":"auto","background-attachment":"scroll","background-type":"","background-media":"","overlay-type":"","overlay-color":"","overlay-opacity":"","overlay-gradient":""},"mobile":{"background-color":"var(--ast-global-color-4)","background-image":"","background-repeat":"repeat","background-position":"center center","background-size":"auto","background-attachment":"scroll","background-type":"","background-media":"","overlay-type":"","overlay-color":"","overlay-opacity":"","overlay-gradient":""}},"footnotes":""},"class_list":["post-16658","page","type-page","status-publish","hentry"],"acf":[],"_links":{"self":[{"href":"https:\/\/dragonstudy.org\/es\/wp-json\/wp\/v2\/pages\/16658","targetHints":{"allow":["GET"]}}],"collection":[{"href":"https:\/\/dragonstudy.org\/es\/wp-json\/wp\/v2\/pages"}],"about":[{"href":"https:\/\/dragonstudy.org\/es\/wp-json\/wp\/v2\/types\/page"}],"author":[{"embeddable":true,"href":"https:\/\/dragonstudy.org\/es\/wp-json\/wp\/v2\/users\/2"}],"replies":[{"embeddable":true,"href":"https:\/\/dragonstudy.org\/es\/wp-json\/wp\/v2\/comments?post=16658"}],"version-history":[{"count":1,"href":"https:\/\/dragonstudy.org\/es\/wp-json\/wp\/v2\/pages\/16658\/revisions"}],"predecessor-version":[{"id":16659,"href":"https:\/\/dragonstudy.org\/es\/wp-json\/wp\/v2\/pages\/16658\/revisions\/16659"}],"wp:attachment":[{"href":"https:\/\/dragonstudy.org\/es\/wp-json\/wp\/v2\/media?parent=16658"}],"curies":[{"name":"wp","href":"https:\/\/api.w.org\/{rel}","templated":true}]}}