{"id":16649,"date":"2025-03-01T13:20:53","date_gmt":"2025-03-01T06:20:53","guid":{"rendered":"https:\/\/dragonstudy.org\/politica-de-pagos\/"},"modified":"2025-12-21T14:04:00","modified_gmt":"2025-12-21T07:04:00","slug":"politica-de-pagos","status":"publish","type":"page","link":"https:\/\/dragonstudy.org\/es\/politica-de-pagos\/","title":{"rendered":"Pol\u00edtica de Pagos"},"content":{"rendered":"\t\t<div data-elementor-type=\"wp-page\" data-elementor-id=\"16649\" class=\"elementor elementor-16649 elementor-2776\" data-elementor-post-type=\"page\">\n\t\t\t\t<div class=\"elementor-element elementor-element-04abb3b e-flex e-con-boxed e-con e-parent\" data-id=\"04abb3b\" data-element_type=\"container\" data-e-type=\"container\" data-settings=\"{&quot;background_background&quot;:&quot;classic&quot;}\">\n\t\t\t\t\t<div class=\"e-con-inner\">\n\t\t<div class=\"elementor-element elementor-element-2b9dc55 e-con-full e-flex e-con e-child\" data-id=\"2b9dc55\" data-element_type=\"container\" data-e-type=\"container\">\n\t\t\t\t<div class=\"elementor-element elementor-element-6f61d3a elementor-widget elementor-widget-heading\" data-id=\"6f61d3a\" data-element_type=\"widget\" data-e-type=\"widget\" data-widget_type=\"heading.default\">\n\t\t\t\t<div class=\"elementor-widget-container\">\n\t\t\t\t\t<p class=\"elementor-heading-title elementor-size-default\">T\u00e9rminos y condiciones de pago: dep\u00f3sitos, saldos y m\u00e9todos aceptados<\/p>\t\t\t\t<\/div>\n\t\t\t\t<\/div>\n\t\t\t\t<\/div>\n\t\t\t\t\t<\/div>\n\t\t\t\t<\/div>\n\t\t<div class=\"elementor-element elementor-element-cb0df70 e-flex e-con-boxed e-con e-parent\" data-id=\"cb0df70\" data-element_type=\"container\" data-e-type=\"container\">\n\t\t\t\t\t<div class=\"e-con-inner\">\n\t\t<div class=\"elementor-element elementor-element-f0f648c e-con-full e-flex e-con e-child\" data-id=\"f0f648c\" data-element_type=\"container\" data-e-type=\"container\">\n\t\t\t\t<div class=\"elementor-element elementor-element-94ab1b5 elementor-widget elementor-widget-text-editor\" data-id=\"94ab1b5\" data-element_type=\"widget\" data-e-type=\"widget\" data-widget_type=\"text-editor.default\">\n\t\t\t\t<div class=\"elementor-widget-container\">\n\t\t\t\t\t\t\t\t\t<h1 data-start=\"104\" data-end=\"143\">Pol\u00edtica de Pagos \u2013 Dragon Study Tours<\/h1><p data-start=\"144\" data-end=\"178\">Fecha de entrada en vigor: 1 de octubre de 2025<\/p><p data-start=\"180\" data-end=\"630\"><strong data-start=\"180\" data-end=\"191\">Dep\u00f3sito<\/strong><br data-start=\"191\" data-end=\"194\">Se requiere un dep\u00f3sito del 25% para confirmar la reserva. Este dep\u00f3sito asegura las fechas de los programas de tu grupo en la residencia de The Palm.<br data-start=\"314\" data-end=\"317\">El dep\u00f3sito no es reembolsable en ninguna circunstancia.<br data-start=\"371\" data-end=\"374\">Sin embargo, puede transferirse una vez a una nueva fecha de programaci\u00f3n en un plazo de 12 meses, siempre que la solicitud se realice al menos 30 d\u00edas antes de la fecha original de llegada.<br data-start=\"531\" data-end=\"534\">En casos excepcionales, puede considerarse una segunda transferencia, pero no se permiten m\u00e1s cambios. <\/p><p data-start=\"632\" data-end=\"856\"><strong data-start=\"632\" data-end=\"643\">Equilibrar<\/strong><br data-start=\"643\" data-end=\"646\">El saldo de la cuota del programa debe pagarse \u00edntegramente a m\u00e1s tardar 28 d\u00edas antes de la llegada.<br data-start=\"737\" data-end=\"740\">Si no se recibe el pago antes de esta fecha l\u00edmite, la reserva ser\u00e1 cancelada y se perder\u00e1n todas las comisiones ya pagadas.<\/p><p data-start=\"858\" data-end=\"1256\"><strong data-start=\"858\" data-end=\"887\">Cancelaciones y reembolsos<\/strong><br data-start=\"887\" data-end=\"890\">El 25% de dep\u00f3sito siempre no es reembolsable.<br data-start=\"931\" data-end=\"934\">Cancelaci\u00f3n realizada entre 28 y 14 d\u00edas antes de la llegada: se reembolsar\u00e1 el 50% de la cuota del programa (menos el dep\u00f3sito).<br data-start=\"1049\" data-end=\"1052\">Cancelaci\u00f3n realizada 14 d\u00edas o menos antes de la llegada: no se devolver\u00e1 el dinero.<br data-start=\"1126\" data-end=\"1129\">Todos los reembolsos se procesan \u00fanicamente mediante transferencia bancaria y se completar\u00e1n en un plazo de 30 d\u00edas desde la confirmaci\u00f3n por escrito de la cancelaci\u00f3n.<\/p><p data-start=\"1258\" data-end=\"1494\"><strong data-start=\"1258\" data-end=\"1274\">Rechazo de visado<\/strong><br data-start=\"1274\" data-end=\"1277\">Si se deniega un visado, el colegio o el agente debe proporcionar una prueba oficial por escrito al menos 10 d\u00edas antes de la llegada para poder considerar el reembolso.<br data-start=\"1417\" data-end=\"1420\">Si la negativa se debe a errores del cliente, no se emitir\u00e1 reembolso.<\/p><p data-start=\"1496\" data-end=\"1963\"><strong data-start=\"1496\" data-end=\"1515\">M\u00e9todos de pago<\/strong><br data-start=\"1515\" data-end=\"1518\">Todos los pagos deben realizarse mediante transferencia bancaria en baht tailandeses (THB).<br data-start=\"1580\" data-end=\"1583\">No se aceptan tarjetas de cr\u00e9dito ni plataformas de pago digital.<br data-start=\"1643\" data-end=\"1646\">Cualquier cargo bancario o p\u00e9rdida de cambio debe ser cubierto por el pagador.<br data-start=\"1720\" data-end=\"1723\">Los pagos solo se consideran completos una vez que los fondos han ingresado en la cuenta de Dragon Study Tours y se ha enviado el comprobante de pago <a class=\"decorated-link cursor-pointer\" rel=\"noopener\" data-start=\"1863\" data-end=\"1883\">a info@dragonstudy.org<\/a>.<br data-start=\"1884\" data-end=\"1887\">Se emitir\u00e1 un recibo oficial en un plazo de 7 d\u00edas laborables desde que se dejan los fondos compensados.<\/p><p data-start=\"1965\" data-end=\"2563\"><strong data-start=\"1965\" data-end=\"1985\">Dep\u00f3sito de seguridad<\/strong><br data-start=\"1985\" data-end=\"1988\">Se requiere un dep\u00f3sito de seguridad reembolsable de 20.000 THB por grupo al llegar, pagadero en efectivo.<br data-start=\"2084\" data-end=\"2087\">Esto cubre da\u00f1os, p\u00e9rdidas o infracciones de la p\u00f3liza.<br data-start=\"2137\" data-end=\"2140\">Comprobaciones de habitaciones: El personal de Dragon Study Tours y el l\u00edder del grupo inspeccionar\u00e1n las habitaciones a la llegada y de nuevo antes de la salida. Cualquier da\u00f1o, p\u00e9rdida o infracci\u00f3n registrada durante estas inspecciones se deducir\u00e1 del dep\u00f3sito.<br data-start=\"2370\" data-end=\"2373\">Si los da\u00f1os superan los 20.000 THB, el l\u00edder del grupo debe pagar inmediatamente la cantidad adicional.<br data-start=\"2463\" data-end=\"2466\">El dep\u00f3sito se reembolsar\u00e1 en efectivo al final del programa si no se requieren deducciones. <\/p><p data-start=\"2565\" data-end=\"2712\"><strong data-start=\"2565\" data-end=\"2596\">Pagos atrasados o incompletos<\/strong><br data-start=\"2596\" data-end=\"2599\">Si los pagos est\u00e1n atrasados o incompletos, Dragon Study Tours se reserva el derecho de cancelar la reserva sin reembolso.<\/p>\t\t\t\t\t\t\t\t<\/div>\n\t\t\t\t<\/div>\n\t\t\t\t<\/div>\n\t\t\t\t\t<\/div>\n\t\t\t\t<\/div>\n\t\t\t\t<\/div>\n\t\t","protected":false},"excerpt":{"rendered":"<p>T\u00e9rminos y condiciones de pago: dep\u00f3sitos, saldos y m\u00e9todos aceptados Pol\u00edtica de Pagos \u2013 Dragon Study Tours Fecha de entrada [&hellip;]<\/p>\n","protected":false},"author":2,"featured_media":0,"parent":0,"menu_order":0,"comment_status":"closed","ping_status":"closed","template":"","meta":{"_acf_changed":false,"site-sidebar-layout":"no-sidebar","site-content-layout":"","ast-site-content-layout":"full-width-container","site-content-style":"default","site-sidebar-style":"default","ast-global-header-display":"","ast-banner-title-visibility":"","ast-main-header-display":"","ast-hfb-above-header-display":"","ast-hfb-below-header-display":"","ast-hfb-mobile-header-display":"","site-post-title":"disabled","ast-breadcrumbs-content":"","ast-featured-img":"disabled","footer-sml-layout":"","ast-disable-related-posts":"","theme-transparent-header-meta":"default","adv-header-id-meta":"","stick-header-meta":"","header-above-stick-meta":"","header-main-stick-meta":"","header-below-stick-meta":"","astra-migrate-meta-layouts":"default","ast-page-background-enabled":"default","ast-page-background-meta":{"desktop":{"background-color":"var(--ast-global-color-5)","background-image":"","background-repeat":"repeat","background-position":"center center","background-size":"auto","background-attachment":"scroll","background-type":"","background-media":"","overlay-type":"","overlay-color":"","overlay-opacity":"","overlay-gradient":""},"tablet":{"background-color":"","background-image":"","background-repeat":"repeat","background-position":"center center","background-size":"auto","background-attachment":"scroll","background-type":"","background-media":"","overlay-type":"","overlay-color":"","overlay-opacity":"","overlay-gradient":""},"mobile":{"background-color":"","background-image":"","background-repeat":"repeat","background-position":"center center","background-size":"auto","background-attachment":"scroll","background-type":"","background-media":"","overlay-type":"","overlay-color":"","overlay-opacity":"","overlay-gradient":""}},"ast-content-background-meta":{"desktop":{"background-color":"var(--ast-global-color-4)","background-image":"","background-repeat":"repeat","background-position":"center center","background-size":"auto","background-attachment":"scroll","background-type":"","background-media":"","overlay-type":"","overlay-color":"","overlay-opacity":"","overlay-gradient":""},"tablet":{"background-color":"var(--ast-global-color-4)","background-image":"","background-repeat":"repeat","background-position":"center center","background-size":"auto","background-attachment":"scroll","background-type":"","background-media":"","overlay-type":"","overlay-color":"","overlay-opacity":"","overlay-gradient":""},"mobile":{"background-color":"var(--ast-global-color-4)","background-image":"","background-repeat":"repeat","background-position":"center center","background-size":"auto","background-attachment":"scroll","background-type":"","background-media":"","overlay-type":"","overlay-color":"","overlay-opacity":"","overlay-gradient":""}},"footnotes":""},"class_list":["post-16649","page","type-page","status-publish","hentry"],"acf":[],"_links":{"self":[{"href":"https:\/\/dragonstudy.org\/es\/wp-json\/wp\/v2\/pages\/16649","targetHints":{"allow":["GET"]}}],"collection":[{"href":"https:\/\/dragonstudy.org\/es\/wp-json\/wp\/v2\/pages"}],"about":[{"href":"https:\/\/dragonstudy.org\/es\/wp-json\/wp\/v2\/types\/page"}],"author":[{"embeddable":true,"href":"https:\/\/dragonstudy.org\/es\/wp-json\/wp\/v2\/users\/2"}],"replies":[{"embeddable":true,"href":"https:\/\/dragonstudy.org\/es\/wp-json\/wp\/v2\/comments?post=16649"}],"version-history":[{"count":1,"href":"https:\/\/dragonstudy.org\/es\/wp-json\/wp\/v2\/pages\/16649\/revisions"}],"predecessor-version":[{"id":16650,"href":"https:\/\/dragonstudy.org\/es\/wp-json\/wp\/v2\/pages\/16649\/revisions\/16650"}],"wp:attachment":[{"href":"https:\/\/dragonstudy.org\/es\/wp-json\/wp\/v2\/media?parent=16649"}],"curies":[{"name":"wp","href":"https:\/\/api.w.org\/{rel}","templated":true}]}}